{"id":10949,"date":"2022-12-27T17:06:37","date_gmt":"2022-12-27T16:06:37","guid":{"rendered":"https:\/\/www.guarnibeta.net\/privacy-policy\/"},"modified":"2024-01-29T14:47:03","modified_gmt":"2024-01-29T13:47:03","slug":"datenschutzrichtlinie","status":"publish","type":"page","link":"https:\/\/www.guarnibeta.net\/de\/datenschutzrichtlinie\/","title":{"rendered":"Datenschutzrichtlinie"},"content":{"rendered":"\r\n<p class=\"p2\">Nuova Guarnibeta Srl, mit Sitz in Via Gioacchino Rossini, 22 24060 Credaro BG &#8211; Italien &#8211; Tel +39 035 935282 &#8211; USt-IdNr. IT02155850163, erkennt im Einklang mit EU-Verordnung 679\/2016 &#8211; Datenschutz-Grundverordnung (DSGVO) die Bedeutung des Schutzes personenbezogener Daten an und betrachtet deren Schutz als ein prim\u00e4res Ziel ihrer T\u00e4tigkeiten.<\/p>\r\n<p class=\"p2\">Bevor Sie personenbezogene Daten mitteilen, bitten wir Sie, diese Datenschutzrichtlinie (&#8220;Datenschutzrichtlinie&#8221;) sorgf\u00e4ltig durchzulesen, da sie wichtige Informationen zum Schutz personenbezogener Daten und zu den ergriffenen Sicherheitsma\u00dfnahmen zum Schutz ihrer Vertraulichkeit in voller Einhaltung der DSGVO enth\u00e4lt.<\/p>\r\n<p class=\"p2\">Diese Datenschutzrichtlinie gilt nur f\u00fcr die Website https:\/\/www.nuovaguarnibeta.it (&#8220;Website&#8221;) und gilt nicht f\u00fcr andere Websites, die \u00fcber externe Links erreicht werden k\u00f6nnen; ist als Informationen gem\u00e4\u00df Art. 13 der DSGVO f\u00fcr diejenigen gedacht, die mit der Website interagieren; stellt einen angemessenen Informationsgrad in \u00dcbereinstimmung mit der am 17. Mai 2001 vom Art. 29-Datenschutzgruppe verabschiedeten Empfehlung Nr. 2\/2001 zu den Mindestanforderungen an die Online-Datenerfassung in der Europ\u00e4ischen Union dar.<\/p>\r\n<p class=\"p2\">Nuova Guarnibeta Srl informiert Sie dar\u00fcber, dass die Verarbeitung Ihrer personenbezogenen Daten auf den Grunds\u00e4tzen der Rechtm\u00e4\u00dfigkeit, Fairness, Transparenz, Zweckbindung und Speicherbegrenzung, Dat minimierung, Richtigkeit, Integrit\u00e4t und Vertraulichkeit beruhen wird.<\/p>\r\n<p class=\"p2\">Ihre personenbezogenen Daten werden daher gem\u00e4\u00df den gesetzlichen Bestimmungen der DSGVO und den darin enthaltenen Vertraulichkeitspflichten verarbeitet.<\/p>\r\n<p class=\"p3\">INHALT<\/p>\r\n<p class=\"p3\">Nachstehend finden Sie das Inhaltsverzeichnis dieser Datenschutzrichtlinie, damit Sie die Informationen zur Verarbeitung Ihrer personenbezogenen Daten leicht auffinden k\u00f6nnen.<\/p>\r\n<p class=\"p4\">1. VERANTWORTLICHER F\u00dcR DIE DATENVERARBEITUNG UND DATENSCHUTZBEAUFTRAGTER<br \/>2. PERSONENBEZOGENE DATEN, DIE GEGENSTAND DER VERARBEITUNG SIND<br \/>a. Browsing-Daten<br \/>b. Freiwillig bereitgestellte Daten<br \/>c. Cookies und \u00e4hnliche Technologien<br \/>3. ZWECKE, RECHTSGRUNDLAGE UND FREIWILLIGE ODER OBLIGATORISCHE VERARBEITUNG<br \/>4. EMPF\u00c4NGER<br \/>5. \u00dcBERTRAGUNGEN<br \/>6. SICHERHEIT<br \/>7. DATENSPEICHERUNG<br \/>8. RECHTE<br \/>9. \u00c4NDERUNGEN<\/p>\r\n<p><strong>1. VERANTWORTLICHER F\u00dcR DIE DATENVERARBEITUNG UND DATENSCHUTZBEAUFTRAGTER<\/strong><br \/>Der Verantwortliche f\u00fcr die Verarbeitung der Website ist Nuova Guarnibeta Srl, wie oben definiert. F\u00fcr Informationen im Zusammenhang mit der Verarbeitung personenbezogener Daten von Nuova Guarnibeta Srl, einschlie\u00dflich der Auflistung der Datenschutzbeauftragten, wenden Sie sich bitte an den Datenschutzbeauftragten (DPO) unter <a href=\"mailto:info@nuovaguarnibeta.it\">info@nuovaguarnibeta.it.<\/a><\/p>\r\n<p><strong>2. PERS\u00d6NLICHE DATEN, DIE GEM\u00c4\u00df VERARBEITUNG UNTERLIEGEN<\/strong><\/p>\r\n<p>&#8220;Personenbezogene Daten&#8221; beziehen sich auf alle Informationen \u00fcber eine identifizierte oder identifizierbare nat\u00fcrliche Person, insbesondere in Bezug auf einen Identifikator wie Namen, eine Identifikationsnummer, Standortdaten, einen Online-Identifikator oder einen oder mehrere Faktoren, die spezifisch f\u00fcr die physische, physiologische, genetische, mentale, wirtschaftliche, kulturelle oder soziale Identit\u00e4t dieser Person sind.<\/p>\r\n<p>Die von der Website gesammelten personenbezogenen Daten sind wie folgt:<\/p>\r\n<p>a. Browsing-Daten<\/p>\r\n<p>Die Informationssysteme der Website erfassen einige personenbezogene Daten, deren \u00dcbermittlung implizit bei der Nutzung von Internetkommunikationsprotokollen erfolgt. Es handelt sich um Informationen, die nicht dazu dienen, mit Ihnen assoziiert zu werden, aber die durch ihre Natur und durch die Verarbeitung und Verkn\u00fcpfung mit Daten von Dritten dazu f\u00fchren k\u00f6nnten, dass sie identifiziert werden. Dazu geh\u00f6ren IP-Adressen oder Domain-Namen der Ger\u00e4te, die zum Verbinden mit der Website verwendet werden, die Adressen in URI-Notation (Uniform Resource Identifier) der angeforderten Ressourcen, die Zeit der Anforderung, die Methode, mit der die Anfrage an den Server \u00fcbermittelt wurde, die Gr\u00f6\u00dfe der empfangenen Datei als Reaktion, der numerische Code, der den Status der vom Server gegebenen Antwort angibt (erfolgreich, Fehler usw.) und andere Parameter in Bezug auf Ihr Betriebssystem und Ihre Computerumgebung.<\/p>\r\n<p>Diese Daten werden verwendet, um anonyme statistische Informationen \u00fcber die Nutzung der Website zu erhalten und deren korrekte Funktion zu \u00fcberpr\u00fcfen; um &#8211; aufgrund der verwendeten Systemarchitektur &#8211; die ordnungsgem\u00e4\u00dfe Bereitstellung der verschiedenen von Ihnen angeforderten Funktionen zu erm\u00f6glichen, aus Sicherheitsgr\u00fcnden und zur Feststellung von Verantwortlichkeiten im Falle hypothetischer Computerstraftaten gegen die Website oder Dritte. Sie werden nach 30 Tagen gel\u00f6scht.<\/p>\r\n<p>b. Freiwillig bereitgestellte Daten<\/p>\r\n<p>\u00dcber die Website k\u00f6nnen Sie freiwillig personenbezogene Daten wie Namen, Nachnamen, Telefonnummer und E-Mail-Adresse angeben, indem Sie das Formular auf der Seite &#8220;Kontakt&#8221; ausf\u00fcllen, um Nuova Guarnibeta Srl zu kontaktieren, oder indem Sie eine E-Mail an Nuova Guarnibeta Srl senden. Nuova Guarnibeta Srl wird solche Daten in \u00dcbereinstimmung mit der DSGVO verarbeiten, vorausgesetzt, dass sie sich auf Sie oder auf Dritte beziehen, die Sie ausdr\u00fccklich autorisiert haben, diese basierend auf einer geeigneten rechtlichen Grundlage bereitzustellen, die die Verarbeitung der betreffenden Daten legitimiert. In solchen F\u00e4llen handelt sie als unabh\u00e4ngiger Datenverantwortlicher und \u00fcbernimmt alle rechtlichen Verpflichtungen und Verantwortlichkeiten. In diesem Zusammenhang \u00fcbertragen Sie Nuova Guarnibeta Srl alle Rechte auf Schadensersatz im Hinblick auf Streitigkeiten, Anspr\u00fcche, Forderungen nach Schadensersatz aus der Verarbeitung usw., die Nuova Guarnibeta Srl von Dritten erreichen sollten, deren personenbezogene Daten durch Ihre Nutzung der Website in Verletzung der DSGVO verarbeitet wurden.<\/p>\r\n<p>c. Cookies und \u00e4hnliche Technologien<\/p>\r\n<p>Nuova Guarnibeta Srl sammelt personenbezogene Daten durch Cookies. Weitere Informationen zur Verwendung von Cookies und \u00e4hnlichen Technologien finden Sie hier.<\/p>\r\n<p>3. ZIELE, RECHTLICHE GRUNDLAGE UND ZWINGENDER ODER FREIWILLIGER CHARAKTER DER VERARBEITUNG<\/p>\r\n<p>Ihre \u00fcber die Website zur Verf\u00fcgung gestellten personenbezogenen Daten werden von Nuova Guarnibeta Srl f\u00fcr folgende Zwecke verarbeitet:<\/p>\r\n<p>a) Zwecke im Zusammenhang mit Ihrer Anfrage nach Kontakt per E-Mail oder durch Ausf\u00fcllen des Formulars (Kontaktiere uns) auf der Website, um Informationen usw. zu erhalten;<\/p>\r\n<p>b) Forschungs-\/Analysezwecke auf aggregierten oder anonymen Daten, die keine Identifizierung des Benutzers erm\u00f6glichen, um den Betrieb der Website zu messen, ihren Traffic und ihre Benutzerfreundlichkeit und Interesse zu bewerten;<\/p>\r\n<p>c) Zwecke im Zusammenhang mit der Erf\u00fcllung einer rechtlichen Verpflichtung, der Nuova Guarnibeta Srl unterliegt;<\/p>\r\n<p>d) Zwecke, die f\u00fcr die Begr\u00fcndung, Aus\u00fcbung oder Verteidigung eines Rechtsanspruchs vor Gericht oder immer dann erforderlich sind, wenn die Gerichtsbeh\u00f6rde ihre gerichtlichen Funktionen aus\u00fcbt;<\/p>\r\n<p>e) Marketingzwecke (Versenden von Werbeunterlagen \u00fcber Versicherungsprodukte per Newsletter per E-Mail, Telefon oder Post).<\/p>\r\n<p>Die rechtliche Grundlage f\u00fcr die Verarbeitung personenbezogener Daten f\u00fcr die in Punkt a) genannten Zwecke besteht darin, auf eine Anfrage zu antworten, f\u00fcr die keine Einwilligung gem\u00e4\u00df der DSGVO erforderlich ist.<\/p>\r\n<p>Der Zweck nach Punkt b) beinhaltet nicht die Verarbeitung personenbezogener Daten, der Zweck nach Punkt c) betrifft die Erf\u00fcllung einer rechtlichen Verpflichtung, der Zweck nach Punkt d) stellt eine rechtm\u00e4\u00dfige Verarbeitung personenbezogener Daten gem\u00e4\u00df der DSGVO dar, da die Verarbeitung nach Bereitstellung der personenbezogenen Daten tats\u00e4chlich erforderlich ist, um eine rechtliche Verpflichtung zu erf\u00fcllen, der Nuova Guarnibeta Srl unterliegt; der Zweck nach Punkt e) ist nur mit Ihrer Einwilligung zul\u00e4ssig, die jederzeit durch Kontakt mit Nuova Guarnibeta Srl widerrufen werden kann.<br \/>Die Bereitstellung Ihrer personenbezogenen Daten f\u00fcr die oben genannten Zwecke ist optional, aber das Unterlassen der Bereitstellung kann dazu f\u00fchren, dass Ihre Anfrage nicht erf\u00fcllt wird oder dass eine rechtliche Verpflichtung, der Nuova Guarnibeta Srl unterliegt, nicht erf\u00fcllt werden kann.<\/p>\r\n<p><strong>4. EMPF\u00c4NGER<\/strong><\/p>\r\n<p>Ihre personenbezogenen Daten k\u00f6nnen zu den in Punkt 3 genannten Zwecken mit folgenden Empf\u00e4ngern geteilt werden:<\/p>\r\n<p>a. Personen, die f\u00fcr die Erbringung von Dienstleistungen, die von der Website angeboten werden, erforderlich sind, einschlie\u00dflich, aber nicht beschr\u00e4nkt auf die Online-Wartung der Website, die in der Regel als Datenverarbeiter f\u00fcr Nuova Guarnibeta Srl t\u00e4tig sind;<\/p>\r\n<p>b. Personen, die von Nuova Guarnibeta Srl zur Verarbeitung personenbezogener Daten autorisiert wurden und sich zur Vertraulichkeit verpflichtet haben oder eine angemessene rechtliche Verpflichtung zur Vertraulichkeit haben (z.B. Mitarbeiter und Mitarbeiter von Nuova Guarnibeta Srl);<\/p>\r\n<p>c. Gerichte bei der Aus\u00fcbung ihrer Funktionen, wenn dies gem\u00e4\u00df der DSGVO erforderlich ist.<\/p>\r\n<p>Ihre personenbezogenen Daten werden nicht verbreitet.<\/p>\r\n<p><strong>5.\u00a0 \u00dcBERTRAGUNGEN<\/strong><\/p>\r\n<p>Ihre personenbezogenen Daten werden keiner \u00dcbertragung an Empf\u00e4nger au\u00dferhalb des Europ\u00e4ischen Wirtschaftsraums unterliegen.<\/p>\r\n<p><strong>6.\u00a0 SICHERHEIT<\/strong><\/p>\r\n<p>Nuova Guarnibeta Srl hat sich verpflichtet, die Benutzerinformationen zu sch\u00fctzen. Alle bereitgestellten pers\u00f6nlichen Informationen werden auf sicheren Servern gespeichert.<\/p>\r\n<p>Nuova Guarnibeta Srl ergreift angemessene Sicherheitsma\u00dfnahmen, um Informationen vor unbefugtem Zugriff oder Ver\u00e4nderungen sowie vor \u00dcbertragung oder Verbreitung von Daten zu sch\u00fctzen. Um unbefugten Zugriff zu verhindern, die Genauigkeit der Daten zu gew\u00e4hrleisten und den ordnungsgem\u00e4\u00dfen Gebrauch von Informationen sicherzustellen, verwendet Nuova Guarnibeta Srl geeignete physische, elektronische und verwaltungstechnische Verfahren, um die Informationen und Daten in ihrem System zu sch\u00fctzen und zu gew\u00e4hrleisten.<\/p>\r\n<p><strong>7. DATENSPEICHERUNG<\/strong><\/p>\r\n<p>Nuova Guarnibeta Srl wird Ihre personenbezogenen Daten f\u00fcr die zur Erreichung der in Punkt 3 genannten Zwecke erforderliche Zeit verarbeiten. Zum Beispiel wird Nuova Guarnibeta Srl personenbezogene Daten f\u00fcr kommerzielle Zwecke (Versenden von Werbemitteilungen) bis zu 24 Monate nach der Erhebung verarbeiten. Unbeschadet dessen wird Nuova Guarnibeta Srl Ihre personenbezogenen Daten bis zu dem gem\u00e4\u00df italienischem Recht zul\u00e4ssigen Zeitpunkt verarbeiten, um ihre Interessen zu sch\u00fctzen. Weitere Informationen zur Aufbewahrungsfrist personenbezogener Daten und den Kriterien, die zur Bestimmung dieser Frist verwendet werden, k\u00f6nnen durch schriftliche Anfrage bei Nuova Guarnibeta Srl angefordert werden.<\/p>\r\n<p><strong>8. RECHTE<\/strong><\/p>\r\n<p>Als betroffene Person haben Sie das Recht, vom Datenverantwortlichen Zugang zu Ihren personenbezogenen Daten und deren Berichtigung oder L\u00f6schung oder Einschr\u00e4nkung der Verarbeitung zu verlangen oder der Verarbeitung zu widersprechen (Art. 15 und folgende der DSGVO).<\/p>\r\n<p>Anfragen sind an den Datenschutzbeauftragten zu richten:an die E-Mail-Adresse <a href=\"mailto:info@nuovaguarnibeta.it\">info@nuovaguarnibeta.it<\/a>;<\/p>\r\n<p>Sie haben auch das Recht, in jedem Fall eine Beschwerde bei der zust\u00e4ndigen Aufsichtsbeh\u00f6rde (Italienische Datenschutzbeh\u00f6rde) gem\u00e4\u00df Art. 77 der Verordnung einzulegen oder rechtliche Schritte einzuleiten (Art. 79 der Verordnung).<\/p>\r\n<p><strong>9. \u00c4NDERUNGEN<\/strong><\/p>\r\n<p>Diese Datenschutzrichtlinie gilt seit Mai 2019. Nuova Guarnibeta Srl beh\u00e4lt sich das Recht vor, ihren Inhalt ganz oder teilweise zu \u00e4ndern oder einfach zu aktualisieren, auch aufgrund von \u00c4nderungen in der DSGVO. Nuova Guarnibeta Srl l\u00e4dt Sie daher ein, diese Rubrik regelm\u00e4\u00dfig zu besuchen, um mit der aktuellsten und aktualisierten Version der Datenschutzrichtlinie vertraut zu sein, damit Sie stets \u00fcber die gesammelten Daten und deren Verwendung durch Nuova Guarnibeta Srl auf dem Laufenden sind.<\/p>\r\n","protected":false},"excerpt":{"rendered":"<p>Nuova Guarnibeta Srl, mit Sitz in Via Gioacchino Rossini, 22 24060 Credaro BG &#8211; Italien &#8211; Tel +39 035 935282 &#8211; USt-IdNr. IT02155850163, erkennt im Einklang mit EU-Verordnung 679\/2016 &#8211; Datenschutz-Grundverordnung (DSGVO) die Bedeutung des Schutzes personenbezogener Daten an und betrachtet deren Schutz als ein prim\u00e4res Ziel ihrer T\u00e4tigkeiten. Bevor Sie personenbezogene Daten mitteilen, bitten [&hellip;]<\/p>\n","protected":false},"author":1,"featured_media":0,"parent":0,"menu_order":0,"comment_status":"closed","ping_status":"closed","template":"","meta":{"footnotes":""},"class_list":["post-10949","page","type-page","status-publish","hentry"],"yoast_head":"<!-- This site is optimized with the Yoast SEO plugin v21.8 - https:\/\/yoast.com\/wordpress\/plugins\/seo\/ -->\n<title>Datenschutzrichtlinie - Nuova Guarnibeta<\/title>\n<meta name=\"robots\" content=\"index, follow, max-snippet:-1, max-image-preview:large, max-video-preview:-1\" \/>\n<link rel=\"canonical\" href=\"https:\/\/www.guarnibeta.net\/de\/datenschutzrichtlinie\/\" \/>\n<meta property=\"og:locale\" content=\"de_DE\" \/>\n<meta property=\"og:type\" content=\"article\" \/>\n<meta property=\"og:title\" content=\"Datenschutzrichtlinie - Nuova Guarnibeta\" \/>\n<meta property=\"og:description\" content=\"Nuova Guarnibeta Srl, mit Sitz in Via Gioacchino Rossini, 22 24060 Credaro BG &#8211; Italien &#8211; Tel +39 035 935282 &#8211; USt-IdNr. IT02155850163, erkennt im Einklang mit EU-Verordnung 679\/2016 &#8211; Datenschutz-Grundverordnung (DSGVO) die Bedeutung des Schutzes personenbezogener Daten an und betrachtet deren Schutz als ein prim\u00e4res Ziel ihrer T\u00e4tigkeiten. Bevor Sie personenbezogene Daten mitteilen, bitten [&hellip;]\" \/>\n<meta property=\"og:url\" content=\"https:\/\/www.guarnibeta.net\/de\/datenschutzrichtlinie\/\" \/>\n<meta property=\"og:site_name\" content=\"Nuova Guarnibeta\" \/>\n<meta property=\"article:modified_time\" content=\"2024-01-29T13:47:03+00:00\" \/>\n<meta name=\"twitter:card\" content=\"summary_large_image\" \/>\n<meta name=\"twitter:label1\" content=\"Gesch\u00e4tzte Lesezeit\" \/>\n\t<meta name=\"twitter:data1\" content=\"8\u00a0Minuten\" \/>\n<script type=\"application\/ld+json\" class=\"yoast-schema-graph\">{\"@context\":\"https:\/\/schema.org\",\"@graph\":[{\"@type\":\"WebPage\",\"@id\":\"https:\/\/www.guarnibeta.net\/de\/datenschutzrichtlinie\/\",\"url\":\"https:\/\/www.guarnibeta.net\/de\/datenschutzrichtlinie\/\",\"name\":\"Datenschutzrichtlinie - Nuova Guarnibeta\",\"isPartOf\":{\"@id\":\"https:\/\/www.guarnibeta.net\/de\/#website\"},\"datePublished\":\"2022-12-27T16:06:37+00:00\",\"dateModified\":\"2024-01-29T13:47:03+00:00\",\"breadcrumb\":{\"@id\":\"https:\/\/www.guarnibeta.net\/de\/datenschutzrichtlinie\/#breadcrumb\"},\"inLanguage\":\"de\",\"potentialAction\":[{\"@type\":\"ReadAction\",\"target\":[\"https:\/\/www.guarnibeta.net\/de\/datenschutzrichtlinie\/\"]}]},{\"@type\":\"BreadcrumbList\",\"@id\":\"https:\/\/www.guarnibeta.net\/de\/datenschutzrichtlinie\/#breadcrumb\",\"itemListElement\":[{\"@type\":\"ListItem\",\"position\":1,\"name\":\"Home\",\"item\":\"https:\/\/www.guarnibeta.net\/de\/\"},{\"@type\":\"ListItem\",\"position\":2,\"name\":\"Datenschutzrichtlinie\"}]},{\"@type\":\"WebSite\",\"@id\":\"https:\/\/www.guarnibeta.net\/de\/#website\",\"url\":\"https:\/\/www.guarnibeta.net\/de\/\",\"name\":\"Nuova Guarnibeta Srl\",\"description\":\"\",\"publisher\":{\"@id\":\"https:\/\/www.guarnibeta.net\/de\/#organization\"},\"potentialAction\":[{\"@type\":\"SearchAction\",\"target\":{\"@type\":\"EntryPoint\",\"urlTemplate\":\"https:\/\/www.guarnibeta.net\/de\/?s={search_term_string}\"},\"query-input\":\"required name=search_term_string\"}],\"inLanguage\":\"de\"},{\"@type\":\"Organization\",\"@id\":\"https:\/\/www.guarnibeta.net\/de\/#organization\",\"name\":\"Nuova Guarnibeta Srl\",\"url\":\"https:\/\/www.guarnibeta.net\/de\/\",\"logo\":{\"@type\":\"ImageObject\",\"inLanguage\":\"de\",\"@id\":\"https:\/\/www.guarnibeta.net\/de\/#\/schema\/logo\/image\/\",\"url\":\"https:\/\/www.guarnibeta.net\/wp-content\/uploads\/2023\/12\/logo-GB_2-1.jpg\",\"contentUrl\":\"https:\/\/www.guarnibeta.net\/wp-content\/uploads\/2023\/12\/logo-GB_2-1.jpg\",\"width\":566,\"height\":191,\"caption\":\"Nuova Guarnibeta Srl\"},\"image\":{\"@id\":\"https:\/\/www.guarnibeta.net\/de\/#\/schema\/logo\/image\/\"}}]}<\/script>\n<!-- \/ Yoast SEO plugin. -->","yoast_head_json":{"title":"Datenschutzrichtlinie - Nuova Guarnibeta","robots":{"index":"index","follow":"follow","max-snippet":"max-snippet:-1","max-image-preview":"max-image-preview:large","max-video-preview":"max-video-preview:-1"},"canonical":"https:\/\/www.guarnibeta.net\/de\/datenschutzrichtlinie\/","og_locale":"de_DE","og_type":"article","og_title":"Datenschutzrichtlinie - Nuova Guarnibeta","og_description":"Nuova Guarnibeta Srl, mit Sitz in Via Gioacchino Rossini, 22 24060 Credaro BG &#8211; Italien &#8211; Tel +39 035 935282 &#8211; USt-IdNr. IT02155850163, erkennt im Einklang mit EU-Verordnung 679\/2016 &#8211; Datenschutz-Grundverordnung (DSGVO) die Bedeutung des Schutzes personenbezogener Daten an und betrachtet deren Schutz als ein prim\u00e4res Ziel ihrer T\u00e4tigkeiten. Bevor Sie personenbezogene Daten mitteilen, bitten [&hellip;]","og_url":"https:\/\/www.guarnibeta.net\/de\/datenschutzrichtlinie\/","og_site_name":"Nuova Guarnibeta","article_modified_time":"2024-01-29T13:47:03+00:00","twitter_card":"summary_large_image","twitter_misc":{"Gesch\u00e4tzte Lesezeit":"8\u00a0Minuten"},"schema":{"@context":"https:\/\/schema.org","@graph":[{"@type":"WebPage","@id":"https:\/\/www.guarnibeta.net\/de\/datenschutzrichtlinie\/","url":"https:\/\/www.guarnibeta.net\/de\/datenschutzrichtlinie\/","name":"Datenschutzrichtlinie - Nuova Guarnibeta","isPartOf":{"@id":"https:\/\/www.guarnibeta.net\/de\/#website"},"datePublished":"2022-12-27T16:06:37+00:00","dateModified":"2024-01-29T13:47:03+00:00","breadcrumb":{"@id":"https:\/\/www.guarnibeta.net\/de\/datenschutzrichtlinie\/#breadcrumb"},"inLanguage":"de","potentialAction":[{"@type":"ReadAction","target":["https:\/\/www.guarnibeta.net\/de\/datenschutzrichtlinie\/"]}]},{"@type":"BreadcrumbList","@id":"https:\/\/www.guarnibeta.net\/de\/datenschutzrichtlinie\/#breadcrumb","itemListElement":[{"@type":"ListItem","position":1,"name":"Home","item":"https:\/\/www.guarnibeta.net\/de\/"},{"@type":"ListItem","position":2,"name":"Datenschutzrichtlinie"}]},{"@type":"WebSite","@id":"https:\/\/www.guarnibeta.net\/de\/#website","url":"https:\/\/www.guarnibeta.net\/de\/","name":"Nuova Guarnibeta Srl","description":"","publisher":{"@id":"https:\/\/www.guarnibeta.net\/de\/#organization"},"potentialAction":[{"@type":"SearchAction","target":{"@type":"EntryPoint","urlTemplate":"https:\/\/www.guarnibeta.net\/de\/?s={search_term_string}"},"query-input":"required name=search_term_string"}],"inLanguage":"de"},{"@type":"Organization","@id":"https:\/\/www.guarnibeta.net\/de\/#organization","name":"Nuova Guarnibeta Srl","url":"https:\/\/www.guarnibeta.net\/de\/","logo":{"@type":"ImageObject","inLanguage":"de","@id":"https:\/\/www.guarnibeta.net\/de\/#\/schema\/logo\/image\/","url":"https:\/\/www.guarnibeta.net\/wp-content\/uploads\/2023\/12\/logo-GB_2-1.jpg","contentUrl":"https:\/\/www.guarnibeta.net\/wp-content\/uploads\/2023\/12\/logo-GB_2-1.jpg","width":566,"height":191,"caption":"Nuova Guarnibeta Srl"},"image":{"@id":"https:\/\/www.guarnibeta.net\/de\/#\/schema\/logo\/image\/"}}]}},"_links":{"self":[{"href":"https:\/\/www.guarnibeta.net\/de\/wp-json\/wp\/v2\/pages\/10949","targetHints":{"allow":["GET"]}}],"collection":[{"href":"https:\/\/www.guarnibeta.net\/de\/wp-json\/wp\/v2\/pages"}],"about":[{"href":"https:\/\/www.guarnibeta.net\/de\/wp-json\/wp\/v2\/types\/page"}],"author":[{"embeddable":true,"href":"https:\/\/www.guarnibeta.net\/de\/wp-json\/wp\/v2\/users\/1"}],"replies":[{"embeddable":true,"href":"https:\/\/www.guarnibeta.net\/de\/wp-json\/wp\/v2\/comments?post=10949"}],"version-history":[{"count":0,"href":"https:\/\/www.guarnibeta.net\/de\/wp-json\/wp\/v2\/pages\/10949\/revisions"}],"wp:attachment":[{"href":"https:\/\/www.guarnibeta.net\/de\/wp-json\/wp\/v2\/media?parent=10949"}],"curies":[{"name":"wp","href":"https:\/\/api.w.org\/{rel}","templated":true}]}}