{"id":10946,"date":"2023-01-27T11:16:53","date_gmt":"2023-01-27T10:16:53","guid":{"rendered":"https:\/\/www.guarnibeta.net\/elettrodomestici\/"},"modified":"2024-01-31T10:26:31","modified_gmt":"2024-01-31T09:26:31","slug":"haushaltsgeraete","status":"publish","type":"page","link":"https:\/\/www.guarnibeta.net\/de\/haushaltsgeraete\/","title":{"rendered":"Haushaltsger\u00e4te"},"content":{"rendered":"\t\t<div data-elementor-type=\"wp-page\" data-elementor-id=\"10946\" class=\"elementor elementor-10946 elementor-8034\" data-elementor-post-type=\"page\">\n\t\t\t\t\t\t<div class=\"elementor-inner\">\n\t\t\t\t<div class=\"elementor-section-wrap\">\n\t\t\t\t\t\t\t\t\t<section class=\"elementor-section elementor-top-section elementor-element elementor-element-a4a0aa1 elementor-section-full_width elementor-section-height-default elementor-section-height-default qodef-elementor-content-no\" data-id=\"a4a0aa1\" data-element_type=\"section\">\n\t\t\t\t\t\t<div class=\"elementor-container elementor-column-gap-no\">\n\t\t\t\t\t\t\t<div class=\"elementor-row\">\n\t\t\t\t\t<div class=\"elementor-column elementor-col-100 elementor-top-column elementor-element elementor-element-a332ddd\" data-id=\"a332ddd\" data-element_type=\"column\">\n\t\t\t<div class=\"elementor-column-wrap elementor-element-populated\">\n\t\t\t\t\t\t\t<div class=\"elementor-widget-wrap\">\n\t\t\t\t\t\t<div class=\"elementor-element elementor-element-7204a6e elementor-widget elementor-widget-globefarer_core_section_title\" data-id=\"7204a6e\" data-element_type=\"widget\" data-widget_type=\"globefarer_core_section_title.default\">\n\t\t\t\t<div class=\"elementor-widget-container\">\n\t\t\t<div class=\"qodef-shortcode qodef-m  qodef-section-title qodef-alignment--left   qodef-appear-animation--no\">\n\t\t\t<h2 class=\"qodef-m-title\" >\n\t\t\t\t\tDichtungen f\u00fcr den Haushaltsger\u00e4tesektor\t\t\t<\/h2>\n\t\t<p class=\"qodef-m-text\" style=\"margin-top: 30px;color: #4B4B4B\">Wir tragen ma\u00dfgeblich zur Langlebigkeit und Effizienz von Haushaltsger\u00e4ten bei, indem wir hochwertige Komponenten bereitstellen. Unsere Produktion erfolgt mit Spritzgussmaschinen, wodurch die Herstellung von Produkten gew\u00e4hrleistet wird, die nicht nur den Erwartungen an Robustheit und Pr\u00e4zision entsprechen, sondern sie \u00fcbertreffen. Insbesondere unsere Fl\u00fcssigsilikonprodukte mit FDA-Zertifizierung sind ein Beispiel f\u00fcr unser Engagement f\u00fcr Qualit\u00e4t und Sicherheit. Diese Komponenten sind so konzipiert, dass sie perfekt mit dem Design der Ger\u00e4te integriert werden und deren Leistung verbessern sowie eine lange Lebensdauer gew\u00e4hrleisten.<\/p>\n\t<\/div>\n\t\t<\/div>\n\t\t\t\t<\/div>\n\t\t\t\t\t\t<\/div>\n\t\t\t\t\t<\/div>\n\t\t<\/div>\n\t\t\t\t\t\t\t\t<\/div>\n\t\t\t\t\t<\/div>\n\t\t<\/section>\n\t\t<div class=\"elementor-element elementor-element-2742b30 e-flex e-con-boxed e-con e-parent\" data-id=\"2742b30\" data-element_type=\"container\" data-settings=\"{&quot;content_width&quot;:&quot;boxed&quot;}\" data-core-v316-plus=\"true\">\n\t\t\t\t\t<div class=\"e-con-inner\">\n\t\t\t\t<div class=\"elementor-element elementor-element-cd32b5b elementor-widget elementor-widget-spacer\" data-id=\"cd32b5b\" data-element_type=\"widget\" data-widget_type=\"spacer.default\">\n\t\t\t\t<div class=\"elementor-widget-container\">\n\t\t\t<style>\/*! elementor - v3.18.0 - 06-12-2023 *\/\n.elementor-column .elementor-spacer-inner{height:var(--spacer-size)}.e-con{--container-widget-width:100%}.e-con-inner>.elementor-widget-spacer,.e-con>.elementor-widget-spacer{width:var(--container-widget-width,var(--spacer-size));--align-self:var(--container-widget-align-self,initial);--flex-shrink:0}.e-con-inner>.elementor-widget-spacer>.elementor-widget-container,.e-con>.elementor-widget-spacer>.elementor-widget-container{height:100%;width:100%}.e-con-inner>.elementor-widget-spacer>.elementor-widget-container>.elementor-spacer,.e-con>.elementor-widget-spacer>.elementor-widget-container>.elementor-spacer{height:100%}.e-con-inner>.elementor-widget-spacer>.elementor-widget-container>.elementor-spacer>.elementor-spacer-inner,.e-con>.elementor-widget-spacer>.elementor-widget-container>.elementor-spacer>.elementor-spacer-inner{height:var(--container-widget-height,var(--spacer-size))}.e-con-inner>.elementor-widget-spacer.elementor-widget-empty,.e-con>.elementor-widget-spacer.elementor-widget-empty{position:relative;min-height:22px;min-width:22px}.e-con-inner>.elementor-widget-spacer.elementor-widget-empty .elementor-widget-empty-icon,.e-con>.elementor-widget-spacer.elementor-widget-empty .elementor-widget-empty-icon{position:absolute;top:0;bottom:0;left:0;right:0;margin:auto;padding:0;width:22px;height:22px}<\/style>\t\t<div class=\"elementor-spacer\">\n\t\t\t<div class=\"elementor-spacer-inner\"><\/div>\n\t\t<\/div>\n\t\t\t\t<\/div>\n\t\t\t\t<\/div>\n\t\t\t\t<div class=\"elementor-element elementor-element-07bbf00 elementor-widget elementor-widget-image\" data-id=\"07bbf00\" data-element_type=\"widget\" data-widget_type=\"image.default\">\n\t\t\t\t<div class=\"elementor-widget-container\">\n\t\t\t<style>\/*! elementor - v3.18.0 - 06-12-2023 *\/\n.elementor-widget-image{text-align:center}.elementor-widget-image a{display:inline-block}.elementor-widget-image a img[src$=\".svg\"]{width:48px}.elementor-widget-image img{vertical-align:middle;display:inline-block}<\/style>\t\t\t\t\t<div class=\"elementor-image\">\n\t\t\t\t\t\t\t\t\t\t\t\t<img fetchpriority=\"high\" decoding=\"async\" width=\"1024\" height=\"576\" src=\"https:\/\/www.guarnibeta.net\/wp-content\/uploads\/2023\/12\/gas-1024x576.jpg\" class=\"attachment-large size-large wp-image-9266\" alt=\"\" srcset=\"https:\/\/www.guarnibeta.net\/wp-content\/uploads\/2023\/12\/gas-1024x576.jpg 1024w, https:\/\/www.guarnibeta.net\/wp-content\/uploads\/2023\/12\/gas-300x169.jpg 300w, https:\/\/www.guarnibeta.net\/wp-content\/uploads\/2023\/12\/gas-768x432.jpg 768w, https:\/\/www.guarnibeta.net\/wp-content\/uploads\/2023\/12\/gas-1536x864.jpg 1536w, https:\/\/www.guarnibeta.net\/wp-content\/uploads\/2023\/12\/gas.jpg 1920w\" sizes=\"(max-width: 1024px) 100vw, 1024px\" \/>\t\t\t\t\t\t\t\t\t\t\t\t\t\t<\/div>\n\t\t\t\t\t\t<\/div>\n\t\t\t\t<\/div>\n\t\t\t\t\t<\/div>\n\t\t\t\t<\/div>\n\t\t\t\t\t\t\t\t\t<\/div>\n\t\t\t<\/div>\n\t\t\t\t\t<\/div>\n\t\t","protected":false},"excerpt":{"rendered":"<p>Dichtungen f\u00fcr den Haushaltsger\u00e4tesektor Wir tragen ma\u00dfgeblich zur Langlebigkeit und Effizienz von Haushaltsger\u00e4ten bei, indem wir hochwertige Komponenten bereitstellen. Unsere Produktion erfolgt mit Spritzgussmaschinen, wodurch die Herstellung von Produkten gew\u00e4hrleistet wird, die nicht nur den Erwartungen an Robustheit und Pr\u00e4zision entsprechen, sondern sie \u00fcbertreffen. Insbesondere unsere Fl\u00fcssigsilikonprodukte mit FDA-Zertifizierung sind ein Beispiel f\u00fcr unser Engagement [&hellip;]<\/p>\n","protected":false},"author":1,"featured_media":0,"parent":0,"menu_order":0,"comment_status":"closed","ping_status":"closed","template":"","meta":{"footnotes":""},"class_list":["post-10946","page","type-page","status-publish","hentry"],"yoast_head":"<!-- This site is optimized with the Yoast SEO plugin v21.8 - https:\/\/yoast.com\/wordpress\/plugins\/seo\/ -->\n<title>Haushaltsger\u00e4te - Nuova Guarnibeta<\/title>\n<meta name=\"robots\" content=\"index, follow, max-snippet:-1, max-image-preview:large, max-video-preview:-1\" \/>\n<link rel=\"canonical\" href=\"https:\/\/www.guarnibeta.net\/de\/haushaltsgeraete\/\" \/>\n<meta property=\"og:locale\" content=\"de_DE\" \/>\n<meta property=\"og:type\" content=\"article\" \/>\n<meta property=\"og:title\" content=\"Haushaltsger\u00e4te - Nuova Guarnibeta\" \/>\n<meta property=\"og:description\" content=\"Dichtungen f\u00fcr den Haushaltsger\u00e4tesektor Wir tragen ma\u00dfgeblich zur Langlebigkeit und Effizienz von Haushaltsger\u00e4ten bei, indem wir hochwertige Komponenten bereitstellen. Unsere Produktion erfolgt mit Spritzgussmaschinen, wodurch die Herstellung von Produkten gew\u00e4hrleistet wird, die nicht nur den Erwartungen an Robustheit und Pr\u00e4zision entsprechen, sondern sie \u00fcbertreffen. Insbesondere unsere Fl\u00fcssigsilikonprodukte mit FDA-Zertifizierung sind ein Beispiel f\u00fcr unser Engagement [&hellip;]\" \/>\n<meta property=\"og:url\" content=\"https:\/\/www.guarnibeta.net\/de\/haushaltsgeraete\/\" \/>\n<meta property=\"og:site_name\" content=\"Nuova Guarnibeta\" \/>\n<meta property=\"article:modified_time\" content=\"2024-01-31T09:26:31+00:00\" \/>\n<meta property=\"og:image\" content=\"https:\/\/www.guarnibeta.net\/wp-content\/uploads\/2023\/12\/gas-1024x576.jpg\" \/>\n<meta name=\"twitter:card\" content=\"summary_large_image\" \/>\n<meta name=\"twitter:label1\" content=\"Gesch\u00e4tzte Lesezeit\" \/>\n\t<meta name=\"twitter:data1\" content=\"1\u00a0Minute\" \/>\n<script type=\"application\/ld+json\" class=\"yoast-schema-graph\">{\"@context\":\"https:\/\/schema.org\",\"@graph\":[{\"@type\":\"WebPage\",\"@id\":\"https:\/\/www.guarnibeta.net\/de\/haushaltsgeraete\/\",\"url\":\"https:\/\/www.guarnibeta.net\/de\/haushaltsgeraete\/\",\"name\":\"Haushaltsger\u00e4te - Nuova Guarnibeta\",\"isPartOf\":{\"@id\":\"https:\/\/www.guarnibeta.net\/de\/#website\"},\"datePublished\":\"2023-01-27T10:16:53+00:00\",\"dateModified\":\"2024-01-31T09:26:31+00:00\",\"breadcrumb\":{\"@id\":\"https:\/\/www.guarnibeta.net\/de\/haushaltsgeraete\/#breadcrumb\"},\"inLanguage\":\"de\",\"potentialAction\":[{\"@type\":\"ReadAction\",\"target\":[\"https:\/\/www.guarnibeta.net\/de\/haushaltsgeraete\/\"]}]},{\"@type\":\"BreadcrumbList\",\"@id\":\"https:\/\/www.guarnibeta.net\/de\/haushaltsgeraete\/#breadcrumb\",\"itemListElement\":[{\"@type\":\"ListItem\",\"position\":1,\"name\":\"Home\",\"item\":\"https:\/\/www.guarnibeta.net\/de\/\"},{\"@type\":\"ListItem\",\"position\":2,\"name\":\"Haushaltsger\u00e4te\"}]},{\"@type\":\"WebSite\",\"@id\":\"https:\/\/www.guarnibeta.net\/de\/#website\",\"url\":\"https:\/\/www.guarnibeta.net\/de\/\",\"name\":\"Nuova Guarnibeta Srl\",\"description\":\"\",\"publisher\":{\"@id\":\"https:\/\/www.guarnibeta.net\/de\/#organization\"},\"potentialAction\":[{\"@type\":\"SearchAction\",\"target\":{\"@type\":\"EntryPoint\",\"urlTemplate\":\"https:\/\/www.guarnibeta.net\/de\/?s={search_term_string}\"},\"query-input\":\"required name=search_term_string\"}],\"inLanguage\":\"de\"},{\"@type\":\"Organization\",\"@id\":\"https:\/\/www.guarnibeta.net\/de\/#organization\",\"name\":\"Nuova Guarnibeta Srl\",\"url\":\"https:\/\/www.guarnibeta.net\/de\/\",\"logo\":{\"@type\":\"ImageObject\",\"inLanguage\":\"de\",\"@id\":\"https:\/\/www.guarnibeta.net\/de\/#\/schema\/logo\/image\/\",\"url\":\"https:\/\/www.guarnibeta.net\/wp-content\/uploads\/2023\/12\/logo-GB_2-1.jpg\",\"contentUrl\":\"https:\/\/www.guarnibeta.net\/wp-content\/uploads\/2023\/12\/logo-GB_2-1.jpg\",\"width\":566,\"height\":191,\"caption\":\"Nuova Guarnibeta Srl\"},\"image\":{\"@id\":\"https:\/\/www.guarnibeta.net\/de\/#\/schema\/logo\/image\/\"}}]}<\/script>\n<!-- \/ Yoast SEO plugin. -->","yoast_head_json":{"title":"Haushaltsger\u00e4te - Nuova Guarnibeta","robots":{"index":"index","follow":"follow","max-snippet":"max-snippet:-1","max-image-preview":"max-image-preview:large","max-video-preview":"max-video-preview:-1"},"canonical":"https:\/\/www.guarnibeta.net\/de\/haushaltsgeraete\/","og_locale":"de_DE","og_type":"article","og_title":"Haushaltsger\u00e4te - Nuova Guarnibeta","og_description":"Dichtungen f\u00fcr den Haushaltsger\u00e4tesektor Wir tragen ma\u00dfgeblich zur Langlebigkeit und Effizienz von Haushaltsger\u00e4ten bei, indem wir hochwertige Komponenten bereitstellen. Unsere Produktion erfolgt mit Spritzgussmaschinen, wodurch die Herstellung von Produkten gew\u00e4hrleistet wird, die nicht nur den Erwartungen an Robustheit und Pr\u00e4zision entsprechen, sondern sie \u00fcbertreffen. Insbesondere unsere Fl\u00fcssigsilikonprodukte mit FDA-Zertifizierung sind ein Beispiel f\u00fcr unser Engagement [&hellip;]","og_url":"https:\/\/www.guarnibeta.net\/de\/haushaltsgeraete\/","og_site_name":"Nuova Guarnibeta","article_modified_time":"2024-01-31T09:26:31+00:00","og_image":[{"url":"https:\/\/www.guarnibeta.net\/wp-content\/uploads\/2023\/12\/gas-1024x576.jpg"}],"twitter_card":"summary_large_image","twitter_misc":{"Gesch\u00e4tzte Lesezeit":"1\u00a0Minute"},"schema":{"@context":"https:\/\/schema.org","@graph":[{"@type":"WebPage","@id":"https:\/\/www.guarnibeta.net\/de\/haushaltsgeraete\/","url":"https:\/\/www.guarnibeta.net\/de\/haushaltsgeraete\/","name":"Haushaltsger\u00e4te - Nuova Guarnibeta","isPartOf":{"@id":"https:\/\/www.guarnibeta.net\/de\/#website"},"datePublished":"2023-01-27T10:16:53+00:00","dateModified":"2024-01-31T09:26:31+00:00","breadcrumb":{"@id":"https:\/\/www.guarnibeta.net\/de\/haushaltsgeraete\/#breadcrumb"},"inLanguage":"de","potentialAction":[{"@type":"ReadAction","target":["https:\/\/www.guarnibeta.net\/de\/haushaltsgeraete\/"]}]},{"@type":"BreadcrumbList","@id":"https:\/\/www.guarnibeta.net\/de\/haushaltsgeraete\/#breadcrumb","itemListElement":[{"@type":"ListItem","position":1,"name":"Home","item":"https:\/\/www.guarnibeta.net\/de\/"},{"@type":"ListItem","position":2,"name":"Haushaltsger\u00e4te"}]},{"@type":"WebSite","@id":"https:\/\/www.guarnibeta.net\/de\/#website","url":"https:\/\/www.guarnibeta.net\/de\/","name":"Nuova Guarnibeta Srl","description":"","publisher":{"@id":"https:\/\/www.guarnibeta.net\/de\/#organization"},"potentialAction":[{"@type":"SearchAction","target":{"@type":"EntryPoint","urlTemplate":"https:\/\/www.guarnibeta.net\/de\/?s={search_term_string}"},"query-input":"required name=search_term_string"}],"inLanguage":"de"},{"@type":"Organization","@id":"https:\/\/www.guarnibeta.net\/de\/#organization","name":"Nuova Guarnibeta Srl","url":"https:\/\/www.guarnibeta.net\/de\/","logo":{"@type":"ImageObject","inLanguage":"de","@id":"https:\/\/www.guarnibeta.net\/de\/#\/schema\/logo\/image\/","url":"https:\/\/www.guarnibeta.net\/wp-content\/uploads\/2023\/12\/logo-GB_2-1.jpg","contentUrl":"https:\/\/www.guarnibeta.net\/wp-content\/uploads\/2023\/12\/logo-GB_2-1.jpg","width":566,"height":191,"caption":"Nuova Guarnibeta Srl"},"image":{"@id":"https:\/\/www.guarnibeta.net\/de\/#\/schema\/logo\/image\/"}}]}},"_links":{"self":[{"href":"https:\/\/www.guarnibeta.net\/de\/wp-json\/wp\/v2\/pages\/10946","targetHints":{"allow":["GET"]}}],"collection":[{"href":"https:\/\/www.guarnibeta.net\/de\/wp-json\/wp\/v2\/pages"}],"about":[{"href":"https:\/\/www.guarnibeta.net\/de\/wp-json\/wp\/v2\/types\/page"}],"author":[{"embeddable":true,"href":"https:\/\/www.guarnibeta.net\/de\/wp-json\/wp\/v2\/users\/1"}],"replies":[{"embeddable":true,"href":"https:\/\/www.guarnibeta.net\/de\/wp-json\/wp\/v2\/comments?post=10946"}],"version-history":[{"count":0,"href":"https:\/\/www.guarnibeta.net\/de\/wp-json\/wp\/v2\/pages\/10946\/revisions"}],"wp:attachment":[{"href":"https:\/\/www.guarnibeta.net\/de\/wp-json\/wp\/v2\/media?parent=10946"}],"curies":[{"name":"wp","href":"https:\/\/api.w.org\/{rel}","templated":true}]}}