{"id":10943,"date":"2023-01-27T11:18:46","date_gmt":"2023-01-27T10:18:46","guid":{"rendered":"https:\/\/www.guarnibeta.net\/irrigazione\/"},"modified":"2024-02-27T16:05:05","modified_gmt":"2024-02-27T15:05:05","slug":"landwirtschaft","status":"publish","type":"page","link":"https:\/\/www.guarnibeta.net\/de\/landwirtschaft\/","title":{"rendered":"Landwirtschaft"},"content":{"rendered":"\t\t<div data-elementor-type=\"wp-page\" data-elementor-id=\"10943\" class=\"elementor elementor-10943 elementor-8040\" data-elementor-post-type=\"page\">\n\t\t\t\t\t\t<div class=\"elementor-inner\">\n\t\t\t\t<div class=\"elementor-section-wrap\">\n\t\t\t\t\t\t\t\t\t<section class=\"elementor-section elementor-top-section elementor-element elementor-element-3b3e6d3 elementor-section-full_width elementor-section-height-default elementor-section-height-default qodef-elementor-content-no\" data-id=\"3b3e6d3\" data-element_type=\"section\">\n\t\t\t\t\t\t<div class=\"elementor-container elementor-column-gap-no\">\n\t\t\t\t\t\t\t<div class=\"elementor-row\">\n\t\t\t\t\t<div class=\"elementor-column elementor-col-100 elementor-top-column elementor-element elementor-element-df70334\" data-id=\"df70334\" data-element_type=\"column\">\n\t\t\t<div class=\"elementor-column-wrap elementor-element-populated\">\n\t\t\t\t\t\t\t<div class=\"elementor-widget-wrap\">\n\t\t\t\t\t\t<div class=\"elementor-element elementor-element-dd8a727 elementor-widget elementor-widget-globefarer_core_section_title\" data-id=\"dd8a727\" data-element_type=\"widget\" data-widget_type=\"globefarer_core_section_title.default\">\n\t\t\t\t<div class=\"elementor-widget-container\">\n\t\t\t<div class=\"qodef-shortcode qodef-m  qodef-section-title qodef-alignment--left   qodef-appear-animation--no\">\n\t\t\t<h2 class=\"qodef-m-title\" >\n\t\t\t\t\tDichtungen f\u00fcr den landwirtschaftlichen Sektor\t\t\t<\/h2>\n\t\t<p class=\"qodef-m-text\" style=\"margin-top: 30px;color: #4B4B4B\">Unsere Firma ist ein Referenzpunkt in der Landwirtschaft und bietet widerstandsf\u00e4hige und langlebige Produkte, die ideal f\u00fcr den Einsatz unter extremen Bedingungen und auf schwierigem Gel\u00e4nde sind. Mit den Spritzgussmaschinen der neuesten Generation garantieren wir h\u00f6chste Qualit\u00e4t und Pr\u00e4zision bei jedem von uns hergestellten Produkt. Diese Teile sind in perfekter Harmonie mit dem Design des Endprodukts konzipiert und gew\u00e4hrleisten eine nahtlose Integration in Endanwendungen.\n<\/p>\n\t<\/div>\n\t\t<\/div>\n\t\t\t\t<\/div>\n\t\t\t\t\t\t<\/div>\n\t\t\t\t\t<\/div>\n\t\t<\/div>\n\t\t\t\t\t\t\t\t<\/div>\n\t\t\t\t\t<\/div>\n\t\t<\/section>\n\t\t<div class=\"elementor-element elementor-element-8c13c39 e-flex e-con-boxed e-con e-parent\" data-id=\"8c13c39\" data-element_type=\"container\" data-settings=\"{&quot;content_width&quot;:&quot;boxed&quot;}\" data-core-v316-plus=\"true\">\n\t\t\t\t\t<div class=\"e-con-inner\">\n\t\t\t\t<div class=\"elementor-element elementor-element-0c3a7d5 elementor-widget elementor-widget-spacer\" data-id=\"0c3a7d5\" data-element_type=\"widget\" data-widget_type=\"spacer.default\">\n\t\t\t\t<div class=\"elementor-widget-container\">\n\t\t\t<style>\/*! elementor - v3.18.0 - 06-12-2023 *\/\n.elementor-column .elementor-spacer-inner{height:var(--spacer-size)}.e-con{--container-widget-width:100%}.e-con-inner>.elementor-widget-spacer,.e-con>.elementor-widget-spacer{width:var(--container-widget-width,var(--spacer-size));--align-self:var(--container-widget-align-self,initial);--flex-shrink:0}.e-con-inner>.elementor-widget-spacer>.elementor-widget-container,.e-con>.elementor-widget-spacer>.elementor-widget-container{height:100%;width:100%}.e-con-inner>.elementor-widget-spacer>.elementor-widget-container>.elementor-spacer,.e-con>.elementor-widget-spacer>.elementor-widget-container>.elementor-spacer{height:100%}.e-con-inner>.elementor-widget-spacer>.elementor-widget-container>.elementor-spacer>.elementor-spacer-inner,.e-con>.elementor-widget-spacer>.elementor-widget-container>.elementor-spacer>.elementor-spacer-inner{height:var(--container-widget-height,var(--spacer-size))}.e-con-inner>.elementor-widget-spacer.elementor-widget-empty,.e-con>.elementor-widget-spacer.elementor-widget-empty{position:relative;min-height:22px;min-width:22px}.e-con-inner>.elementor-widget-spacer.elementor-widget-empty .elementor-widget-empty-icon,.e-con>.elementor-widget-spacer.elementor-widget-empty .elementor-widget-empty-icon{position:absolute;top:0;bottom:0;left:0;right:0;margin:auto;padding:0;width:22px;height:22px}<\/style>\t\t<div class=\"elementor-spacer\">\n\t\t\t<div class=\"elementor-spacer-inner\"><\/div>\n\t\t<\/div>\n\t\t\t\t<\/div>\n\t\t\t\t<\/div>\n\t\t\t\t<div class=\"elementor-element elementor-element-6f85007 elementor-widget elementor-widget-image\" data-id=\"6f85007\" data-element_type=\"widget\" data-widget_type=\"image.default\">\n\t\t\t\t<div class=\"elementor-widget-container\">\n\t\t\t<style>\/*! elementor - v3.18.0 - 06-12-2023 *\/\n.elementor-widget-image{text-align:center}.elementor-widget-image a{display:inline-block}.elementor-widget-image a img[src$=\".svg\"]{width:48px}.elementor-widget-image img{vertical-align:middle;display:inline-block}<\/style>\t\t\t\t\t<div class=\"elementor-image\">\n\t\t\t\t\t\t\t\t\t\t\t\t<img fetchpriority=\"high\" decoding=\"async\" width=\"1024\" height=\"576\" src=\"https:\/\/www.guarnibeta.net\/wp-content\/uploads\/2023\/12\/agricoltura-1024x576.jpg\" class=\"attachment-large size-large wp-image-9262\" alt=\"\" srcset=\"https:\/\/www.guarnibeta.net\/wp-content\/uploads\/2023\/12\/agricoltura-1024x576.jpg 1024w, https:\/\/www.guarnibeta.net\/wp-content\/uploads\/2023\/12\/agricoltura-300x169.jpg 300w, https:\/\/www.guarnibeta.net\/wp-content\/uploads\/2023\/12\/agricoltura-768x432.jpg 768w, https:\/\/www.guarnibeta.net\/wp-content\/uploads\/2023\/12\/agricoltura-1536x864.jpg 1536w, https:\/\/www.guarnibeta.net\/wp-content\/uploads\/2023\/12\/agricoltura.jpg 1920w\" sizes=\"(max-width: 1024px) 100vw, 1024px\" \/>\t\t\t\t\t\t\t\t\t\t\t\t\t\t<\/div>\n\t\t\t\t\t\t<\/div>\n\t\t\t\t<\/div>\n\t\t\t\t\t<\/div>\n\t\t\t\t<\/div>\n\t\t\t\t\t\t\t\t\t<\/div>\n\t\t\t<\/div>\n\t\t\t\t\t<\/div>\n\t\t","protected":false},"excerpt":{"rendered":"<p>Dichtungen f\u00fcr den landwirtschaftlichen Sektor Unsere Firma ist ein Referenzpunkt in der Landwirtschaft und bietet widerstandsf\u00e4hige und langlebige Produkte, die ideal f\u00fcr den Einsatz unter extremen Bedingungen und auf schwierigem Gel\u00e4nde sind. Mit den Spritzgussmaschinen der neuesten Generation garantieren wir h\u00f6chste Qualit\u00e4t und Pr\u00e4zision bei jedem von uns hergestellten Produkt. Diese Teile sind in perfekter [&hellip;]<\/p>\n","protected":false},"author":1,"featured_media":0,"parent":0,"menu_order":0,"comment_status":"closed","ping_status":"closed","template":"","meta":{"footnotes":""},"class_list":["post-10943","page","type-page","status-publish","hentry"],"yoast_head":"<!-- This site is optimized with the Yoast SEO plugin v21.8 - https:\/\/yoast.com\/wordpress\/plugins\/seo\/ -->\n<title>Landwirtschaft - Nuova Guarnibeta<\/title>\n<meta name=\"robots\" content=\"index, follow, max-snippet:-1, max-image-preview:large, max-video-preview:-1\" \/>\n<link rel=\"canonical\" href=\"https:\/\/www.guarnibeta.net\/de\/landwirtschaft\/\" \/>\n<meta property=\"og:locale\" content=\"de_DE\" \/>\n<meta property=\"og:type\" content=\"article\" \/>\n<meta property=\"og:title\" content=\"Landwirtschaft - Nuova Guarnibeta\" \/>\n<meta property=\"og:description\" content=\"Dichtungen f\u00fcr den landwirtschaftlichen Sektor Unsere Firma ist ein Referenzpunkt in der Landwirtschaft und bietet widerstandsf\u00e4hige und langlebige Produkte, die ideal f\u00fcr den Einsatz unter extremen Bedingungen und auf schwierigem Gel\u00e4nde sind. Mit den Spritzgussmaschinen der neuesten Generation garantieren wir h\u00f6chste Qualit\u00e4t und Pr\u00e4zision bei jedem von uns hergestellten Produkt. Diese Teile sind in perfekter [&hellip;]\" \/>\n<meta property=\"og:url\" content=\"https:\/\/www.guarnibeta.net\/de\/landwirtschaft\/\" \/>\n<meta property=\"og:site_name\" content=\"Nuova Guarnibeta\" \/>\n<meta property=\"article:modified_time\" content=\"2024-02-27T15:05:05+00:00\" \/>\n<meta property=\"og:image\" content=\"https:\/\/www.guarnibeta.net\/wp-content\/uploads\/2023\/12\/agricoltura-1024x576.jpg\" \/>\n<meta name=\"twitter:card\" content=\"summary_large_image\" \/>\n<meta name=\"twitter:label1\" content=\"Gesch\u00e4tzte Lesezeit\" \/>\n\t<meta name=\"twitter:data1\" content=\"1\u00a0Minute\" \/>\n<script type=\"application\/ld+json\" class=\"yoast-schema-graph\">{\"@context\":\"https:\/\/schema.org\",\"@graph\":[{\"@type\":\"WebPage\",\"@id\":\"https:\/\/www.guarnibeta.net\/de\/landwirtschaft\/\",\"url\":\"https:\/\/www.guarnibeta.net\/de\/landwirtschaft\/\",\"name\":\"Landwirtschaft - Nuova Guarnibeta\",\"isPartOf\":{\"@id\":\"https:\/\/www.guarnibeta.net\/de\/#website\"},\"datePublished\":\"2023-01-27T10:18:46+00:00\",\"dateModified\":\"2024-02-27T15:05:05+00:00\",\"breadcrumb\":{\"@id\":\"https:\/\/www.guarnibeta.net\/de\/landwirtschaft\/#breadcrumb\"},\"inLanguage\":\"de\",\"potentialAction\":[{\"@type\":\"ReadAction\",\"target\":[\"https:\/\/www.guarnibeta.net\/de\/landwirtschaft\/\"]}]},{\"@type\":\"BreadcrumbList\",\"@id\":\"https:\/\/www.guarnibeta.net\/de\/landwirtschaft\/#breadcrumb\",\"itemListElement\":[{\"@type\":\"ListItem\",\"position\":1,\"name\":\"Home\",\"item\":\"https:\/\/www.guarnibeta.net\/de\/\"},{\"@type\":\"ListItem\",\"position\":2,\"name\":\"Landwirtschaft\"}]},{\"@type\":\"WebSite\",\"@id\":\"https:\/\/www.guarnibeta.net\/de\/#website\",\"url\":\"https:\/\/www.guarnibeta.net\/de\/\",\"name\":\"Nuova Guarnibeta Srl\",\"description\":\"\",\"publisher\":{\"@id\":\"https:\/\/www.guarnibeta.net\/de\/#organization\"},\"potentialAction\":[{\"@type\":\"SearchAction\",\"target\":{\"@type\":\"EntryPoint\",\"urlTemplate\":\"https:\/\/www.guarnibeta.net\/de\/?s={search_term_string}\"},\"query-input\":\"required name=search_term_string\"}],\"inLanguage\":\"de\"},{\"@type\":\"Organization\",\"@id\":\"https:\/\/www.guarnibeta.net\/de\/#organization\",\"name\":\"Nuova Guarnibeta Srl\",\"url\":\"https:\/\/www.guarnibeta.net\/de\/\",\"logo\":{\"@type\":\"ImageObject\",\"inLanguage\":\"de\",\"@id\":\"https:\/\/www.guarnibeta.net\/de\/#\/schema\/logo\/image\/\",\"url\":\"https:\/\/www.guarnibeta.net\/wp-content\/uploads\/2023\/12\/logo-GB_2-1.jpg\",\"contentUrl\":\"https:\/\/www.guarnibeta.net\/wp-content\/uploads\/2023\/12\/logo-GB_2-1.jpg\",\"width\":566,\"height\":191,\"caption\":\"Nuova Guarnibeta Srl\"},\"image\":{\"@id\":\"https:\/\/www.guarnibeta.net\/de\/#\/schema\/logo\/image\/\"}}]}<\/script>\n<!-- \/ Yoast SEO plugin. -->","yoast_head_json":{"title":"Landwirtschaft - Nuova Guarnibeta","robots":{"index":"index","follow":"follow","max-snippet":"max-snippet:-1","max-image-preview":"max-image-preview:large","max-video-preview":"max-video-preview:-1"},"canonical":"https:\/\/www.guarnibeta.net\/de\/landwirtschaft\/","og_locale":"de_DE","og_type":"article","og_title":"Landwirtschaft - Nuova Guarnibeta","og_description":"Dichtungen f\u00fcr den landwirtschaftlichen Sektor Unsere Firma ist ein Referenzpunkt in der Landwirtschaft und bietet widerstandsf\u00e4hige und langlebige Produkte, die ideal f\u00fcr den Einsatz unter extremen Bedingungen und auf schwierigem Gel\u00e4nde sind. Mit den Spritzgussmaschinen der neuesten Generation garantieren wir h\u00f6chste Qualit\u00e4t und Pr\u00e4zision bei jedem von uns hergestellten Produkt. Diese Teile sind in perfekter [&hellip;]","og_url":"https:\/\/www.guarnibeta.net\/de\/landwirtschaft\/","og_site_name":"Nuova Guarnibeta","article_modified_time":"2024-02-27T15:05:05+00:00","og_image":[{"url":"https:\/\/www.guarnibeta.net\/wp-content\/uploads\/2023\/12\/agricoltura-1024x576.jpg"}],"twitter_card":"summary_large_image","twitter_misc":{"Gesch\u00e4tzte Lesezeit":"1\u00a0Minute"},"schema":{"@context":"https:\/\/schema.org","@graph":[{"@type":"WebPage","@id":"https:\/\/www.guarnibeta.net\/de\/landwirtschaft\/","url":"https:\/\/www.guarnibeta.net\/de\/landwirtschaft\/","name":"Landwirtschaft - Nuova Guarnibeta","isPartOf":{"@id":"https:\/\/www.guarnibeta.net\/de\/#website"},"datePublished":"2023-01-27T10:18:46+00:00","dateModified":"2024-02-27T15:05:05+00:00","breadcrumb":{"@id":"https:\/\/www.guarnibeta.net\/de\/landwirtschaft\/#breadcrumb"},"inLanguage":"de","potentialAction":[{"@type":"ReadAction","target":["https:\/\/www.guarnibeta.net\/de\/landwirtschaft\/"]}]},{"@type":"BreadcrumbList","@id":"https:\/\/www.guarnibeta.net\/de\/landwirtschaft\/#breadcrumb","itemListElement":[{"@type":"ListItem","position":1,"name":"Home","item":"https:\/\/www.guarnibeta.net\/de\/"},{"@type":"ListItem","position":2,"name":"Landwirtschaft"}]},{"@type":"WebSite","@id":"https:\/\/www.guarnibeta.net\/de\/#website","url":"https:\/\/www.guarnibeta.net\/de\/","name":"Nuova Guarnibeta Srl","description":"","publisher":{"@id":"https:\/\/www.guarnibeta.net\/de\/#organization"},"potentialAction":[{"@type":"SearchAction","target":{"@type":"EntryPoint","urlTemplate":"https:\/\/www.guarnibeta.net\/de\/?s={search_term_string}"},"query-input":"required name=search_term_string"}],"inLanguage":"de"},{"@type":"Organization","@id":"https:\/\/www.guarnibeta.net\/de\/#organization","name":"Nuova Guarnibeta Srl","url":"https:\/\/www.guarnibeta.net\/de\/","logo":{"@type":"ImageObject","inLanguage":"de","@id":"https:\/\/www.guarnibeta.net\/de\/#\/schema\/logo\/image\/","url":"https:\/\/www.guarnibeta.net\/wp-content\/uploads\/2023\/12\/logo-GB_2-1.jpg","contentUrl":"https:\/\/www.guarnibeta.net\/wp-content\/uploads\/2023\/12\/logo-GB_2-1.jpg","width":566,"height":191,"caption":"Nuova Guarnibeta Srl"},"image":{"@id":"https:\/\/www.guarnibeta.net\/de\/#\/schema\/logo\/image\/"}}]}},"_links":{"self":[{"href":"https:\/\/www.guarnibeta.net\/de\/wp-json\/wp\/v2\/pages\/10943","targetHints":{"allow":["GET"]}}],"collection":[{"href":"https:\/\/www.guarnibeta.net\/de\/wp-json\/wp\/v2\/pages"}],"about":[{"href":"https:\/\/www.guarnibeta.net\/de\/wp-json\/wp\/v2\/types\/page"}],"author":[{"embeddable":true,"href":"https:\/\/www.guarnibeta.net\/de\/wp-json\/wp\/v2\/users\/1"}],"replies":[{"embeddable":true,"href":"https:\/\/www.guarnibeta.net\/de\/wp-json\/wp\/v2\/comments?post=10943"}],"version-history":[{"count":0,"href":"https:\/\/www.guarnibeta.net\/de\/wp-json\/wp\/v2\/pages\/10943\/revisions"}],"wp:attachment":[{"href":"https:\/\/www.guarnibeta.net\/de\/wp-json\/wp\/v2\/media?parent=10943"}],"curies":[{"name":"wp","href":"https:\/\/api.w.org\/{rel}","templated":true}]}}