{"id":10940,"date":"2023-01-27T11:21:25","date_gmt":"2023-01-27T10:21:25","guid":{"rendered":"https:\/\/www.guarnibeta.net\/industriale\/"},"modified":"2024-01-31T10:27:00","modified_gmt":"2024-01-31T09:27:00","slug":"industrie","status":"publish","type":"page","link":"https:\/\/www.guarnibeta.net\/de\/industrie\/","title":{"rendered":"Industrie"},"content":{"rendered":"\t\t<div data-elementor-type=\"wp-page\" data-elementor-id=\"10940\" class=\"elementor elementor-10940 elementor-8047\" data-elementor-post-type=\"page\">\n\t\t\t\t\t\t<div class=\"elementor-inner\">\n\t\t\t\t<div class=\"elementor-section-wrap\">\n\t\t\t\t\t\t\t\t\t<section class=\"elementor-section elementor-top-section elementor-element elementor-element-de7569a elementor-section-full_width elementor-section-height-default elementor-section-height-default qodef-elementor-content-no\" data-id=\"de7569a\" data-element_type=\"section\">\n\t\t\t\t\t\t<div class=\"elementor-container elementor-column-gap-no\">\n\t\t\t\t\t\t\t<div class=\"elementor-row\">\n\t\t\t\t\t<div class=\"elementor-column elementor-col-100 elementor-top-column elementor-element elementor-element-a038c97\" data-id=\"a038c97\" data-element_type=\"column\">\n\t\t\t<div class=\"elementor-column-wrap elementor-element-populated\">\n\t\t\t\t\t\t\t<div class=\"elementor-widget-wrap\">\n\t\t\t\t\t\t<div class=\"elementor-element elementor-element-8477cbf elementor-widget elementor-widget-globefarer_core_section_title\" data-id=\"8477cbf\" data-element_type=\"widget\" data-widget_type=\"globefarer_core_section_title.default\">\n\t\t\t\t<div class=\"elementor-widget-container\">\n\t\t\t<div class=\"qodef-shortcode qodef-m  qodef-section-title qodef-alignment--left   qodef-appear-animation--no\">\n\t\t\t<h2 class=\"qodef-m-title\" >\n\t\t\t\t\tDichtungen f\u00fcr den Industriesektor\t\t\t<\/h2>\n\t\t<p class=\"qodef-m-text\" style=\"margin-top: 30px;color: #4B4B4B\">In der Schwerindustrie, wo die Widerstandsf\u00e4higkeit gegen raue Bedingungen unerl\u00e4sslich ist, zeichnen sich unsere Produkte durch ihre F\u00e4higkeit aus, auch in den anspruchsvollsten Umgebungen eine hohe Leistung aufrechtzuerhalten. Mit Spritzgussmaschinen der neuesten Generation stellen wir die Herstellung von Dichtungen h\u00f6chster Qualit\u00e4t, Robustheit und Zuverl\u00e4ssigkeit sicher. Diese Komponenten sind sorgf\u00e4ltig so konzipiert, dass sie nahtlos in das Design des Endprodukts integriert werden und effektive L\u00f6sungen bieten, um die Schwerindustrie zu unterst\u00fctzen und Zuverl\u00e4ssigkeit und Langlebigkeit auch unter intensiver mechanischer und Umweltbelastung zu gew\u00e4hrleisten.\n<\/p>\n\t<\/div>\n\t\t<\/div>\n\t\t\t\t<\/div>\n\t\t\t\t\t\t<\/div>\n\t\t\t\t\t<\/div>\n\t\t<\/div>\n\t\t\t\t\t\t\t\t<\/div>\n\t\t\t\t\t<\/div>\n\t\t<\/section>\n\t\t<div class=\"elementor-element elementor-element-6eeacbb e-flex e-con-boxed e-con e-parent\" data-id=\"6eeacbb\" data-element_type=\"container\" data-settings=\"{&quot;content_width&quot;:&quot;boxed&quot;}\" data-core-v316-plus=\"true\">\n\t\t\t\t\t<div class=\"e-con-inner\">\n\t\t\t\t<div class=\"elementor-element elementor-element-7851f2b elementor-widget elementor-widget-spacer\" data-id=\"7851f2b\" data-element_type=\"widget\" data-widget_type=\"spacer.default\">\n\t\t\t\t<div class=\"elementor-widget-container\">\n\t\t\t<style>\/*! elementor - v3.18.0 - 06-12-2023 *\/\n.elementor-column .elementor-spacer-inner{height:var(--spacer-size)}.e-con{--container-widget-width:100%}.e-con-inner>.elementor-widget-spacer,.e-con>.elementor-widget-spacer{width:var(--container-widget-width,var(--spacer-size));--align-self:var(--container-widget-align-self,initial);--flex-shrink:0}.e-con-inner>.elementor-widget-spacer>.elementor-widget-container,.e-con>.elementor-widget-spacer>.elementor-widget-container{height:100%;width:100%}.e-con-inner>.elementor-widget-spacer>.elementor-widget-container>.elementor-spacer,.e-con>.elementor-widget-spacer>.elementor-widget-container>.elementor-spacer{height:100%}.e-con-inner>.elementor-widget-spacer>.elementor-widget-container>.elementor-spacer>.elementor-spacer-inner,.e-con>.elementor-widget-spacer>.elementor-widget-container>.elementor-spacer>.elementor-spacer-inner{height:var(--container-widget-height,var(--spacer-size))}.e-con-inner>.elementor-widget-spacer.elementor-widget-empty,.e-con>.elementor-widget-spacer.elementor-widget-empty{position:relative;min-height:22px;min-width:22px}.e-con-inner>.elementor-widget-spacer.elementor-widget-empty .elementor-widget-empty-icon,.e-con>.elementor-widget-spacer.elementor-widget-empty .elementor-widget-empty-icon{position:absolute;top:0;bottom:0;left:0;right:0;margin:auto;padding:0;width:22px;height:22px}<\/style>\t\t<div class=\"elementor-spacer\">\n\t\t\t<div class=\"elementor-spacer-inner\"><\/div>\n\t\t<\/div>\n\t\t\t\t<\/div>\n\t\t\t\t<\/div>\n\t\t\t\t<div class=\"elementor-element elementor-element-6b26658 elementor-widget elementor-widget-image\" data-id=\"6b26658\" data-element_type=\"widget\" data-widget_type=\"image.default\">\n\t\t\t\t<div class=\"elementor-widget-container\">\n\t\t\t<style>\/*! elementor - v3.18.0 - 06-12-2023 *\/\n.elementor-widget-image{text-align:center}.elementor-widget-image a{display:inline-block}.elementor-widget-image a img[src$=\".svg\"]{width:48px}.elementor-widget-image img{vertical-align:middle;display:inline-block}<\/style>\t\t\t\t\t<div class=\"elementor-image\">\n\t\t\t\t\t\t\t\t\t\t\t\t<img fetchpriority=\"high\" decoding=\"async\" width=\"1024\" height=\"576\" src=\"https:\/\/www.guarnibeta.net\/wp-content\/uploads\/2023\/12\/avionic-1024x576.jpg\" class=\"attachment-large size-large wp-image-9272\" alt=\"\" srcset=\"https:\/\/www.guarnibeta.net\/wp-content\/uploads\/2023\/12\/avionic-1024x576.jpg 1024w, https:\/\/www.guarnibeta.net\/wp-content\/uploads\/2023\/12\/avionic-300x169.jpg 300w, https:\/\/www.guarnibeta.net\/wp-content\/uploads\/2023\/12\/avionic-768x432.jpg 768w, https:\/\/www.guarnibeta.net\/wp-content\/uploads\/2023\/12\/avionic-1536x864.jpg 1536w, https:\/\/www.guarnibeta.net\/wp-content\/uploads\/2023\/12\/avionic.jpg 1920w\" sizes=\"(max-width: 1024px) 100vw, 1024px\" \/>\t\t\t\t\t\t\t\t\t\t\t\t\t\t<\/div>\n\t\t\t\t\t\t<\/div>\n\t\t\t\t<\/div>\n\t\t\t\t\t<\/div>\n\t\t\t\t<\/div>\n\t\t\t\t\t\t\t\t\t<\/div>\n\t\t\t<\/div>\n\t\t\t\t\t<\/div>\n\t\t","protected":false},"excerpt":{"rendered":"<p>Dichtungen f\u00fcr den Industriesektor In der Schwerindustrie, wo die Widerstandsf\u00e4higkeit gegen raue Bedingungen unerl\u00e4sslich ist, zeichnen sich unsere Produkte durch ihre F\u00e4higkeit aus, auch in den anspruchsvollsten Umgebungen eine hohe Leistung aufrechtzuerhalten. Mit Spritzgussmaschinen der neuesten Generation stellen wir die Herstellung von Dichtungen h\u00f6chster Qualit\u00e4t, Robustheit und Zuverl\u00e4ssigkeit sicher. Diese Komponenten sind sorgf\u00e4ltig so konzipiert, [&hellip;]<\/p>\n","protected":false},"author":1,"featured_media":0,"parent":0,"menu_order":0,"comment_status":"closed","ping_status":"closed","template":"","meta":{"footnotes":""},"class_list":["post-10940","page","type-page","status-publish","hentry"],"yoast_head":"<!-- This site is optimized with the Yoast SEO plugin v21.8 - https:\/\/yoast.com\/wordpress\/plugins\/seo\/ -->\n<title>Industrie - Nuova Guarnibeta<\/title>\n<meta name=\"robots\" content=\"index, follow, max-snippet:-1, max-image-preview:large, max-video-preview:-1\" \/>\n<link rel=\"canonical\" href=\"https:\/\/www.guarnibeta.net\/de\/industrie\/\" \/>\n<meta property=\"og:locale\" content=\"de_DE\" \/>\n<meta property=\"og:type\" content=\"article\" \/>\n<meta property=\"og:title\" content=\"Industrie - Nuova Guarnibeta\" \/>\n<meta property=\"og:description\" content=\"Dichtungen f\u00fcr den Industriesektor In der Schwerindustrie, wo die Widerstandsf\u00e4higkeit gegen raue Bedingungen unerl\u00e4sslich ist, zeichnen sich unsere Produkte durch ihre F\u00e4higkeit aus, auch in den anspruchsvollsten Umgebungen eine hohe Leistung aufrechtzuerhalten. Mit Spritzgussmaschinen der neuesten Generation stellen wir die Herstellung von Dichtungen h\u00f6chster Qualit\u00e4t, Robustheit und Zuverl\u00e4ssigkeit sicher. Diese Komponenten sind sorgf\u00e4ltig so konzipiert, [&hellip;]\" \/>\n<meta property=\"og:url\" content=\"https:\/\/www.guarnibeta.net\/de\/industrie\/\" \/>\n<meta property=\"og:site_name\" content=\"Nuova Guarnibeta\" \/>\n<meta property=\"article:modified_time\" content=\"2024-01-31T09:27:00+00:00\" \/>\n<meta property=\"og:image\" content=\"https:\/\/www.guarnibeta.net\/wp-content\/uploads\/2023\/12\/avionic-1024x576.jpg\" \/>\n<meta name=\"twitter:card\" content=\"summary_large_image\" \/>\n<meta name=\"twitter:label1\" content=\"Gesch\u00e4tzte Lesezeit\" \/>\n\t<meta name=\"twitter:data1\" content=\"1\u00a0Minute\" \/>\n<script type=\"application\/ld+json\" class=\"yoast-schema-graph\">{\"@context\":\"https:\/\/schema.org\",\"@graph\":[{\"@type\":\"WebPage\",\"@id\":\"https:\/\/www.guarnibeta.net\/de\/industrie\/\",\"url\":\"https:\/\/www.guarnibeta.net\/de\/industrie\/\",\"name\":\"Industrie - Nuova Guarnibeta\",\"isPartOf\":{\"@id\":\"https:\/\/www.guarnibeta.net\/de\/#website\"},\"datePublished\":\"2023-01-27T10:21:25+00:00\",\"dateModified\":\"2024-01-31T09:27:00+00:00\",\"breadcrumb\":{\"@id\":\"https:\/\/www.guarnibeta.net\/de\/industrie\/#breadcrumb\"},\"inLanguage\":\"de\",\"potentialAction\":[{\"@type\":\"ReadAction\",\"target\":[\"https:\/\/www.guarnibeta.net\/de\/industrie\/\"]}]},{\"@type\":\"BreadcrumbList\",\"@id\":\"https:\/\/www.guarnibeta.net\/de\/industrie\/#breadcrumb\",\"itemListElement\":[{\"@type\":\"ListItem\",\"position\":1,\"name\":\"Home\",\"item\":\"https:\/\/www.guarnibeta.net\/de\/\"},{\"@type\":\"ListItem\",\"position\":2,\"name\":\"Industrie\"}]},{\"@type\":\"WebSite\",\"@id\":\"https:\/\/www.guarnibeta.net\/de\/#website\",\"url\":\"https:\/\/www.guarnibeta.net\/de\/\",\"name\":\"Nuova Guarnibeta Srl\",\"description\":\"\",\"publisher\":{\"@id\":\"https:\/\/www.guarnibeta.net\/de\/#organization\"},\"potentialAction\":[{\"@type\":\"SearchAction\",\"target\":{\"@type\":\"EntryPoint\",\"urlTemplate\":\"https:\/\/www.guarnibeta.net\/de\/?s={search_term_string}\"},\"query-input\":\"required name=search_term_string\"}],\"inLanguage\":\"de\"},{\"@type\":\"Organization\",\"@id\":\"https:\/\/www.guarnibeta.net\/de\/#organization\",\"name\":\"Nuova Guarnibeta Srl\",\"url\":\"https:\/\/www.guarnibeta.net\/de\/\",\"logo\":{\"@type\":\"ImageObject\",\"inLanguage\":\"de\",\"@id\":\"https:\/\/www.guarnibeta.net\/de\/#\/schema\/logo\/image\/\",\"url\":\"https:\/\/www.guarnibeta.net\/wp-content\/uploads\/2023\/12\/logo-GB_2-1.jpg\",\"contentUrl\":\"https:\/\/www.guarnibeta.net\/wp-content\/uploads\/2023\/12\/logo-GB_2-1.jpg\",\"width\":566,\"height\":191,\"caption\":\"Nuova Guarnibeta Srl\"},\"image\":{\"@id\":\"https:\/\/www.guarnibeta.net\/de\/#\/schema\/logo\/image\/\"}}]}<\/script>\n<!-- \/ Yoast SEO plugin. -->","yoast_head_json":{"title":"Industrie - Nuova Guarnibeta","robots":{"index":"index","follow":"follow","max-snippet":"max-snippet:-1","max-image-preview":"max-image-preview:large","max-video-preview":"max-video-preview:-1"},"canonical":"https:\/\/www.guarnibeta.net\/de\/industrie\/","og_locale":"de_DE","og_type":"article","og_title":"Industrie - Nuova Guarnibeta","og_description":"Dichtungen f\u00fcr den Industriesektor In der Schwerindustrie, wo die Widerstandsf\u00e4higkeit gegen raue Bedingungen unerl\u00e4sslich ist, zeichnen sich unsere Produkte durch ihre F\u00e4higkeit aus, auch in den anspruchsvollsten Umgebungen eine hohe Leistung aufrechtzuerhalten. Mit Spritzgussmaschinen der neuesten Generation stellen wir die Herstellung von Dichtungen h\u00f6chster Qualit\u00e4t, Robustheit und Zuverl\u00e4ssigkeit sicher. Diese Komponenten sind sorgf\u00e4ltig so konzipiert, [&hellip;]","og_url":"https:\/\/www.guarnibeta.net\/de\/industrie\/","og_site_name":"Nuova Guarnibeta","article_modified_time":"2024-01-31T09:27:00+00:00","og_image":[{"url":"https:\/\/www.guarnibeta.net\/wp-content\/uploads\/2023\/12\/avionic-1024x576.jpg"}],"twitter_card":"summary_large_image","twitter_misc":{"Gesch\u00e4tzte Lesezeit":"1\u00a0Minute"},"schema":{"@context":"https:\/\/schema.org","@graph":[{"@type":"WebPage","@id":"https:\/\/www.guarnibeta.net\/de\/industrie\/","url":"https:\/\/www.guarnibeta.net\/de\/industrie\/","name":"Industrie - Nuova Guarnibeta","isPartOf":{"@id":"https:\/\/www.guarnibeta.net\/de\/#website"},"datePublished":"2023-01-27T10:21:25+00:00","dateModified":"2024-01-31T09:27:00+00:00","breadcrumb":{"@id":"https:\/\/www.guarnibeta.net\/de\/industrie\/#breadcrumb"},"inLanguage":"de","potentialAction":[{"@type":"ReadAction","target":["https:\/\/www.guarnibeta.net\/de\/industrie\/"]}]},{"@type":"BreadcrumbList","@id":"https:\/\/www.guarnibeta.net\/de\/industrie\/#breadcrumb","itemListElement":[{"@type":"ListItem","position":1,"name":"Home","item":"https:\/\/www.guarnibeta.net\/de\/"},{"@type":"ListItem","position":2,"name":"Industrie"}]},{"@type":"WebSite","@id":"https:\/\/www.guarnibeta.net\/de\/#website","url":"https:\/\/www.guarnibeta.net\/de\/","name":"Nuova Guarnibeta Srl","description":"","publisher":{"@id":"https:\/\/www.guarnibeta.net\/de\/#organization"},"potentialAction":[{"@type":"SearchAction","target":{"@type":"EntryPoint","urlTemplate":"https:\/\/www.guarnibeta.net\/de\/?s={search_term_string}"},"query-input":"required name=search_term_string"}],"inLanguage":"de"},{"@type":"Organization","@id":"https:\/\/www.guarnibeta.net\/de\/#organization","name":"Nuova Guarnibeta Srl","url":"https:\/\/www.guarnibeta.net\/de\/","logo":{"@type":"ImageObject","inLanguage":"de","@id":"https:\/\/www.guarnibeta.net\/de\/#\/schema\/logo\/image\/","url":"https:\/\/www.guarnibeta.net\/wp-content\/uploads\/2023\/12\/logo-GB_2-1.jpg","contentUrl":"https:\/\/www.guarnibeta.net\/wp-content\/uploads\/2023\/12\/logo-GB_2-1.jpg","width":566,"height":191,"caption":"Nuova Guarnibeta Srl"},"image":{"@id":"https:\/\/www.guarnibeta.net\/de\/#\/schema\/logo\/image\/"}}]}},"_links":{"self":[{"href":"https:\/\/www.guarnibeta.net\/de\/wp-json\/wp\/v2\/pages\/10940","targetHints":{"allow":["GET"]}}],"collection":[{"href":"https:\/\/www.guarnibeta.net\/de\/wp-json\/wp\/v2\/pages"}],"about":[{"href":"https:\/\/www.guarnibeta.net\/de\/wp-json\/wp\/v2\/types\/page"}],"author":[{"embeddable":true,"href":"https:\/\/www.guarnibeta.net\/de\/wp-json\/wp\/v2\/users\/1"}],"replies":[{"embeddable":true,"href":"https:\/\/www.guarnibeta.net\/de\/wp-json\/wp\/v2\/comments?post=10940"}],"version-history":[{"count":0,"href":"https:\/\/www.guarnibeta.net\/de\/wp-json\/wp\/v2\/pages\/10940\/revisions"}],"wp:attachment":[{"href":"https:\/\/www.guarnibeta.net\/de\/wp-json\/wp\/v2\/media?parent=10940"}],"curies":[{"name":"wp","href":"https:\/\/api.w.org\/{rel}","templated":true}]}}