{"id":10929,"date":"2023-12-07T16:02:29","date_gmt":"2023-12-07T15:02:29","guid":{"rendered":"https:\/\/www.guarnibeta.net\/certificazioni\/"},"modified":"2025-04-09T16:03:47","modified_gmt":"2025-04-09T14:03:47","slug":"qualitaet","status":"publish","type":"page","link":"https:\/\/www.guarnibeta.net\/de\/qualitaet\/","title":{"rendered":"QUALIT\u00c4T"},"content":{"rendered":"\t\t<div data-elementor-type=\"wp-page\" data-elementor-id=\"10929\" class=\"elementor elementor-10929 elementor-9592\" data-elementor-post-type=\"page\">\n\t\t\t\t\t\t<div class=\"elementor-inner\">\n\t\t\t\t<div class=\"elementor-section-wrap\">\n\t\t\t\t\t\t\t\t\t<section class=\"elementor-section elementor-top-section elementor-element elementor-element-6126ec6 elementor-section-full_width qodef-elementor-content-grid elementor-section-height-default elementor-section-height-default\" data-id=\"6126ec6\" data-element_type=\"section\" data-settings=\"{&quot;background_background&quot;:&quot;classic&quot;}\">\n\t\t\t\t\t\t<div class=\"elementor-container elementor-column-gap-no\">\n\t\t\t\t\t\t\t<div class=\"elementor-row\">\n\t\t\t\t\t<div class=\"elementor-column elementor-col-100 elementor-top-column elementor-element elementor-element-111948d\" data-id=\"111948d\" data-element_type=\"column\">\n\t\t\t<div class=\"elementor-column-wrap elementor-element-populated\">\n\t\t\t\t\t\t\t<div class=\"elementor-widget-wrap\">\n\t\t\t\t\t\t<div class=\"elementor-element elementor-element-d1b2694 elementor-widget elementor-widget-globefarer_core_divided_image_info\" data-id=\"d1b2694\" data-element_type=\"widget\" data-widget_type=\"globefarer_core_divided_image_info.default\">\n\t\t\t\t<div class=\"elementor-widget-container\">\n\t\t\t<div class=\"qodef-shortcode qodef-m  qodef-divided-image-info qodef-layout--image-right qodef-separator--on qodef-vertically-centered--on qodef-breakpoint--1024 qodef-appear-animation--no \">\n\t<div class=\"qodef-m-content\" style=\"margin-top: 0px;padding-left: 0px;padding-right: 4%\">\n\t\t\t<h2 itemprop=\"name\" class=\"qodef-m-title\" style=\"margin-bottom: 29px\">\n\tZertifizierungen und Konformit\u00e4t\t<\/h2>\n\t<p class=\"qodef-m-text\" >\n\t\tBei Nuova Guarnibeta bedeutet Qualit\u00e4t kontinuierliche Aufmerksamkeit f\u00fcr Gesch\u00e4ftsprozesse und Kundenbed\u00fcrfnisse; sie ist daher ein integraler Bestandteil unserer Aktivit\u00e4ten. Durch ein strukturiertes Qualit\u00e4tsmanagementsystem (QMS) gew\u00e4hrleisten wir effiziente Prozesse, durchgehende R\u00fcckverfolgbarkeit und konforme Produkte. Unsere Akkreditierungen bezeugen unser Engagement f\u00fcr die Einhaltung geltender Vorschriften und die langfristige Bereitstellung zuverl\u00e4ssiger Produkte und Dienstleistungen.\t<\/p>\n<\/div>\n\t<div class=\"qodef-m-image\" style=\"width: 50%;padding-left: 5.8%;padding-right: 0px\">\n\t\t<img fetchpriority=\"high\" decoding=\"async\" width=\"858\" height=\"355\" src=\"https:\/\/www.guarnibeta.net\/wp-content\/uploads\/2025\/04\/certificazioni-2025.jpg\" class=\"attachment-full size-full\" alt=\"\" srcset=\"https:\/\/www.guarnibeta.net\/wp-content\/uploads\/2025\/04\/certificazioni-2025.jpg 858w, https:\/\/www.guarnibeta.net\/wp-content\/uploads\/2025\/04\/certificazioni-2025-300x124.jpg 300w, https:\/\/www.guarnibeta.net\/wp-content\/uploads\/2025\/04\/certificazioni-2025-768x318.jpg 768w\" sizes=\"(max-width: 858px) 100vw, 858px\" \/>\t<\/div>\n<\/div>\n\t\t<\/div>\n\t\t\t\t<\/div>\n\t\t\t\t\t\t<\/div>\n\t\t\t\t\t<\/div>\n\t\t<\/div>\n\t\t\t\t\t\t\t\t<\/div>\n\t\t\t\t\t<\/div>\n\t\t<\/section>\n\t\t<div class=\"elementor-element elementor-element-be24c0a e-flex e-con-boxed e-con e-parent\" data-id=\"be24c0a\" data-element_type=\"container\" data-settings=\"{&quot;content_width&quot;:&quot;boxed&quot;}\" data-core-v316-plus=\"true\">\n\t\t\t\t\t<div class=\"e-con-inner\">\n\t\t<div class=\"elementor-element elementor-element-16c1bd0 e-con-full e-flex e-con e-child\" data-id=\"16c1bd0\" data-element_type=\"container\" data-settings=\"{&quot;content_width&quot;:&quot;full&quot;}\">\n\t\t\t\t<div class=\"elementor-element elementor-element-5b5b6be elementor-widget elementor-widget-heading\" data-id=\"5b5b6be\" data-element_type=\"widget\" data-widget_type=\"heading.default\">\n\t\t\t\t<div class=\"elementor-widget-container\">\n\t\t\t<style>\/*! elementor - v3.18.0 - 06-12-2023 *\/\n.elementor-heading-title{padding:0;margin:0;line-height:1}.elementor-widget-heading .elementor-heading-title[class*=elementor-size-]>a{color:inherit;font-size:inherit;line-height:inherit}.elementor-widget-heading .elementor-heading-title.elementor-size-small{font-size:15px}.elementor-widget-heading .elementor-heading-title.elementor-size-medium{font-size:19px}.elementor-widget-heading .elementor-heading-title.elementor-size-large{font-size:29px}.elementor-widget-heading .elementor-heading-title.elementor-size-xl{font-size:39px}.elementor-widget-heading .elementor-heading-title.elementor-size-xxl{font-size:59px}<\/style><h2 class=\"elementor-heading-title elementor-size-default\">ISO 9001<\/h2>\t\t<\/div>\n\t\t\t\t<\/div>\n\t\t\t\t<div class=\"elementor-element elementor-element-2f936ec elementor-widget elementor-widget-text-editor\" data-id=\"2f936ec\" data-element_type=\"widget\" data-widget_type=\"text-editor.default\">\n\t\t\t\t<div class=\"elementor-widget-container\">\n\t\t\t<style>\/*! elementor - v3.18.0 - 06-12-2023 *\/\n.elementor-widget-text-editor.elementor-drop-cap-view-stacked .elementor-drop-cap{background-color:#69727d;color:#fff}.elementor-widget-text-editor.elementor-drop-cap-view-framed .elementor-drop-cap{color:#69727d;border:3px solid;background-color:transparent}.elementor-widget-text-editor:not(.elementor-drop-cap-view-default) .elementor-drop-cap{margin-top:8px}.elementor-widget-text-editor:not(.elementor-drop-cap-view-default) .elementor-drop-cap-letter{width:1em;height:1em}.elementor-widget-text-editor .elementor-drop-cap{float:left;text-align:center;line-height:1;font-size:50px}.elementor-widget-text-editor .elementor-drop-cap-letter{display:inline-block}<\/style>\t\t\t\t\t<div class=\"elementor-text-editor elementor-clearfix\">\n\t\t\t\t<p>Die ISO 9001-Zertifizierung bildet die Grundlage unseres Qualit\u00e4tsansatzes. Ihre Anwendung beschr\u00e4nkt sich nicht nur auf die Einhaltung von Vorschriften, sondern wird in eine strukturierte Arbeitsweise umgesetzt, die auf kontinuierliche Optimierung, Fehlerreduzierung und Kundenzufriedenheit abzielt. F\u00fcr diejenigen, die sich f\u00fcr Nuova Guarnibeta entscheiden, bedeutet dies, auf ein Unternehmen zu setzen, das Qualit\u00e4t als zentralen Wert seines Handelns betrachtet.<\/p>\t\t\t\t\t<\/div>\n\t\t\t\t\t\t<\/div>\n\t\t\t\t<\/div>\n\t\t\t\t<div class=\"elementor-element elementor-element-030e69a elementor-widget elementor-widget-image\" data-id=\"030e69a\" data-element_type=\"widget\" data-widget_type=\"image.default\">\n\t\t\t\t<div class=\"elementor-widget-container\">\n\t\t\t<style>\/*! elementor - v3.18.0 - 06-12-2023 *\/\n.elementor-widget-image{text-align:center}.elementor-widget-image a{display:inline-block}.elementor-widget-image a img[src$=\".svg\"]{width:48px}.elementor-widget-image img{vertical-align:middle;display:inline-block}<\/style>\t\t\t\t\t<div class=\"elementor-image\">\n\t\t\t\t\t\t\t\t\t\t\t\t<img decoding=\"async\" width=\"509\" height=\"485\" src=\"https:\/\/www.guarnibeta.net\/wp-content\/uploads\/2025\/04\/QualitySysCert_ISO9001_col.png\" class=\"attachment-full size-full wp-image-11271\" alt=\"\" srcset=\"https:\/\/www.guarnibeta.net\/wp-content\/uploads\/2025\/04\/QualitySysCert_ISO9001_col.png 509w, https:\/\/www.guarnibeta.net\/wp-content\/uploads\/2025\/04\/QualitySysCert_ISO9001_col-300x286.png 300w\" sizes=\"(max-width: 509px) 100vw, 509px\" \/>\t\t\t\t\t\t\t\t\t\t\t\t\t\t<\/div>\n\t\t\t\t\t\t<\/div>\n\t\t\t\t<\/div>\n\t\t\t\t<\/div>\n\t\t<div class=\"elementor-element elementor-element-cc531d7 e-con-full e-flex e-con e-child\" data-id=\"cc531d7\" data-element_type=\"container\" data-settings=\"{&quot;content_width&quot;:&quot;full&quot;}\">\n\t\t\t\t<div class=\"elementor-element elementor-element-a08d848 elementor-widget elementor-widget-heading\" data-id=\"a08d848\" data-element_type=\"widget\" data-widget_type=\"heading.default\">\n\t\t\t\t<div class=\"elementor-widget-container\">\n\t\t\t<h2 class=\"elementor-heading-title elementor-size-default\">IATF<\/h2>\t\t<\/div>\n\t\t\t\t<\/div>\n\t\t\t\t<div class=\"elementor-element elementor-element-896157c elementor-widget elementor-widget-text-editor\" data-id=\"896157c\" data-element_type=\"widget\" data-widget_type=\"text-editor.default\">\n\t\t\t\t<div class=\"elementor-widget-container\">\n\t\t\t\t\t\t\t\t<div class=\"elementor-text-editor elementor-clearfix\">\n\t\t\t\t<p>Diese Zertifizierung best\u00e4tigt, dass unser Qualit\u00e4tsmanagementsystem den spezifischen Anforderungen der Automobilindustrie entspricht und die Richtlinien von VDA (Verband der Automobilindustrie) und AIAG (Automotive Industry Action Group) integriert. Ihre Umsetzung bei Nuova Guarnibeta gew\u00e4hrleistet strukturierte Produktionsprozesse, vollst\u00e4ndige R\u00fcckverfolgbarkeit und eine kontinuierliche Verbesserung der Fehlervermeidung, wodurch Ausschuss reduziert und h\u00f6chste Zuverl\u00e4ssigkeit f\u00fcr unsere Kunden in der Automobilbranche sichergestellt wird.<\/p>\t\t\t\t\t<\/div>\n\t\t\t\t\t\t<\/div>\n\t\t\t\t<\/div>\n\t\t\t\t<div class=\"elementor-element elementor-element-c95e0a8 elementor-widget elementor-widget-image\" data-id=\"c95e0a8\" data-element_type=\"widget\" data-widget_type=\"image.default\">\n\t\t\t\t<div class=\"elementor-widget-container\">\n\t\t\t\t\t\t\t\t<div class=\"elementor-image\">\n\t\t\t\t\t\t\t\t\t\t\t\t<img decoding=\"async\" width=\"509\" height=\"485\" src=\"https:\/\/www.guarnibeta.net\/wp-content\/uploads\/2025\/04\/QualitySysCert_IATF16949_col.png\" class=\"attachment-full size-full wp-image-11274\" alt=\"\" srcset=\"https:\/\/www.guarnibeta.net\/wp-content\/uploads\/2025\/04\/QualitySysCert_IATF16949_col.png 509w, https:\/\/www.guarnibeta.net\/wp-content\/uploads\/2025\/04\/QualitySysCert_IATF16949_col-300x286.png 300w\" sizes=\"(max-width: 509px) 100vw, 509px\" \/>\t\t\t\t\t\t\t\t\t\t\t\t\t\t<\/div>\n\t\t\t\t\t\t<\/div>\n\t\t\t\t<\/div>\n\t\t\t\t<\/div>\n\t\t<div class=\"elementor-element elementor-element-e307eb6 e-con-full e-flex e-con e-child\" data-id=\"e307eb6\" data-element_type=\"container\" data-settings=\"{&quot;content_width&quot;:&quot;full&quot;}\">\n\t\t\t\t<div class=\"elementor-element elementor-element-0c864bf elementor-widget elementor-widget-heading\" data-id=\"0c864bf\" data-element_type=\"widget\" data-widget_type=\"heading.default\">\n\t\t\t\t<div class=\"elementor-widget-container\">\n\t\t\t<h2 class=\"elementor-heading-title elementor-size-default\">GMP - MOCA<\/h2>\t\t<\/div>\n\t\t\t\t<\/div>\n\t\t\t\t<div class=\"elementor-element elementor-element-d53d467 elementor-widget elementor-widget-text-editor\" data-id=\"d53d467\" data-element_type=\"widget\" data-widget_type=\"text-editor.default\">\n\t\t\t\t<div class=\"elementor-widget-container\">\n\t\t\t\t\t\t\t\t<div class=\"elementor-text-editor elementor-clearfix\">\n\t\t\t\t<p>Wir verwenden Materialien, die der Verordnung (EG) Nr. 1935\/2004 entsprechen, und arbeiten gem\u00e4\u00df der Verordnung (EG) Nr. 2023\/2006 (GMP &#8211; Good Manufacturing Practice). Unsere MOCA-Dichtungen (Materialien und Gegenst\u00e4nde mit Lebensmittelkontakt) erf\u00fcllen zudem die spezifischen Vorschriften der wichtigsten internationalen M\u00e4rkte, darunter DM 104 vom 21.03.73 f\u00fcr Italien, BfR XV und XXI f\u00fcr Deutschland, Arr\u00eat\u00e9 09\/11\/1994 &#8211; 25\/11\/1992 f\u00fcr Frankreich sowie die FDA (Food and Drug Administration)-Vorschriften f\u00fcr den US-Markt. Dies gew\u00e4hrleistet Best\u00e4ndigkeit, Langlebigkeit und Lebensmitteltauglichkeit, minimiert das Risiko einer Kontamination und sichert optimale Leistung auch in anspruchsvollen Umgebungen. Jede Produktionsphase wird \u00fcberwacht, um die Einhaltung der geltenden Vorschriften und die vollst\u00e4ndige R\u00fcckverfolgbarkeit des Produkts zu gew\u00e4hrleisten.<\/p>\t\t\t\t\t<\/div>\n\t\t\t\t\t\t<\/div>\n\t\t\t\t<\/div>\n\t\t\t\t<div class=\"elementor-element elementor-element-dcc63f3 elementor-widget elementor-widget-image\" data-id=\"dcc63f3\" data-element_type=\"widget\" data-widget_type=\"image.default\">\n\t\t\t\t<div class=\"elementor-widget-container\">\n\t\t\t\t\t\t\t\t<div class=\"elementor-image\">\n\t\t\t\t\t\t\t\t\t\t\t\t<img loading=\"lazy\" decoding=\"async\" width=\"509\" height=\"485\" src=\"https:\/\/www.guarnibeta.net\/wp-content\/uploads\/2025\/04\/moca.png\" class=\"attachment-full size-full wp-image-11277\" alt=\"\" srcset=\"https:\/\/www.guarnibeta.net\/wp-content\/uploads\/2025\/04\/moca.png 509w, https:\/\/www.guarnibeta.net\/wp-content\/uploads\/2025\/04\/moca-300x286.png 300w\" sizes=\"(max-width: 509px) 100vw, 509px\" \/>\t\t\t\t\t\t\t\t\t\t\t\t\t\t<\/div>\n\t\t\t\t\t\t<\/div>\n\t\t\t\t<\/div>\n\t\t\t\t<\/div>\n\t\t\t\t\t<\/div>\n\t\t\t\t<\/div>\n\t\t\t\t<section class=\"elementor-section elementor-top-section elementor-element elementor-element-bd65f49 elementor-section-full_width elementor-section-height-min-height qodef-elementor-content-grid elementor-section-height-default elementor-section-items-middle\" data-id=\"bd65f49\" data-element_type=\"section\" data-settings=\"{&quot;background_background&quot;:&quot;classic&quot;}\">\n\t\t\t\t\t\t\t<div class=\"elementor-background-overlay\"><\/div>\n\t\t\t\t\t\t\t<div class=\"elementor-container elementor-column-gap-no\">\n\t\t\t\t\t\t\t<div class=\"elementor-row\">\n\t\t\t\t\t<div class=\"elementor-column elementor-col-100 elementor-top-column elementor-element elementor-element-d231035\" data-id=\"d231035\" data-element_type=\"column\">\n\t\t\t<div class=\"elementor-column-wrap elementor-element-populated\">\n\t\t\t\t\t\t\t<div class=\"elementor-widget-wrap\">\n\t\t\t\t\t\t<div class=\"elementor-element elementor-element-e1d8651 elementor-widget__width-initial elementor-widget-mobile__width-inherit elementor-widget elementor-widget-globefarer_core_section_title\" data-id=\"e1d8651\" data-element_type=\"widget\" data-widget_type=\"globefarer_core_section_title.default\">\n\t\t\t\t<div class=\"elementor-widget-container\">\n\t\t\t<div class=\"qodef-shortcode qodef-m  qodef-section-title qodef-alignment--left   qodef-appear-animation--no\">\n\t\t\t\t<p class=\"qodef-m-text\" style=\"margin-top: 30px;color: #FFFFFF\">Unsere Zertifizierungen sind ein greifbares Zeichen unseres kontinuierlichen Engagements f\u00fcr Exzellenz, Qualit\u00e4t und Nachhaltigkeit.\nWir setzen uns daf\u00fcr ein, unsere Standards kontinuierlich aufrechtzuerhalten und zu verbessern, um sicherzustellen, dass jedes Produkt, das unsere Produktion verl\u00e4sst, den Erwartungen unserer Kunden und den Branchenvorschriften entspricht.<\/p>\n\t<\/div>\n\t\t<\/div>\n\t\t\t\t<\/div>\n\t\t\t\t\t\t<\/div>\n\t\t\t\t\t<\/div>\n\t\t<\/div>\n\t\t\t\t\t\t\t\t<\/div>\n\t\t\t\t\t<\/div>\n\t\t<\/section>\n\t\t\t\t\t\t\t\t\t<\/div>\n\t\t\t<\/div>\n\t\t\t\t\t<\/div>\n\t\t","protected":false},"excerpt":{"rendered":"<p>Zertifizierungen und Konformit\u00e4t Bei Nuova Guarnibeta bedeutet Qualit\u00e4t kontinuierliche Aufmerksamkeit f\u00fcr Gesch\u00e4ftsprozesse und Kundenbed\u00fcrfnisse; sie ist daher ein integraler Bestandteil unserer Aktivit\u00e4ten. Durch ein strukturiertes Qualit\u00e4tsmanagementsystem (QMS) gew\u00e4hrleisten wir effiziente Prozesse, durchgehende R\u00fcckverfolgbarkeit und konforme Produkte. Unsere Akkreditierungen bezeugen unser Engagement f\u00fcr die Einhaltung geltender Vorschriften und die langfristige Bereitstellung zuverl\u00e4ssiger Produkte und Dienstleistungen. ISO [&hellip;]<\/p>\n","protected":false},"author":1,"featured_media":0,"parent":0,"menu_order":0,"comment_status":"closed","ping_status":"closed","template":"page-full-width.php","meta":{"footnotes":""},"class_list":["post-10929","page","type-page","status-publish","hentry"],"yoast_head":"<!-- This site is optimized with the Yoast SEO plugin v21.8 - https:\/\/yoast.com\/wordpress\/plugins\/seo\/ -->\n<title>QUALIT\u00c4T - Nuova Guarnibeta<\/title>\n<meta name=\"robots\" content=\"index, follow, max-snippet:-1, max-image-preview:large, max-video-preview:-1\" \/>\n<link rel=\"canonical\" href=\"https:\/\/www.guarnibeta.net\/de\/qualitaet\/\" \/>\n<meta property=\"og:locale\" content=\"de_DE\" \/>\n<meta property=\"og:type\" content=\"article\" \/>\n<meta property=\"og:title\" content=\"QUALIT\u00c4T - Nuova Guarnibeta\" \/>\n<meta property=\"og:description\" content=\"Zertifizierungen und Konformit\u00e4t Bei Nuova Guarnibeta bedeutet Qualit\u00e4t kontinuierliche Aufmerksamkeit f\u00fcr Gesch\u00e4ftsprozesse und Kundenbed\u00fcrfnisse; sie ist daher ein integraler Bestandteil unserer Aktivit\u00e4ten. Durch ein strukturiertes Qualit\u00e4tsmanagementsystem (QMS) gew\u00e4hrleisten wir effiziente Prozesse, durchgehende R\u00fcckverfolgbarkeit und konforme Produkte. Unsere Akkreditierungen bezeugen unser Engagement f\u00fcr die Einhaltung geltender Vorschriften und die langfristige Bereitstellung zuverl\u00e4ssiger Produkte und Dienstleistungen. ISO [&hellip;]\" \/>\n<meta property=\"og:url\" content=\"https:\/\/www.guarnibeta.net\/de\/qualitaet\/\" \/>\n<meta property=\"og:site_name\" content=\"Nuova Guarnibeta\" \/>\n<meta property=\"article:modified_time\" content=\"2025-04-09T14:03:47+00:00\" \/>\n<meta property=\"og:image\" content=\"https:\/\/www.guarnibeta.net\/wp-content\/uploads\/2025\/04\/certificazioni-2025.jpg\" \/>\n<meta name=\"twitter:card\" content=\"summary_large_image\" \/>\n<meta name=\"twitter:label1\" content=\"Gesch\u00e4tzte Lesezeit\" \/>\n\t<meta name=\"twitter:data1\" content=\"3\u00a0Minuten\" \/>\n<script type=\"application\/ld+json\" class=\"yoast-schema-graph\">{\"@context\":\"https:\/\/schema.org\",\"@graph\":[{\"@type\":\"WebPage\",\"@id\":\"https:\/\/www.guarnibeta.net\/de\/qualitaet\/\",\"url\":\"https:\/\/www.guarnibeta.net\/de\/qualitaet\/\",\"name\":\"QUALIT\u00c4T - Nuova Guarnibeta\",\"isPartOf\":{\"@id\":\"https:\/\/www.guarnibeta.net\/de\/#website\"},\"datePublished\":\"2023-12-07T15:02:29+00:00\",\"dateModified\":\"2025-04-09T14:03:47+00:00\",\"breadcrumb\":{\"@id\":\"https:\/\/www.guarnibeta.net\/de\/qualitaet\/#breadcrumb\"},\"inLanguage\":\"de\",\"potentialAction\":[{\"@type\":\"ReadAction\",\"target\":[\"https:\/\/www.guarnibeta.net\/de\/qualitaet\/\"]}]},{\"@type\":\"BreadcrumbList\",\"@id\":\"https:\/\/www.guarnibeta.net\/de\/qualitaet\/#breadcrumb\",\"itemListElement\":[{\"@type\":\"ListItem\",\"position\":1,\"name\":\"Home\",\"item\":\"https:\/\/www.guarnibeta.net\/de\/\"},{\"@type\":\"ListItem\",\"position\":2,\"name\":\"QUALIT\u00c4T\"}]},{\"@type\":\"WebSite\",\"@id\":\"https:\/\/www.guarnibeta.net\/de\/#website\",\"url\":\"https:\/\/www.guarnibeta.net\/de\/\",\"name\":\"Nuova Guarnibeta Srl\",\"description\":\"\",\"publisher\":{\"@id\":\"https:\/\/www.guarnibeta.net\/de\/#organization\"},\"potentialAction\":[{\"@type\":\"SearchAction\",\"target\":{\"@type\":\"EntryPoint\",\"urlTemplate\":\"https:\/\/www.guarnibeta.net\/de\/?s={search_term_string}\"},\"query-input\":\"required name=search_term_string\"}],\"inLanguage\":\"de\"},{\"@type\":\"Organization\",\"@id\":\"https:\/\/www.guarnibeta.net\/de\/#organization\",\"name\":\"Nuova Guarnibeta Srl\",\"url\":\"https:\/\/www.guarnibeta.net\/de\/\",\"logo\":{\"@type\":\"ImageObject\",\"inLanguage\":\"de\",\"@id\":\"https:\/\/www.guarnibeta.net\/de\/#\/schema\/logo\/image\/\",\"url\":\"https:\/\/www.guarnibeta.net\/wp-content\/uploads\/2023\/12\/logo-GB_2-1.jpg\",\"contentUrl\":\"https:\/\/www.guarnibeta.net\/wp-content\/uploads\/2023\/12\/logo-GB_2-1.jpg\",\"width\":566,\"height\":191,\"caption\":\"Nuova Guarnibeta Srl\"},\"image\":{\"@id\":\"https:\/\/www.guarnibeta.net\/de\/#\/schema\/logo\/image\/\"}}]}<\/script>\n<!-- \/ Yoast SEO plugin. -->","yoast_head_json":{"title":"QUALIT\u00c4T - Nuova Guarnibeta","robots":{"index":"index","follow":"follow","max-snippet":"max-snippet:-1","max-image-preview":"max-image-preview:large","max-video-preview":"max-video-preview:-1"},"canonical":"https:\/\/www.guarnibeta.net\/de\/qualitaet\/","og_locale":"de_DE","og_type":"article","og_title":"QUALIT\u00c4T - Nuova Guarnibeta","og_description":"Zertifizierungen und Konformit\u00e4t Bei Nuova Guarnibeta bedeutet Qualit\u00e4t kontinuierliche Aufmerksamkeit f\u00fcr Gesch\u00e4ftsprozesse und Kundenbed\u00fcrfnisse; sie ist daher ein integraler Bestandteil unserer Aktivit\u00e4ten. Durch ein strukturiertes Qualit\u00e4tsmanagementsystem (QMS) gew\u00e4hrleisten wir effiziente Prozesse, durchgehende R\u00fcckverfolgbarkeit und konforme Produkte. Unsere Akkreditierungen bezeugen unser Engagement f\u00fcr die Einhaltung geltender Vorschriften und die langfristige Bereitstellung zuverl\u00e4ssiger Produkte und Dienstleistungen. ISO [&hellip;]","og_url":"https:\/\/www.guarnibeta.net\/de\/qualitaet\/","og_site_name":"Nuova Guarnibeta","article_modified_time":"2025-04-09T14:03:47+00:00","og_image":[{"url":"https:\/\/www.guarnibeta.net\/wp-content\/uploads\/2025\/04\/certificazioni-2025.jpg"}],"twitter_card":"summary_large_image","twitter_misc":{"Gesch\u00e4tzte Lesezeit":"3\u00a0Minuten"},"schema":{"@context":"https:\/\/schema.org","@graph":[{"@type":"WebPage","@id":"https:\/\/www.guarnibeta.net\/de\/qualitaet\/","url":"https:\/\/www.guarnibeta.net\/de\/qualitaet\/","name":"QUALIT\u00c4T - Nuova Guarnibeta","isPartOf":{"@id":"https:\/\/www.guarnibeta.net\/de\/#website"},"datePublished":"2023-12-07T15:02:29+00:00","dateModified":"2025-04-09T14:03:47+00:00","breadcrumb":{"@id":"https:\/\/www.guarnibeta.net\/de\/qualitaet\/#breadcrumb"},"inLanguage":"de","potentialAction":[{"@type":"ReadAction","target":["https:\/\/www.guarnibeta.net\/de\/qualitaet\/"]}]},{"@type":"BreadcrumbList","@id":"https:\/\/www.guarnibeta.net\/de\/qualitaet\/#breadcrumb","itemListElement":[{"@type":"ListItem","position":1,"name":"Home","item":"https:\/\/www.guarnibeta.net\/de\/"},{"@type":"ListItem","position":2,"name":"QUALIT\u00c4T"}]},{"@type":"WebSite","@id":"https:\/\/www.guarnibeta.net\/de\/#website","url":"https:\/\/www.guarnibeta.net\/de\/","name":"Nuova Guarnibeta Srl","description":"","publisher":{"@id":"https:\/\/www.guarnibeta.net\/de\/#organization"},"potentialAction":[{"@type":"SearchAction","target":{"@type":"EntryPoint","urlTemplate":"https:\/\/www.guarnibeta.net\/de\/?s={search_term_string}"},"query-input":"required name=search_term_string"}],"inLanguage":"de"},{"@type":"Organization","@id":"https:\/\/www.guarnibeta.net\/de\/#organization","name":"Nuova Guarnibeta Srl","url":"https:\/\/www.guarnibeta.net\/de\/","logo":{"@type":"ImageObject","inLanguage":"de","@id":"https:\/\/www.guarnibeta.net\/de\/#\/schema\/logo\/image\/","url":"https:\/\/www.guarnibeta.net\/wp-content\/uploads\/2023\/12\/logo-GB_2-1.jpg","contentUrl":"https:\/\/www.guarnibeta.net\/wp-content\/uploads\/2023\/12\/logo-GB_2-1.jpg","width":566,"height":191,"caption":"Nuova Guarnibeta Srl"},"image":{"@id":"https:\/\/www.guarnibeta.net\/de\/#\/schema\/logo\/image\/"}}]}},"_links":{"self":[{"href":"https:\/\/www.guarnibeta.net\/de\/wp-json\/wp\/v2\/pages\/10929","targetHints":{"allow":["GET"]}}],"collection":[{"href":"https:\/\/www.guarnibeta.net\/de\/wp-json\/wp\/v2\/pages"}],"about":[{"href":"https:\/\/www.guarnibeta.net\/de\/wp-json\/wp\/v2\/types\/page"}],"author":[{"embeddable":true,"href":"https:\/\/www.guarnibeta.net\/de\/wp-json\/wp\/v2\/users\/1"}],"replies":[{"embeddable":true,"href":"https:\/\/www.guarnibeta.net\/de\/wp-json\/wp\/v2\/comments?post=10929"}],"version-history":[{"count":0,"href":"https:\/\/www.guarnibeta.net\/de\/wp-json\/wp\/v2\/pages\/10929\/revisions"}],"wp:attachment":[{"href":"https:\/\/www.guarnibeta.net\/de\/wp-json\/wp\/v2\/media?parent=10929"}],"curies":[{"name":"wp","href":"https:\/\/api.w.org\/{rel}","templated":true}]}}