{"id":10913,"date":"2023-11-08T16:36:52","date_gmt":"2023-11-08T15:36:52","guid":{"rendered":"https:\/\/www.guarnibeta.net\/materials\/"},"modified":"2024-01-29T12:25:11","modified_gmt":"2024-01-29T11:25:11","slug":"materialen","status":"publish","type":"page","link":"https:\/\/www.guarnibeta.net\/de\/materialen\/","title":{"rendered":"Materialen"},"content":{"rendered":"\t\t<div data-elementor-type=\"wp-page\" data-elementor-id=\"10913\" class=\"elementor elementor-10913 elementor-8923\" data-elementor-post-type=\"page\">\n\t\t\t\t\t\t<div class=\"elementor-inner\">\n\t\t\t\t<div class=\"elementor-section-wrap\">\n\t\t\t\t\t\t\t\t\t<section class=\"elementor-section elementor-top-section elementor-element elementor-element-92e61e3 elementor-section-boxed elementor-section-height-default elementor-section-height-default qodef-elementor-content-no\" data-id=\"92e61e3\" data-element_type=\"section\">\n\t\t\t\t\t\t<div class=\"elementor-container elementor-column-gap-default\">\n\t\t\t\t\t\t\t<div class=\"elementor-row\">\n\t\t\t\t\t<div class=\"elementor-column elementor-col-100 elementor-top-column elementor-element elementor-element-28f36ec\" data-id=\"28f36ec\" data-element_type=\"column\">\n\t\t\t<div class=\"elementor-column-wrap elementor-element-populated\">\n\t\t\t\t\t\t\t<div class=\"elementor-widget-wrap\">\n\t\t\t\t\t\t<div class=\"elementor-element elementor-element-40019ed elementor-widget elementor-widget-text-editor\" data-id=\"40019ed\" data-element_type=\"widget\" data-widget_type=\"text-editor.default\">\n\t\t\t\t<div class=\"elementor-widget-container\">\n\t\t\t<style>\/*! elementor - v3.18.0 - 06-12-2023 *\/\n.elementor-widget-text-editor.elementor-drop-cap-view-stacked .elementor-drop-cap{background-color:#69727d;color:#fff}.elementor-widget-text-editor.elementor-drop-cap-view-framed .elementor-drop-cap{color:#69727d;border:3px solid;background-color:transparent}.elementor-widget-text-editor:not(.elementor-drop-cap-view-default) .elementor-drop-cap{margin-top:8px}.elementor-widget-text-editor:not(.elementor-drop-cap-view-default) .elementor-drop-cap-letter{width:1em;height:1em}.elementor-widget-text-editor .elementor-drop-cap{float:left;text-align:center;line-height:1;font-size:50px}.elementor-widget-text-editor .elementor-drop-cap-letter{display:inline-block}<\/style>\t\t\t\t\t<div class=\"elementor-text-editor elementor-clearfix\">\n\t\t\t\t<p style=\"text-align: left;\">Wir bieten eine breite Palette von Materialien, um allen Bed\u00fcrfnissen unserer Kunden gerecht zu werden, und garantieren dabei stets maximale Qualit\u00e4t und Leistung unserer Produkte.<\/p>\t\t\t\t\t<\/div>\n\t\t\t\t\t\t<\/div>\n\t\t\t\t<\/div>\n\t\t\t\t\t\t<\/div>\n\t\t\t\t\t<\/div>\n\t\t<\/div>\n\t\t\t\t\t\t\t\t<\/div>\n\t\t\t\t\t<\/div>\n\t\t<\/section>\n\t\t\t\t<section class=\"elementor-section elementor-top-section elementor-element elementor-element-1586f26 elementor-section-boxed elementor-section-height-default elementor-section-height-default qodef-elementor-content-no\" data-id=\"1586f26\" data-element_type=\"section\">\n\t\t\t\t\t\t<div class=\"elementor-container elementor-column-gap-default\">\n\t\t\t\t\t\t\t<div class=\"elementor-row\">\n\t\t\t\t\t<div class=\"elementor-column elementor-col-100 elementor-top-column elementor-element elementor-element-baf2a6f\" data-id=\"baf2a6f\" data-element_type=\"column\">\n\t\t\t<div class=\"elementor-column-wrap elementor-element-populated\">\n\t\t\t\t\t\t\t<div class=\"elementor-widget-wrap\">\n\t\t\t\t\t\t<div class=\"elementor-element elementor-element-62aff73 elementor-widget elementor-widget-globefarer_core_section_title\" data-id=\"62aff73\" data-element_type=\"widget\" data-widget_type=\"globefarer_core_section_title.default\">\n\t\t\t\t<div class=\"elementor-widget-container\">\n\t\t\t<div class=\"qodef-shortcode qodef-m  qodef-section-title qodef-alignment--left   qodef-appear-animation--no\">\n\t\t\t<h3 class=\"qodef-m-title\" >\n\t\t\t\t\tGummi\t\t\t<\/h3>\n\t\t<\/div>\n\t\t<\/div>\n\t\t\t\t<\/div>\n\t\t\t\t<div class=\"elementor-element elementor-element-ba36d82 elementor-widget elementor-widget-text-editor\" data-id=\"ba36d82\" data-element_type=\"widget\" data-widget_type=\"text-editor.default\">\n\t\t\t\t<div class=\"elementor-widget-container\">\n\t\t\t\t\t\t\t\t<div class=\"elementor-text-editor elementor-clearfix\">\n\t\t\t\t<p style=\"text-align: left;\">Unsere Auswahl an elastomeren Materialien umfasst:<\/p>\t\t\t\t\t<\/div>\n\t\t\t\t\t\t<\/div>\n\t\t\t\t<\/div>\n\t\t\t\t<div class=\"elementor-element elementor-element-38fb4b5 elementor-widget elementor-widget-text-editor\" data-id=\"38fb4b5\" data-element_type=\"widget\" data-widget_type=\"text-editor.default\">\n\t\t\t\t<div class=\"elementor-widget-container\">\n\t\t\t\t\t\t\t\t<div class=\"elementor-text-editor elementor-clearfix\">\n\t\t\t\t<ul><li style=\"text-align: left;\"><strong>FKM: <\/strong>Best\u00e4ndig gegen \u00d6le, Kraftstoffe und atmosph\u00e4rische Einfl\u00fcsse, ideal f\u00fcr Anwendungen mit hohen Temperaturen.<\/li><li style=\"text-align: left;\"><strong>FFKM: <\/strong>Bietet maximale Leistung in Bezug auf chemische und thermische Best\u00e4ndigkeit.<\/li><li style=\"text-align: left;\"><strong>VMQ:<\/strong> Hervorragende Hitze- und Biegebest\u00e4ndigkeit sowie gegen\u00fcber vielen industriellen Fl\u00fcssigkeiten.<\/li><li style=\"text-align: left;\"><strong>FVMQ:<\/strong> Kombiniert die Eigenschaften von VMQ mit gr\u00f6\u00dferer Best\u00e4ndigkeit gegen\u00fcber Kraftstoffen und \u00d6len.<\/li><li style=\"text-align: left;\"><strong>PVMQ:<\/strong> \u00c4hnlich wie VMQ, aber mit besserer K\u00e4ltebest\u00e4ndigkeit.<\/li><li style=\"text-align: left;\"><strong>AEM:<\/strong> Best\u00e4ndig gegen\u00fcber \u00d6len, Hydraulikfl\u00fcssigkeiten und Ozon.<\/li><li style=\"text-align: left;\"><strong>ACM:<\/strong> Gute Best\u00e4ndigkeit gegen\u00fcber hei\u00dfen \u00d6len und Oxidation.<\/li><li style=\"text-align: left;\"><strong>NBR: <\/strong>Wirtschaftlich und best\u00e4ndig gegen\u00fcber \u00d6len, Salzl\u00f6sungen und einigen L\u00f6sungsmitteln.<\/li><li style=\"text-align: left;\"><strong>HNBR: <\/strong>Eine hydrierte Version von NBR, mit gr\u00f6\u00dferer Hitze- und Chemikalienbest\u00e4ndigkeit.<\/li><li style=\"text-align: left;\"><strong>NR: <\/strong>Hervorragende Elastizit\u00e4t, Verschlei\u00dffestigkeit und Rei\u00dffestigkeit.<\/li><li style=\"text-align: left;\"><strong>SBR:<\/strong> Gute Best\u00e4ndigkeit gegen\u00fcber Abrieb und Biegung.<\/li><li style=\"text-align: left;\"><strong>XNBR:<\/strong> Eine karboxylierte Version von NBR, mit gr\u00f6\u00dferer Verschlei\u00df- und Rei\u00dffestigkeit.<\/li><\/ul>\t\t\t\t\t<\/div>\n\t\t\t\t\t\t<\/div>\n\t\t\t\t<\/div>\n\t\t\t\t\t\t<\/div>\n\t\t\t\t\t<\/div>\n\t\t<\/div>\n\t\t\t\t\t\t\t\t<\/div>\n\t\t\t\t\t<\/div>\n\t\t<\/section>\n\t\t\t\t<section class=\"elementor-section elementor-top-section elementor-element elementor-element-5997e13 elementor-section-boxed elementor-section-height-default elementor-section-height-default qodef-elementor-content-no\" data-id=\"5997e13\" data-element_type=\"section\">\n\t\t\t\t\t\t<div class=\"elementor-container elementor-column-gap-default\">\n\t\t\t\t\t\t\t<div class=\"elementor-row\">\n\t\t\t\t\t<div class=\"elementor-column elementor-col-100 elementor-top-column elementor-element elementor-element-5aae02f\" data-id=\"5aae02f\" data-element_type=\"column\">\n\t\t\t<div class=\"elementor-column-wrap elementor-element-populated\">\n\t\t\t\t\t\t\t<div class=\"elementor-widget-wrap\">\n\t\t\t\t\t\t<div class=\"elementor-element elementor-element-578192a elementor-widget elementor-widget-globefarer_core_section_title\" data-id=\"578192a\" data-element_type=\"widget\" data-widget_type=\"globefarer_core_section_title.default\">\n\t\t\t\t<div class=\"elementor-widget-container\">\n\t\t\t<div class=\"qodef-shortcode qodef-m  qodef-section-title qodef-alignment--left   qodef-appear-animation--no\">\n\t\t\t<h3 class=\"qodef-m-title\" >\n\t\t\t\t\tGummi + Metall-\/Kunststoffverbund\t\t\t<\/h3>\n\t\t<\/div>\n\t\t<\/div>\n\t\t\t\t<\/div>\n\t\t\t\t<div class=\"elementor-element elementor-element-e23d59d elementor-widget elementor-widget-text-editor\" data-id=\"e23d59d\" data-element_type=\"widget\" data-widget_type=\"text-editor.default\">\n\t\t\t\t<div class=\"elementor-widget-container\">\n\t\t\t\t\t\t\t\t<div class=\"elementor-text-editor elementor-clearfix\">\n\t\t\t\t<p style=\"text-align: left;\">Wir stellen Komponenten her, indem wir die Flexibilit\u00e4t von Gummi mit der Robustheit von Metall (Stahl und Aluminium) und Kunststoff kombinieren, um vielseitige und leistungsstarke Produkte anzubieten.<\/p>\t\t\t\t\t<\/div>\n\t\t\t\t\t\t<\/div>\n\t\t\t\t<\/div>\n\t\t\t\t\t\t<\/div>\n\t\t\t\t\t<\/div>\n\t\t<\/div>\n\t\t\t\t\t\t\t\t<\/div>\n\t\t\t\t\t<\/div>\n\t\t<\/section>\n\t\t\t\t<section class=\"elementor-section elementor-top-section elementor-element elementor-element-94a6114 elementor-section-boxed elementor-section-height-default elementor-section-height-default qodef-elementor-content-no\" data-id=\"94a6114\" data-element_type=\"section\">\n\t\t\t\t\t\t<div class=\"elementor-container elementor-column-gap-default\">\n\t\t\t\t\t\t\t<div class=\"elementor-row\">\n\t\t\t\t\t<div class=\"elementor-column elementor-col-100 elementor-top-column elementor-element elementor-element-20b60dd\" data-id=\"20b60dd\" data-element_type=\"column\">\n\t\t\t<div class=\"elementor-column-wrap elementor-element-populated\">\n\t\t\t\t\t\t\t<div class=\"elementor-widget-wrap\">\n\t\t\t\t\t\t<div class=\"elementor-element elementor-element-a286222 elementor-widget elementor-widget-globefarer_core_section_title\" data-id=\"a286222\" data-element_type=\"widget\" data-widget_type=\"globefarer_core_section_title.default\">\n\t\t\t\t<div class=\"elementor-widget-container\">\n\t\t\t<div class=\"qodef-shortcode qodef-m  qodef-section-title qodef-alignment--left   qodef-appear-animation--no\">\n\t\t\t<h3 class=\"qodef-m-title\" >\n\t\t\t\t\tFl\u00fcssigsilikon - LSR\t\t\t<\/h3>\n\t\t<\/div>\n\t\t<\/div>\n\t\t\t\t<\/div>\n\t\t\t\t<div class=\"elementor-element elementor-element-9b1dd03 elementor-widget elementor-widget-text-editor\" data-id=\"9b1dd03\" data-element_type=\"widget\" data-widget_type=\"text-editor.default\">\n\t\t\t\t<div class=\"elementor-widget-container\">\n\t\t\t\t\t\t\t\t<div class=\"elementor-text-editor elementor-clearfix\">\n\t\t\t\t<p style=\"text-align: left;\">Wir sind spezialisiert auf die Verarbeitung von Fl\u00fcssigsilikon &#8211; LSR, ein Material, das die ausgezeichneten Eigenschaften von Silikon (VMQ) mit einem effizienten und pr\u00e4zisen Herstellungsprozess verbindet.<\/p>\t\t\t\t\t<\/div>\n\t\t\t\t\t\t<\/div>\n\t\t\t\t<\/div>\n\t\t\t\t\t\t<\/div>\n\t\t\t\t\t<\/div>\n\t\t<\/div>\n\t\t\t\t\t\t\t\t<\/div>\n\t\t\t\t\t<\/div>\n\t\t<\/section>\n\t\t\t\t\t\t\t\t\t<\/div>\n\t\t\t<\/div>\n\t\t\t\t\t<\/div>\n\t\t","protected":false},"excerpt":{"rendered":"<p>Wir bieten eine breite Palette von Materialien, um allen Bed\u00fcrfnissen unserer Kunden gerecht zu werden, und garantieren dabei stets maximale Qualit\u00e4t und Leistung unserer Produkte. Gummi Unsere Auswahl an elastomeren Materialien umfasst: FKM: Best\u00e4ndig gegen \u00d6le, Kraftstoffe und atmosph\u00e4rische Einfl\u00fcsse, ideal f\u00fcr Anwendungen mit hohen Temperaturen. FFKM: Bietet maximale Leistung in Bezug auf chemische und [&hellip;]<\/p>\n","protected":false},"author":1,"featured_media":0,"parent":0,"menu_order":0,"comment_status":"closed","ping_status":"closed","template":"","meta":{"footnotes":""},"class_list":["post-10913","page","type-page","status-publish","hentry"],"yoast_head":"<!-- This site is optimized with the Yoast SEO plugin v21.8 - https:\/\/yoast.com\/wordpress\/plugins\/seo\/ -->\n<title>Materialen - Nuova Guarnibeta<\/title>\n<meta name=\"robots\" content=\"index, follow, max-snippet:-1, max-image-preview:large, max-video-preview:-1\" \/>\n<link rel=\"canonical\" href=\"https:\/\/www.guarnibeta.net\/de\/materialen\/\" \/>\n<meta property=\"og:locale\" content=\"de_DE\" \/>\n<meta property=\"og:type\" content=\"article\" \/>\n<meta property=\"og:title\" content=\"Materialen - Nuova Guarnibeta\" \/>\n<meta property=\"og:description\" content=\"Wir bieten eine breite Palette von Materialien, um allen Bed\u00fcrfnissen unserer Kunden gerecht zu werden, und garantieren dabei stets maximale Qualit\u00e4t und Leistung unserer Produkte. Gummi Unsere Auswahl an elastomeren Materialien umfasst: FKM: Best\u00e4ndig gegen \u00d6le, Kraftstoffe und atmosph\u00e4rische Einfl\u00fcsse, ideal f\u00fcr Anwendungen mit hohen Temperaturen. FFKM: Bietet maximale Leistung in Bezug auf chemische und [&hellip;]\" \/>\n<meta property=\"og:url\" content=\"https:\/\/www.guarnibeta.net\/de\/materialen\/\" \/>\n<meta property=\"og:site_name\" content=\"Nuova Guarnibeta\" \/>\n<meta property=\"article:modified_time\" content=\"2024-01-29T11:25:11+00:00\" \/>\n<meta name=\"twitter:card\" content=\"summary_large_image\" \/>\n<meta name=\"twitter:label1\" content=\"Gesch\u00e4tzte Lesezeit\" \/>\n\t<meta name=\"twitter:data1\" content=\"2\u00a0Minuten\" \/>\n<script type=\"application\/ld+json\" class=\"yoast-schema-graph\">{\"@context\":\"https:\/\/schema.org\",\"@graph\":[{\"@type\":\"WebPage\",\"@id\":\"https:\/\/www.guarnibeta.net\/de\/materialen\/\",\"url\":\"https:\/\/www.guarnibeta.net\/de\/materialen\/\",\"name\":\"Materialen - Nuova Guarnibeta\",\"isPartOf\":{\"@id\":\"https:\/\/www.guarnibeta.net\/de\/#website\"},\"datePublished\":\"2023-11-08T15:36:52+00:00\",\"dateModified\":\"2024-01-29T11:25:11+00:00\",\"breadcrumb\":{\"@id\":\"https:\/\/www.guarnibeta.net\/de\/materialen\/#breadcrumb\"},\"inLanguage\":\"de\",\"potentialAction\":[{\"@type\":\"ReadAction\",\"target\":[\"https:\/\/www.guarnibeta.net\/de\/materialen\/\"]}]},{\"@type\":\"BreadcrumbList\",\"@id\":\"https:\/\/www.guarnibeta.net\/de\/materialen\/#breadcrumb\",\"itemListElement\":[{\"@type\":\"ListItem\",\"position\":1,\"name\":\"Home\",\"item\":\"https:\/\/www.guarnibeta.net\/de\/\"},{\"@type\":\"ListItem\",\"position\":2,\"name\":\"Materialen\"}]},{\"@type\":\"WebSite\",\"@id\":\"https:\/\/www.guarnibeta.net\/de\/#website\",\"url\":\"https:\/\/www.guarnibeta.net\/de\/\",\"name\":\"Nuova Guarnibeta Srl\",\"description\":\"\",\"publisher\":{\"@id\":\"https:\/\/www.guarnibeta.net\/de\/#organization\"},\"potentialAction\":[{\"@type\":\"SearchAction\",\"target\":{\"@type\":\"EntryPoint\",\"urlTemplate\":\"https:\/\/www.guarnibeta.net\/de\/?s={search_term_string}\"},\"query-input\":\"required name=search_term_string\"}],\"inLanguage\":\"de\"},{\"@type\":\"Organization\",\"@id\":\"https:\/\/www.guarnibeta.net\/de\/#organization\",\"name\":\"Nuova Guarnibeta Srl\",\"url\":\"https:\/\/www.guarnibeta.net\/de\/\",\"logo\":{\"@type\":\"ImageObject\",\"inLanguage\":\"de\",\"@id\":\"https:\/\/www.guarnibeta.net\/de\/#\/schema\/logo\/image\/\",\"url\":\"https:\/\/www.guarnibeta.net\/wp-content\/uploads\/2023\/12\/logo-GB_2-1.jpg\",\"contentUrl\":\"https:\/\/www.guarnibeta.net\/wp-content\/uploads\/2023\/12\/logo-GB_2-1.jpg\",\"width\":566,\"height\":191,\"caption\":\"Nuova Guarnibeta Srl\"},\"image\":{\"@id\":\"https:\/\/www.guarnibeta.net\/de\/#\/schema\/logo\/image\/\"}}]}<\/script>\n<!-- \/ Yoast SEO plugin. -->","yoast_head_json":{"title":"Materialen - Nuova Guarnibeta","robots":{"index":"index","follow":"follow","max-snippet":"max-snippet:-1","max-image-preview":"max-image-preview:large","max-video-preview":"max-video-preview:-1"},"canonical":"https:\/\/www.guarnibeta.net\/de\/materialen\/","og_locale":"de_DE","og_type":"article","og_title":"Materialen - Nuova Guarnibeta","og_description":"Wir bieten eine breite Palette von Materialien, um allen Bed\u00fcrfnissen unserer Kunden gerecht zu werden, und garantieren dabei stets maximale Qualit\u00e4t und Leistung unserer Produkte. Gummi Unsere Auswahl an elastomeren Materialien umfasst: FKM: Best\u00e4ndig gegen \u00d6le, Kraftstoffe und atmosph\u00e4rische Einfl\u00fcsse, ideal f\u00fcr Anwendungen mit hohen Temperaturen. FFKM: Bietet maximale Leistung in Bezug auf chemische und [&hellip;]","og_url":"https:\/\/www.guarnibeta.net\/de\/materialen\/","og_site_name":"Nuova Guarnibeta","article_modified_time":"2024-01-29T11:25:11+00:00","twitter_card":"summary_large_image","twitter_misc":{"Gesch\u00e4tzte Lesezeit":"2\u00a0Minuten"},"schema":{"@context":"https:\/\/schema.org","@graph":[{"@type":"WebPage","@id":"https:\/\/www.guarnibeta.net\/de\/materialen\/","url":"https:\/\/www.guarnibeta.net\/de\/materialen\/","name":"Materialen - Nuova Guarnibeta","isPartOf":{"@id":"https:\/\/www.guarnibeta.net\/de\/#website"},"datePublished":"2023-11-08T15:36:52+00:00","dateModified":"2024-01-29T11:25:11+00:00","breadcrumb":{"@id":"https:\/\/www.guarnibeta.net\/de\/materialen\/#breadcrumb"},"inLanguage":"de","potentialAction":[{"@type":"ReadAction","target":["https:\/\/www.guarnibeta.net\/de\/materialen\/"]}]},{"@type":"BreadcrumbList","@id":"https:\/\/www.guarnibeta.net\/de\/materialen\/#breadcrumb","itemListElement":[{"@type":"ListItem","position":1,"name":"Home","item":"https:\/\/www.guarnibeta.net\/de\/"},{"@type":"ListItem","position":2,"name":"Materialen"}]},{"@type":"WebSite","@id":"https:\/\/www.guarnibeta.net\/de\/#website","url":"https:\/\/www.guarnibeta.net\/de\/","name":"Nuova Guarnibeta Srl","description":"","publisher":{"@id":"https:\/\/www.guarnibeta.net\/de\/#organization"},"potentialAction":[{"@type":"SearchAction","target":{"@type":"EntryPoint","urlTemplate":"https:\/\/www.guarnibeta.net\/de\/?s={search_term_string}"},"query-input":"required name=search_term_string"}],"inLanguage":"de"},{"@type":"Organization","@id":"https:\/\/www.guarnibeta.net\/de\/#organization","name":"Nuova Guarnibeta Srl","url":"https:\/\/www.guarnibeta.net\/de\/","logo":{"@type":"ImageObject","inLanguage":"de","@id":"https:\/\/www.guarnibeta.net\/de\/#\/schema\/logo\/image\/","url":"https:\/\/www.guarnibeta.net\/wp-content\/uploads\/2023\/12\/logo-GB_2-1.jpg","contentUrl":"https:\/\/www.guarnibeta.net\/wp-content\/uploads\/2023\/12\/logo-GB_2-1.jpg","width":566,"height":191,"caption":"Nuova Guarnibeta Srl"},"image":{"@id":"https:\/\/www.guarnibeta.net\/de\/#\/schema\/logo\/image\/"}}]}},"_links":{"self":[{"href":"https:\/\/www.guarnibeta.net\/de\/wp-json\/wp\/v2\/pages\/10913","targetHints":{"allow":["GET"]}}],"collection":[{"href":"https:\/\/www.guarnibeta.net\/de\/wp-json\/wp\/v2\/pages"}],"about":[{"href":"https:\/\/www.guarnibeta.net\/de\/wp-json\/wp\/v2\/types\/page"}],"author":[{"embeddable":true,"href":"https:\/\/www.guarnibeta.net\/de\/wp-json\/wp\/v2\/users\/1"}],"replies":[{"embeddable":true,"href":"https:\/\/www.guarnibeta.net\/de\/wp-json\/wp\/v2\/comments?post=10913"}],"version-history":[{"count":0,"href":"https:\/\/www.guarnibeta.net\/de\/wp-json\/wp\/v2\/pages\/10913\/revisions"}],"wp:attachment":[{"href":"https:\/\/www.guarnibeta.net\/de\/wp-json\/wp\/v2\/media?parent=10913"}],"curies":[{"name":"wp","href":"https:\/\/api.w.org\/{rel}","templated":true}]}}