{"id":10839,"date":"2021-08-06T14:54:56","date_gmt":"2021-08-06T12:54:56","guid":{"rendered":"https:\/\/www.guarnibeta.net\/products\/"},"modified":"2024-02-27T15:52:32","modified_gmt":"2024-02-27T14:52:32","slug":"produkte","status":"publish","type":"page","link":"https:\/\/www.guarnibeta.net\/de\/produkte\/","title":{"rendered":"Produkte"},"content":{"rendered":"\t\t<div data-elementor-type=\"wp-page\" data-elementor-id=\"10839\" class=\"elementor elementor-10839 elementor-7933\" data-elementor-post-type=\"page\">\n\t\t\t\t\t\t<div class=\"elementor-inner\">\n\t\t\t\t<div class=\"elementor-section-wrap\">\n\t\t\t\t\t\t\t\t\t<section class=\"elementor-section elementor-top-section elementor-element elementor-element-476bfcf elementor-section-full_width qodef-elementor-content-grid elementor-section-stretched elementor-section-height-default elementor-section-height-default\" data-id=\"476bfcf\" data-element_type=\"section\" data-settings=\"{&quot;background_background&quot;:&quot;classic&quot;,&quot;stretch_section&quot;:&quot;section-stretched&quot;}\">\n\t\t\t\t\t\t<div class=\"elementor-container elementor-column-gap-no\">\n\t\t\t\t\t\t\t<div class=\"elementor-row\">\n\t\t\t\t\t<div class=\"elementor-column elementor-col-100 elementor-top-column elementor-element elementor-element-a92af47\" data-id=\"a92af47\" data-element_type=\"column\">\n\t\t\t<div class=\"elementor-column-wrap elementor-element-populated\">\n\t\t\t\t\t\t\t<div class=\"elementor-widget-wrap\">\n\t\t\t\t\t\t<div class=\"elementor-element elementor-element-95f6c11 elementor-widget elementor-widget-globefarer_core_icon\" data-id=\"95f6c11\" data-element_type=\"widget\" data-widget_type=\"globefarer_core_icon.default\">\n\t\t\t\t<div class=\"elementor-widget-container\">\n\t\t\t<span class=\"qodef-shortcode qodef-m  qodef-icon-holder qodef-size--default qodef-layout--normal\"  >\n\t\t\t<span class=\"qodef-icon-simple-line-icons icon-info qodef-icon qodef-e\" style=\"font-size: 24px\" ><\/span>\t<\/span>\n\t\t<\/div>\n\t\t\t\t<\/div>\n\t\t\t\t<div class=\"elementor-element elementor-element-9e16816 elementor-widget elementor-widget-heading\" data-id=\"9e16816\" data-element_type=\"widget\" data-widget_type=\"heading.default\">\n\t\t\t\t<div class=\"elementor-widget-container\">\n\t\t\t<style>\/*! elementor - v3.18.0 - 06-12-2023 *\/\n.elementor-heading-title{padding:0;margin:0;line-height:1}.elementor-widget-heading .elementor-heading-title[class*=elementor-size-]>a{color:inherit;font-size:inherit;line-height:inherit}.elementor-widget-heading .elementor-heading-title.elementor-size-small{font-size:15px}.elementor-widget-heading .elementor-heading-title.elementor-size-medium{font-size:19px}.elementor-widget-heading .elementor-heading-title.elementor-size-large{font-size:29px}.elementor-widget-heading .elementor-heading-title.elementor-size-xl{font-size:39px}.elementor-widget-heading .elementor-heading-title.elementor-size-xxl{font-size:59px}<\/style><h3 class=\"elementor-heading-title elementor-size-default\"><b>Haftungsausschluss:<\/b> Schutz von Industriegeheimnissen und Know-how<\/h3>\t\t<\/div>\n\t\t\t\t<\/div>\n\t\t\t\t<div class=\"elementor-element elementor-element-520bf3c elementor-widget elementor-widget-text-editor\" data-id=\"520bf3c\" data-element_type=\"widget\" data-widget_type=\"text-editor.default\">\n\t\t\t\t<div class=\"elementor-widget-container\">\n\t\t\t<style>\/*! elementor - v3.18.0 - 06-12-2023 *\/\n.elementor-widget-text-editor.elementor-drop-cap-view-stacked .elementor-drop-cap{background-color:#69727d;color:#fff}.elementor-widget-text-editor.elementor-drop-cap-view-framed .elementor-drop-cap{color:#69727d;border:3px solid;background-color:transparent}.elementor-widget-text-editor:not(.elementor-drop-cap-view-default) .elementor-drop-cap{margin-top:8px}.elementor-widget-text-editor:not(.elementor-drop-cap-view-default) .elementor-drop-cap-letter{width:1em;height:1em}.elementor-widget-text-editor .elementor-drop-cap{float:left;text-align:center;line-height:1;font-size:50px}.elementor-widget-text-editor .elementor-drop-cap-letter{display:inline-block}<\/style>\t\t\t\t\t<div class=\"elementor-text-editor elementor-clearfix\">\n\t\t\t\t<p>Obwohl unsere Produktionskapazit\u00e4t dazu in der Lage ist, komplexe Probleme und Prozesse zu l\u00f6sen, sind auf unserer Website nur einige unserer Arbeiten verf\u00fcgbar. Tats\u00e4chlich ist es aufgrund vertraglicher und vertraulicher Angelegenheiten erforderlich, das Know-how unserer Kunden zu sch\u00fctzen. Unser Unternehmen basiert auf spezialisiertem Wissen und einzigartigen Prozessen, die zum Schutz des Wettbewerbsvorteils auf dem Markt gesch\u00fctzt werden m\u00fcssen. Wir sorgen f\u00fcr h\u00f6chste Vertraulichkeit und Informationssicherheit, um sicherzustellen, dass der Austausch von Daten auf kontrollierte und sichere Weise erfolgt. Unsere Priorit\u00e4t ist es, nicht nur unsere Gesch\u00e4ftsgeheimnisse, sondern auch die unserer Kunden zu sch\u00fctzen, indem wir Integrit\u00e4t und Innovation in unserer Branche unterst\u00fctzen.<\/p>\t\t\t\t\t<\/div>\n\t\t\t\t\t\t<\/div>\n\t\t\t\t<\/div>\n\t\t\t\t\t\t<\/div>\n\t\t\t\t\t<\/div>\n\t\t<\/div>\n\t\t\t\t\t\t\t\t<\/div>\n\t\t\t\t\t<\/div>\n\t\t<\/section>\n\t\t\t\t<section class=\"elementor-section elementor-top-section elementor-element elementor-element-7b7bd88 elementor-section-full_width qodef-elementor-content-grid elementor-section-height-default elementor-section-height-default\" data-id=\"7b7bd88\" data-element_type=\"section\" data-settings=\"{&quot;background_background&quot;:&quot;classic&quot;}\">\n\t\t\t\t\t\t<div class=\"elementor-container elementor-column-gap-no\">\n\t\t\t\t\t\t\t<div class=\"elementor-row\">\n\t\t\t\t\t<div class=\"elementor-column elementor-col-100 elementor-top-column elementor-element elementor-element-84aa1d9\" data-id=\"84aa1d9\" data-element_type=\"column\">\n\t\t\t<div class=\"elementor-column-wrap elementor-element-populated\">\n\t\t\t\t\t\t\t<div class=\"elementor-widget-wrap\">\n\t\t\t\t\t\t<div class=\"elementor-element elementor-element-90bf0ad elementor-widget elementor-widget-globefarer_core_divided_image_info\" data-id=\"90bf0ad\" data-element_type=\"widget\" data-widget_type=\"globefarer_core_divided_image_info.default\">\n\t\t\t\t<div class=\"elementor-widget-container\">\n\t\t\t<div class=\"qodef-shortcode qodef-m  qodef-divided-image-info qodef-layout--image-right qodef-separator--on qodef-vertically-centered--on qodef-breakpoint--1024 qodef-appear-animation--no \">\n\t<div class=\"qodef-m-content\" style=\"margin-top: 0px;padding-left: 0px;padding-right: 4%\">\n\t\t\t<h2 itemprop=\"name\" class=\"qodef-m-title\" style=\"margin-bottom: 29px\">\n\tProdukte\t<\/h2>\n\t<p class=\"qodef-m-text\" >\n\t\tUnser technisches Team arbeitet eng mit Kunden zusammen und begleitet sie von der Designphase bis zur Erstellung des endg\u00fcltigen Produkts. Wir bieten eine Vielzahl von Artikeln an, darunter:\t<\/p>\n<\/div>\n\t<div class=\"qodef-m-image\" style=\"width: 50%;padding-left: 5.8%;padding-right: 0px\">\n\t\t<img fetchpriority=\"high\" decoding=\"async\" width=\"1920\" height=\"1196\" src=\"https:\/\/www.guarnibeta.net\/wp-content\/uploads\/2023\/12\/DSC01191-1.jpg\" class=\"attachment-full size-full\" alt=\"\" srcset=\"https:\/\/www.guarnibeta.net\/wp-content\/uploads\/2023\/12\/DSC01191-1.jpg 1920w, https:\/\/www.guarnibeta.net\/wp-content\/uploads\/2023\/12\/DSC01191-1-300x187.jpg 300w, https:\/\/www.guarnibeta.net\/wp-content\/uploads\/2023\/12\/DSC01191-1-1024x638.jpg 1024w, https:\/\/www.guarnibeta.net\/wp-content\/uploads\/2023\/12\/DSC01191-1-768x478.jpg 768w, https:\/\/www.guarnibeta.net\/wp-content\/uploads\/2023\/12\/DSC01191-1-1536x957.jpg 1536w, https:\/\/www.guarnibeta.net\/wp-content\/uploads\/2023\/12\/DSC01191-1-18x12.jpg 18w\" sizes=\"(max-width: 1920px) 100vw, 1920px\" \/>\t<\/div>\n<\/div>\n\t\t<\/div>\n\t\t\t\t<\/div>\n\t\t\t\t\t\t<\/div>\n\t\t\t\t\t<\/div>\n\t\t<\/div>\n\t\t\t\t\t\t\t\t<\/div>\n\t\t\t\t\t<\/div>\n\t\t<\/section>\n\t\t\t\t<section class=\"elementor-section elementor-top-section elementor-element elementor-element-2fefa31 elementor-section-full_width qodef-elementor-content-grid elementor-section-height-default elementor-section-height-default\" data-id=\"2fefa31\" data-element_type=\"section\" data-settings=\"{&quot;background_background&quot;:&quot;classic&quot;}\">\n\t\t\t\t\t\t<div class=\"elementor-container elementor-column-gap-no\">\n\t\t\t\t\t\t\t<div class=\"elementor-row\">\n\t\t\t\t\t<div class=\"elementor-column elementor-col-100 elementor-top-column elementor-element elementor-element-81a5ed8\" data-id=\"81a5ed8\" data-element_type=\"column\">\n\t\t\t<div class=\"elementor-column-wrap elementor-element-populated\">\n\t\t\t\t\t\t\t<div class=\"elementor-widget-wrap\">\n\t\t\t\t\t\t<div class=\"elementor-element elementor-element-8ae4044 elementor-widget elementor-widget-globefarer_core_divided_image_info\" data-id=\"8ae4044\" data-element_type=\"widget\" data-widget_type=\"globefarer_core_divided_image_info.default\">\n\t\t\t\t<div class=\"elementor-widget-container\">\n\t\t\t<div class=\"qodef-shortcode qodef-m  qodef-divided-image-info qodef-layout--image-left qodef-separator--on qodef-vertically-centered--on qodef-breakpoint--1024 qodef-appear-animation--no \">\n\t\t<div class=\"qodef-m-image\" style=\"width: 50%;padding-right: 5.8%\">\n\t\t<img decoding=\"async\" width=\"1920\" height=\"1280\" src=\"https:\/\/www.guarnibeta.net\/wp-content\/uploads\/2023\/12\/DSC01178-1.jpg\" class=\"attachment-full size-full\" alt=\"\" srcset=\"https:\/\/www.guarnibeta.net\/wp-content\/uploads\/2023\/12\/DSC01178-1.jpg 1920w, https:\/\/www.guarnibeta.net\/wp-content\/uploads\/2023\/12\/DSC01178-1-300x200.jpg 300w, https:\/\/www.guarnibeta.net\/wp-content\/uploads\/2023\/12\/DSC01178-1-1024x683.jpg 1024w, https:\/\/www.guarnibeta.net\/wp-content\/uploads\/2023\/12\/DSC01178-1-768x512.jpg 768w, https:\/\/www.guarnibeta.net\/wp-content\/uploads\/2023\/12\/DSC01178-1-1536x1024.jpg 1536w, https:\/\/www.guarnibeta.net\/wp-content\/uploads\/2023\/12\/DSC01178-1-18x12.jpg 18w\" sizes=\"(max-width: 1920px) 100vw, 1920px\" \/>\t<\/div>\n<div class=\"qodef-m-content\" style=\"margin-top: 0px;padding-left: 4%;padding-right: 0px\">\n\t\t\t<h2 itemprop=\"name\" class=\"qodef-m-title\" style=\"margin-bottom: 29px\">\n\tGummi\t<\/h2>\n\t<p class=\"qodef-m-text\" >\n\t\tWir bieten eine Vielzahl von Gummiprodukten an, die jeweils speziell auf bestimmte Anwendungen und Anforderungen zugeschnitten sind.\t<\/p>\n\t<a class=\"qodef-shortcode qodef-m qodef-m-button qodef-button qodef-layout--textual  qodef-html--link\" href=\"https:\/\/www.guarnibeta.net\/de\/gummi\/\" target=\"_self\"  >\t\t\t<span class=\"qodef-m-button-icon\"><svg class=\"qodef-svg--plus\" xmlns=\"http:\/\/www.w3.org\/2000\/svg\" xmlns:xlink=\"http:\/\/www.w3.org\/1999\/xlink\" width=\"14\" height=\"14\" viewBox=\"0 0 14 14\"><path class=\"qodef-m-horizontal\" d=\"M0,0H14V2H0Z\" transform=\"translate(0 6)\" \/><path class=\"qodef-m-vertical\" d=\"M0,0H2V14H0Z\" transform=\"translate(6)\" \/><\/svg><\/span>\t\t\t\t<span class=\"qodef-m-button-text\">Entdecken sie die produkte<\/span>\t<\/a><\/div>\n<\/div>\n\t\t<\/div>\n\t\t\t\t<\/div>\n\t\t\t\t\t\t<\/div>\n\t\t\t\t\t<\/div>\n\t\t<\/div>\n\t\t\t\t\t\t\t\t<\/div>\n\t\t\t\t\t<\/div>\n\t\t<\/section>\n\t\t\t\t<section class=\"elementor-section elementor-top-section elementor-element elementor-element-568dbbd elementor-section-full_width qodef-elementor-content-grid elementor-section-height-default elementor-section-height-default\" data-id=\"568dbbd\" data-element_type=\"section\" data-settings=\"{&quot;background_background&quot;:&quot;classic&quot;}\">\n\t\t\t\t\t\t<div class=\"elementor-container elementor-column-gap-no\">\n\t\t\t\t\t\t\t<div class=\"elementor-row\">\n\t\t\t\t\t<div class=\"elementor-column elementor-col-100 elementor-top-column elementor-element elementor-element-d49f0f6\" data-id=\"d49f0f6\" data-element_type=\"column\">\n\t\t\t<div class=\"elementor-column-wrap elementor-element-populated\">\n\t\t\t\t\t\t\t<div class=\"elementor-widget-wrap\">\n\t\t\t\t\t\t<div class=\"elementor-element elementor-element-257d114 elementor-widget elementor-widget-globefarer_core_divided_image_info\" data-id=\"257d114\" data-element_type=\"widget\" data-widget_type=\"globefarer_core_divided_image_info.default\">\n\t\t\t\t<div class=\"elementor-widget-container\">\n\t\t\t<div class=\"qodef-shortcode qodef-m  qodef-divided-image-info qodef-layout--image-right qodef-separator--on qodef-vertically-centered--on qodef-breakpoint--1024 qodef-appear-animation--no \">\n\t<div class=\"qodef-m-content\" style=\"margin-top: 0px;padding-left: 0px;padding-right: 4%\">\n\t\t\t<h2 itemprop=\"name\" class=\"qodef-m-title\" style=\"margin-bottom: 29px\">\n\tGummi + Metall\t<\/h2>\n\t<p class=\"qodef-m-text\" >\n\t\tWir kombinieren Gummi und Metall, um Komponenten zu schaffen, die das Beste aus beiden Materialien bieten.\n\t<\/p>\n\t<a class=\"qodef-shortcode qodef-m qodef-m-button qodef-button qodef-layout--textual  qodef-html--link\" href=\"https:\/\/www.guarnibeta.net\/de\/gummi-metall\/\" target=\"_self\"  >\t\t\t<span class=\"qodef-m-button-icon\"><svg class=\"qodef-svg--plus\" xmlns=\"http:\/\/www.w3.org\/2000\/svg\" xmlns:xlink=\"http:\/\/www.w3.org\/1999\/xlink\" width=\"14\" height=\"14\" viewBox=\"0 0 14 14\"><path class=\"qodef-m-horizontal\" d=\"M0,0H14V2H0Z\" transform=\"translate(0 6)\" \/><path class=\"qodef-m-vertical\" d=\"M0,0H2V14H0Z\" transform=\"translate(6)\" \/><\/svg><\/span>\t\t\t\t<span class=\"qodef-m-button-text\">Entdecken sie die produkte<\/span>\t<\/a><\/div>\n\t<div class=\"qodef-m-image\" style=\"width: 50%;padding-left: 5.8%;padding-right: 0px\">\n\t\t<img decoding=\"async\" width=\"1920\" height=\"1270\" src=\"https:\/\/www.guarnibeta.net\/wp-content\/uploads\/2023\/12\/DSC08647.jpg\" class=\"attachment-full size-full\" alt=\"\" srcset=\"https:\/\/www.guarnibeta.net\/wp-content\/uploads\/2023\/12\/DSC08647.jpg 1920w, https:\/\/www.guarnibeta.net\/wp-content\/uploads\/2023\/12\/DSC08647-300x198.jpg 300w, https:\/\/www.guarnibeta.net\/wp-content\/uploads\/2023\/12\/DSC08647-1024x677.jpg 1024w, https:\/\/www.guarnibeta.net\/wp-content\/uploads\/2023\/12\/DSC08647-768x508.jpg 768w, https:\/\/www.guarnibeta.net\/wp-content\/uploads\/2023\/12\/DSC08647-1536x1016.jpg 1536w, https:\/\/www.guarnibeta.net\/wp-content\/uploads\/2023\/12\/DSC08647-18x12.jpg 18w\" sizes=\"(max-width: 1920px) 100vw, 1920px\" \/>\t<\/div>\n<\/div>\n\t\t<\/div>\n\t\t\t\t<\/div>\n\t\t\t\t\t\t<\/div>\n\t\t\t\t\t<\/div>\n\t\t<\/div>\n\t\t\t\t\t\t\t\t<\/div>\n\t\t\t\t\t<\/div>\n\t\t<\/section>\n\t\t\t\t<section class=\"elementor-section elementor-top-section elementor-element elementor-element-be981dc elementor-section-full_width qodef-elementor-content-grid elementor-section-height-default elementor-section-height-default\" data-id=\"be981dc\" data-element_type=\"section\" data-settings=\"{&quot;background_background&quot;:&quot;classic&quot;}\">\n\t\t\t\t\t\t<div class=\"elementor-container elementor-column-gap-no\">\n\t\t\t\t\t\t\t<div class=\"elementor-row\">\n\t\t\t\t\t<div class=\"elementor-column elementor-col-100 elementor-top-column elementor-element elementor-element-603a505\" data-id=\"603a505\" data-element_type=\"column\">\n\t\t\t<div class=\"elementor-column-wrap elementor-element-populated\">\n\t\t\t\t\t\t\t<div class=\"elementor-widget-wrap\">\n\t\t\t\t\t\t<div class=\"elementor-element elementor-element-711ae95 elementor-widget elementor-widget-globefarer_core_divided_image_info\" data-id=\"711ae95\" data-element_type=\"widget\" data-widget_type=\"globefarer_core_divided_image_info.default\">\n\t\t\t\t<div class=\"elementor-widget-container\">\n\t\t\t<div class=\"qodef-shortcode qodef-m  qodef-divided-image-info qodef-layout--image-left qodef-separator--on qodef-vertically-centered--on qodef-breakpoint--1024 qodef-appear-animation--no \">\n\t\t<div class=\"qodef-m-image\" style=\"width: 50%;padding-right: 5.8%\">\n\t\t<img loading=\"lazy\" decoding=\"async\" width=\"1920\" height=\"1263\" src=\"https:\/\/www.guarnibeta.net\/wp-content\/uploads\/2023\/12\/DSC01183-1.jpg\" class=\"attachment-full size-full\" alt=\"\" srcset=\"https:\/\/www.guarnibeta.net\/wp-content\/uploads\/2023\/12\/DSC01183-1.jpg 1920w, https:\/\/www.guarnibeta.net\/wp-content\/uploads\/2023\/12\/DSC01183-1-300x197.jpg 300w, https:\/\/www.guarnibeta.net\/wp-content\/uploads\/2023\/12\/DSC01183-1-1024x674.jpg 1024w, https:\/\/www.guarnibeta.net\/wp-content\/uploads\/2023\/12\/DSC01183-1-768x505.jpg 768w, https:\/\/www.guarnibeta.net\/wp-content\/uploads\/2023\/12\/DSC01183-1-1536x1010.jpg 1536w, https:\/\/www.guarnibeta.net\/wp-content\/uploads\/2023\/12\/DSC01183-1-18x12.jpg 18w\" sizes=\"(max-width: 1920px) 100vw, 1920px\" \/>\t<\/div>\n<div class=\"qodef-m-content\" style=\"margin-top: 0px;padding-left: 4%;padding-right: 0px\">\n\t\t\t<h2 itemprop=\"name\" class=\"qodef-m-title\" style=\"margin-bottom: 29px\">\n\tGummi + Plastik\t<\/h2>\n\t<p class=\"qodef-m-text\" >\n\t\tDie Kombination aus Gummi und Plastik bietet leichte und vielseitige L\u00f6sungen, die f\u00fcr mehrere Anwendungen geeignet sind.\t<\/p>\n\t<a class=\"qodef-shortcode qodef-m qodef-m-button qodef-button qodef-layout--textual  qodef-html--link\" href=\"https:\/\/www.guarnibeta.net\/de\/gummi-plastik\/\" target=\"_self\"  >\t\t\t<span class=\"qodef-m-button-icon\"><svg class=\"qodef-svg--plus\" xmlns=\"http:\/\/www.w3.org\/2000\/svg\" xmlns:xlink=\"http:\/\/www.w3.org\/1999\/xlink\" width=\"14\" height=\"14\" viewBox=\"0 0 14 14\"><path class=\"qodef-m-horizontal\" d=\"M0,0H14V2H0Z\" transform=\"translate(0 6)\" \/><path class=\"qodef-m-vertical\" d=\"M0,0H2V14H0Z\" transform=\"translate(6)\" \/><\/svg><\/span>\t\t\t\t<span class=\"qodef-m-button-text\">Entdecken sie die produkte<\/span>\t<\/a><\/div>\n<\/div>\n\t\t<\/div>\n\t\t\t\t<\/div>\n\t\t\t\t\t\t<\/div>\n\t\t\t\t\t<\/div>\n\t\t<\/div>\n\t\t\t\t\t\t\t\t<\/div>\n\t\t\t\t\t<\/div>\n\t\t<\/section>\n\t\t\t\t\t\t\t\t\t<\/div>\n\t\t\t<\/div>\n\t\t\t\t\t<\/div>\n\t\t","protected":false},"excerpt":{"rendered":"<p>Haftungsausschluss: Schutz von Industriegeheimnissen und Know-how Obwohl unsere Produktionskapazit\u00e4t dazu in der Lage ist, komplexe Probleme und Prozesse zu l\u00f6sen, sind auf unserer Website nur einige unserer Arbeiten verf\u00fcgbar. Tats\u00e4chlich ist es aufgrund vertraglicher und vertraulicher Angelegenheiten erforderlich, das Know-how unserer Kunden zu sch\u00fctzen. Unser Unternehmen basiert auf spezialisiertem Wissen und einzigartigen Prozessen, die zum [&hellip;]<\/p>\n","protected":false},"author":1,"featured_media":0,"parent":0,"menu_order":0,"comment_status":"closed","ping_status":"closed","template":"","meta":{"footnotes":""},"class_list":["post-10839","page","type-page","status-publish","hentry"],"yoast_head":"<!-- This site is optimized with the Yoast SEO plugin v21.8 - https:\/\/yoast.com\/wordpress\/plugins\/seo\/ -->\n<title>Produkte - Nuova Guarnibeta<\/title>\n<meta name=\"robots\" content=\"index, follow, max-snippet:-1, max-image-preview:large, max-video-preview:-1\" \/>\n<link rel=\"canonical\" href=\"https:\/\/www.guarnibeta.net\/de\/produkte\/\" \/>\n<meta property=\"og:locale\" content=\"de_DE\" \/>\n<meta property=\"og:type\" content=\"article\" \/>\n<meta property=\"og:title\" content=\"Produkte - Nuova Guarnibeta\" \/>\n<meta property=\"og:description\" content=\"Haftungsausschluss: Schutz von Industriegeheimnissen und Know-how Obwohl unsere Produktionskapazit\u00e4t dazu in der Lage ist, komplexe Probleme und Prozesse zu l\u00f6sen, sind auf unserer Website nur einige unserer Arbeiten verf\u00fcgbar. Tats\u00e4chlich ist es aufgrund vertraglicher und vertraulicher Angelegenheiten erforderlich, das Know-how unserer Kunden zu sch\u00fctzen. Unser Unternehmen basiert auf spezialisiertem Wissen und einzigartigen Prozessen, die zum [&hellip;]\" \/>\n<meta property=\"og:url\" content=\"https:\/\/www.guarnibeta.net\/de\/produkte\/\" \/>\n<meta property=\"og:site_name\" content=\"Nuova Guarnibeta\" \/>\n<meta property=\"article:modified_time\" content=\"2024-02-27T14:52:32+00:00\" \/>\n<meta property=\"og:image\" content=\"https:\/\/www.guarnibeta.net\/wp-content\/uploads\/2023\/12\/DSC01191-1.jpg\" \/>\n<meta name=\"twitter:card\" content=\"summary_large_image\" \/>\n<meta name=\"twitter:label1\" content=\"Gesch\u00e4tzte Lesezeit\" \/>\n\t<meta name=\"twitter:data1\" content=\"2\u00a0Minuten\" \/>\n<script type=\"application\/ld+json\" class=\"yoast-schema-graph\">{\"@context\":\"https:\/\/schema.org\",\"@graph\":[{\"@type\":\"WebPage\",\"@id\":\"https:\/\/www.guarnibeta.net\/de\/produkte\/\",\"url\":\"https:\/\/www.guarnibeta.net\/de\/produkte\/\",\"name\":\"Produkte - Nuova Guarnibeta\",\"isPartOf\":{\"@id\":\"https:\/\/www.guarnibeta.net\/de\/#website\"},\"datePublished\":\"2021-08-06T12:54:56+00:00\",\"dateModified\":\"2024-02-27T14:52:32+00:00\",\"breadcrumb\":{\"@id\":\"https:\/\/www.guarnibeta.net\/de\/produkte\/#breadcrumb\"},\"inLanguage\":\"de\",\"potentialAction\":[{\"@type\":\"ReadAction\",\"target\":[\"https:\/\/www.guarnibeta.net\/de\/produkte\/\"]}]},{\"@type\":\"BreadcrumbList\",\"@id\":\"https:\/\/www.guarnibeta.net\/de\/produkte\/#breadcrumb\",\"itemListElement\":[{\"@type\":\"ListItem\",\"position\":1,\"name\":\"Home\",\"item\":\"https:\/\/www.guarnibeta.net\/de\/\"},{\"@type\":\"ListItem\",\"position\":2,\"name\":\"Produkte\"}]},{\"@type\":\"WebSite\",\"@id\":\"https:\/\/www.guarnibeta.net\/de\/#website\",\"url\":\"https:\/\/www.guarnibeta.net\/de\/\",\"name\":\"Nuova Guarnibeta Srl\",\"description\":\"\",\"publisher\":{\"@id\":\"https:\/\/www.guarnibeta.net\/de\/#organization\"},\"potentialAction\":[{\"@type\":\"SearchAction\",\"target\":{\"@type\":\"EntryPoint\",\"urlTemplate\":\"https:\/\/www.guarnibeta.net\/de\/?s={search_term_string}\"},\"query-input\":\"required name=search_term_string\"}],\"inLanguage\":\"de\"},{\"@type\":\"Organization\",\"@id\":\"https:\/\/www.guarnibeta.net\/de\/#organization\",\"name\":\"Nuova Guarnibeta Srl\",\"url\":\"https:\/\/www.guarnibeta.net\/de\/\",\"logo\":{\"@type\":\"ImageObject\",\"inLanguage\":\"de\",\"@id\":\"https:\/\/www.guarnibeta.net\/de\/#\/schema\/logo\/image\/\",\"url\":\"https:\/\/www.guarnibeta.net\/wp-content\/uploads\/2023\/12\/logo-GB_2-1.jpg\",\"contentUrl\":\"https:\/\/www.guarnibeta.net\/wp-content\/uploads\/2023\/12\/logo-GB_2-1.jpg\",\"width\":566,\"height\":191,\"caption\":\"Nuova Guarnibeta Srl\"},\"image\":{\"@id\":\"https:\/\/www.guarnibeta.net\/de\/#\/schema\/logo\/image\/\"}}]}<\/script>\n<!-- \/ Yoast SEO plugin. -->","yoast_head_json":{"title":"Produkte - Nuova Guarnibeta","robots":{"index":"index","follow":"follow","max-snippet":"max-snippet:-1","max-image-preview":"max-image-preview:large","max-video-preview":"max-video-preview:-1"},"canonical":"https:\/\/www.guarnibeta.net\/de\/produkte\/","og_locale":"de_DE","og_type":"article","og_title":"Produkte - Nuova Guarnibeta","og_description":"Haftungsausschluss: Schutz von Industriegeheimnissen und Know-how Obwohl unsere Produktionskapazit\u00e4t dazu in der Lage ist, komplexe Probleme und Prozesse zu l\u00f6sen, sind auf unserer Website nur einige unserer Arbeiten verf\u00fcgbar. Tats\u00e4chlich ist es aufgrund vertraglicher und vertraulicher Angelegenheiten erforderlich, das Know-how unserer Kunden zu sch\u00fctzen. Unser Unternehmen basiert auf spezialisiertem Wissen und einzigartigen Prozessen, die zum [&hellip;]","og_url":"https:\/\/www.guarnibeta.net\/de\/produkte\/","og_site_name":"Nuova Guarnibeta","article_modified_time":"2024-02-27T14:52:32+00:00","og_image":[{"url":"https:\/\/www.guarnibeta.net\/wp-content\/uploads\/2023\/12\/DSC01191-1.jpg"}],"twitter_card":"summary_large_image","twitter_misc":{"Gesch\u00e4tzte Lesezeit":"2\u00a0Minuten"},"schema":{"@context":"https:\/\/schema.org","@graph":[{"@type":"WebPage","@id":"https:\/\/www.guarnibeta.net\/de\/produkte\/","url":"https:\/\/www.guarnibeta.net\/de\/produkte\/","name":"Produkte - Nuova Guarnibeta","isPartOf":{"@id":"https:\/\/www.guarnibeta.net\/de\/#website"},"datePublished":"2021-08-06T12:54:56+00:00","dateModified":"2024-02-27T14:52:32+00:00","breadcrumb":{"@id":"https:\/\/www.guarnibeta.net\/de\/produkte\/#breadcrumb"},"inLanguage":"de","potentialAction":[{"@type":"ReadAction","target":["https:\/\/www.guarnibeta.net\/de\/produkte\/"]}]},{"@type":"BreadcrumbList","@id":"https:\/\/www.guarnibeta.net\/de\/produkte\/#breadcrumb","itemListElement":[{"@type":"ListItem","position":1,"name":"Home","item":"https:\/\/www.guarnibeta.net\/de\/"},{"@type":"ListItem","position":2,"name":"Produkte"}]},{"@type":"WebSite","@id":"https:\/\/www.guarnibeta.net\/de\/#website","url":"https:\/\/www.guarnibeta.net\/de\/","name":"Nuova Guarnibeta Srl","description":"","publisher":{"@id":"https:\/\/www.guarnibeta.net\/de\/#organization"},"potentialAction":[{"@type":"SearchAction","target":{"@type":"EntryPoint","urlTemplate":"https:\/\/www.guarnibeta.net\/de\/?s={search_term_string}"},"query-input":"required name=search_term_string"}],"inLanguage":"de"},{"@type":"Organization","@id":"https:\/\/www.guarnibeta.net\/de\/#organization","name":"Nuova Guarnibeta Srl","url":"https:\/\/www.guarnibeta.net\/de\/","logo":{"@type":"ImageObject","inLanguage":"de","@id":"https:\/\/www.guarnibeta.net\/de\/#\/schema\/logo\/image\/","url":"https:\/\/www.guarnibeta.net\/wp-content\/uploads\/2023\/12\/logo-GB_2-1.jpg","contentUrl":"https:\/\/www.guarnibeta.net\/wp-content\/uploads\/2023\/12\/logo-GB_2-1.jpg","width":566,"height":191,"caption":"Nuova Guarnibeta Srl"},"image":{"@id":"https:\/\/www.guarnibeta.net\/de\/#\/schema\/logo\/image\/"}}]}},"_links":{"self":[{"href":"https:\/\/www.guarnibeta.net\/de\/wp-json\/wp\/v2\/pages\/10839","targetHints":{"allow":["GET"]}}],"collection":[{"href":"https:\/\/www.guarnibeta.net\/de\/wp-json\/wp\/v2\/pages"}],"about":[{"href":"https:\/\/www.guarnibeta.net\/de\/wp-json\/wp\/v2\/types\/page"}],"author":[{"embeddable":true,"href":"https:\/\/www.guarnibeta.net\/de\/wp-json\/wp\/v2\/users\/1"}],"replies":[{"embeddable":true,"href":"https:\/\/www.guarnibeta.net\/de\/wp-json\/wp\/v2\/comments?post=10839"}],"version-history":[{"count":0,"href":"https:\/\/www.guarnibeta.net\/de\/wp-json\/wp\/v2\/pages\/10839\/revisions"}],"wp:attachment":[{"href":"https:\/\/www.guarnibeta.net\/de\/wp-json\/wp\/v2\/media?parent=10839"}],"curies":[{"name":"wp","href":"https:\/\/api.w.org\/{rel}","templated":true}]}}