{"id":10807,"date":"2021-08-06T14:15:13","date_gmt":"2021-08-06T12:15:13","guid":{"rendered":"https:\/\/www.guarnibeta.net\/who-we-are\/"},"modified":"2024-02-27T15:47:52","modified_gmt":"2024-02-27T14:47:52","slug":"wer-wir-sind","status":"publish","type":"page","link":"https:\/\/www.guarnibeta.net\/de\/wer-wir-sind\/","title":{"rendered":"Wer wir sind"},"content":{"rendered":"\t\t<div data-elementor-type=\"wp-page\" data-elementor-id=\"10807\" class=\"elementor elementor-10807 elementor-2602\" data-elementor-post-type=\"page\">\n\t\t\t\t\t\t<div class=\"elementor-inner\">\n\t\t\t\t<div class=\"elementor-section-wrap\">\n\t\t\t\t\t\t\t\t\t<section class=\"elementor-section elementor-top-section elementor-element elementor-element-6126ec6 elementor-section-full_width qodef-elementor-content-grid elementor-section-height-default elementor-section-height-default\" data-id=\"6126ec6\" data-element_type=\"section\" data-settings=\"{&quot;background_background&quot;:&quot;classic&quot;}\">\n\t\t\t\t\t\t<div class=\"elementor-container elementor-column-gap-no\">\n\t\t\t\t\t\t\t<div class=\"elementor-row\">\n\t\t\t\t\t<div class=\"elementor-column elementor-col-100 elementor-top-column elementor-element elementor-element-111948d\" data-id=\"111948d\" data-element_type=\"column\">\n\t\t\t<div class=\"elementor-column-wrap elementor-element-populated\">\n\t\t\t\t\t\t\t<div class=\"elementor-widget-wrap\">\n\t\t\t\t\t\t<div class=\"elementor-element elementor-element-d1b2694 elementor-widget elementor-widget-globefarer_core_divided_image_info\" data-id=\"d1b2694\" data-element_type=\"widget\" data-widget_type=\"globefarer_core_divided_image_info.default\">\n\t\t\t\t<div class=\"elementor-widget-container\">\n\t\t\t<div class=\"qodef-shortcode qodef-m  qodef-divided-image-info qodef-layout--image-right qodef-separator--on qodef-vertically-centered--on qodef-breakpoint--1024 qodef-appear-animation--no \">\n\t<div class=\"qodef-m-content\" style=\"margin-top: 0px;padding-left: 0px;padding-right: 4%\">\n\t\t\t<h2 itemprop=\"name\" class=\"qodef-m-title\" style=\"margin-bottom: 29px\">\n\tNuova Guarnibeta\t<\/h2>\n\t<p class=\"qodef-m-text\" >\n\t\tWillkommen bei Nuova Guarnibeta, Ihrem zuverl\u00e4ssigen und kompetenten Partner f\u00fcr ma\u00dfgefertigte Dichtungen seit 1985. Unsere Geschichte begann vor mehr als drei\u00dfig Jahren und seitdem haben wir uns als unangefochtene Marktf\u00fchrer in der technischen Gummi-Spritzgussindustrie etabliert. Unsere Leidenschaft, kombiniert mit st\u00e4ndigem Engagement, hat es uns erm\u00f6glicht, Exzellenz in Produktionsprozessen und Fertigungstechniken zu erreichen, mit dem ultimativen Ziel, die Bed\u00fcrfnisse einer st\u00e4ndig wachsenden Anzahl von diversifizierten Kunden zu befriedigen.\t<\/p>\n\t<a class=\"qodef-shortcode qodef-m qodef-m-button qodef-button qodef-layout--textual  qodef-html--link\" href=\"https:\/\/www.guarnibeta.net\/de\/produkte\/\" target=\"_self\"  >\t\t\t<span class=\"qodef-m-button-icon\"><svg class=\"qodef-svg--plus\" xmlns=\"http:\/\/www.w3.org\/2000\/svg\" xmlns:xlink=\"http:\/\/www.w3.org\/1999\/xlink\" width=\"14\" height=\"14\" viewBox=\"0 0 14 14\"><path class=\"qodef-m-horizontal\" d=\"M0,0H14V2H0Z\" transform=\"translate(0 6)\" \/><path class=\"qodef-m-vertical\" d=\"M0,0H2V14H0Z\" transform=\"translate(6)\" \/><\/svg><\/span>\t\t\t\t<span class=\"qodef-m-button-text\">Entdecken sie unsere produkte<\/span>\t<\/a><\/div>\n\t<div class=\"qodef-m-image\" style=\"width: 50%;padding-left: 5.8%;padding-right: 0px\">\n\t\t<img fetchpriority=\"high\" decoding=\"async\" width=\"860\" height=\"500\" src=\"https:\/\/www.guarnibeta.net\/wp-content\/uploads\/2023\/12\/Azienda_v3.jpg\" class=\"attachment-full size-full\" alt=\"\" srcset=\"https:\/\/www.guarnibeta.net\/wp-content\/uploads\/2023\/12\/Azienda_v3.jpg 860w, https:\/\/www.guarnibeta.net\/wp-content\/uploads\/2023\/12\/Azienda_v3-300x174.jpg 300w, https:\/\/www.guarnibeta.net\/wp-content\/uploads\/2023\/12\/Azienda_v3-768x447.jpg 768w, https:\/\/www.guarnibeta.net\/wp-content\/uploads\/2023\/12\/Azienda_v3-18x10.jpg 18w\" sizes=\"(max-width: 860px) 100vw, 860px\" \/>\t<\/div>\n<\/div>\n\t\t<\/div>\n\t\t\t\t<\/div>\n\t\t\t\t\t\t<\/div>\n\t\t\t\t\t<\/div>\n\t\t<\/div>\n\t\t\t\t\t\t\t\t<\/div>\n\t\t\t\t\t<\/div>\n\t\t<\/section>\n\t\t<div class=\"elementor-element elementor-element-be24c0a e-flex e-con-boxed e-con e-parent\" data-id=\"be24c0a\" data-element_type=\"container\" data-settings=\"{&quot;content_width&quot;:&quot;boxed&quot;}\" data-core-v316-plus=\"true\">\n\t\t\t\t\t<div class=\"e-con-inner\">\n\t\t<div class=\"elementor-element elementor-element-16c1bd0 e-con-full e-flex e-con e-child\" data-id=\"16c1bd0\" data-element_type=\"container\" data-settings=\"{&quot;content_width&quot;:&quot;full&quot;}\">\n\t\t\t\t<div class=\"elementor-element elementor-element-5b5b6be elementor-widget elementor-widget-heading\" data-id=\"5b5b6be\" data-element_type=\"widget\" data-widget_type=\"heading.default\">\n\t\t\t\t<div class=\"elementor-widget-container\">\n\t\t\t<style>\/*! elementor - v3.18.0 - 06-12-2023 *\/\n.elementor-heading-title{padding:0;margin:0;line-height:1}.elementor-widget-heading .elementor-heading-title[class*=elementor-size-]>a{color:inherit;font-size:inherit;line-height:inherit}.elementor-widget-heading .elementor-heading-title.elementor-size-small{font-size:15px}.elementor-widget-heading .elementor-heading-title.elementor-size-medium{font-size:19px}.elementor-widget-heading .elementor-heading-title.elementor-size-large{font-size:29px}.elementor-widget-heading .elementor-heading-title.elementor-size-xl{font-size:39px}.elementor-widget-heading .elementor-heading-title.elementor-size-xxl{font-size:59px}<\/style><h2 class=\"elementor-heading-title elementor-size-default\">Unsere Spezialisierung<\/h2>\t\t<\/div>\n\t\t\t\t<\/div>\n\t\t\t\t<div class=\"elementor-element elementor-element-2f936ec elementor-widget elementor-widget-text-editor\" data-id=\"2f936ec\" data-element_type=\"widget\" data-widget_type=\"text-editor.default\">\n\t\t\t\t<div class=\"elementor-widget-container\">\n\t\t\t<style>\/*! elementor - v3.18.0 - 06-12-2023 *\/\n.elementor-widget-text-editor.elementor-drop-cap-view-stacked .elementor-drop-cap{background-color:#69727d;color:#fff}.elementor-widget-text-editor.elementor-drop-cap-view-framed .elementor-drop-cap{color:#69727d;border:3px solid;background-color:transparent}.elementor-widget-text-editor:not(.elementor-drop-cap-view-default) .elementor-drop-cap{margin-top:8px}.elementor-widget-text-editor:not(.elementor-drop-cap-view-default) .elementor-drop-cap-letter{width:1em;height:1em}.elementor-widget-text-editor .elementor-drop-cap{float:left;text-align:center;line-height:1;font-size:50px}.elementor-widget-text-editor .elementor-drop-cap-letter{display:inline-block}<\/style>\t\t\t\t\t<div class=\"elementor-text-editor elementor-clearfix\">\n\t\t\t\t<p>Unsere Spezialisierung liegt im Gummi-Spritzguss, sowohl durch Spritzguss als auch durch Kompression, und bietet ma\u00dfgeschneiderte L\u00f6sungen entsprechend spezifischer Kundenanforderungen. Wir arbeiten mit einer breiten Palette von Elastomeren, von den g\u00e4ngigsten (wie NBR, EPDM, SBR, NR) bis hin zu den speziellsten und besonderen (einschlie\u00dflich AEM, ACM, HNBR, VMQ, FVMQ, FKM, FFKM, LSR). Doch damit h\u00f6rt es nicht auf: Unsere Co-Spritzgussabteilung ist in der Lage, Artikel herzustellen, die Gummi und Metall oder Gummi und Kunststoff kombinieren und somit die Anpassungsm\u00f6glichkeiten weiter ausbauen.<\/p>\t\t\t\t\t<\/div>\n\t\t\t\t\t\t<\/div>\n\t\t\t\t<\/div>\n\t\t\t\t<\/div>\n\t\t<div class=\"elementor-element elementor-element-cc531d7 e-con-full e-flex e-con e-child\" data-id=\"cc531d7\" data-element_type=\"container\" data-settings=\"{&quot;content_width&quot;:&quot;full&quot;}\">\n\t\t\t\t<div class=\"elementor-element elementor-element-a08d848 elementor-widget elementor-widget-heading\" data-id=\"a08d848\" data-element_type=\"widget\" data-widget_type=\"heading.default\">\n\t\t\t\t<div class=\"elementor-widget-container\">\n\t\t\t<h2 class=\"elementor-heading-title elementor-size-default\">Expansion und Innovation<\/h2>\t\t<\/div>\n\t\t\t\t<\/div>\n\t\t\t\t<div class=\"elementor-element elementor-element-896157c elementor-widget elementor-widget-text-editor\" data-id=\"896157c\" data-element_type=\"widget\" data-widget_type=\"text-editor.default\">\n\t\t\t\t<div class=\"elementor-widget-container\">\n\t\t\t\t\t\t\t\t<div class=\"elementor-text-editor elementor-clearfix\">\n\t\t\t\t<p>Unser Weg ist gekennzeichnet von st\u00e4ndigem Wachstum und einem stets aufmerksamen Blick auf branchenbezogene Innovationen. Wir haben k\u00fcrzlich das Fl\u00fcssigsilikon-Spritzgie\u00dfen in unsere Produktion eingef\u00fchrt und somit die T\u00fcren zu neuen und aufregenden M\u00e4rkten ge\u00f6ffnet.<\/p>\t\t\t\t\t<\/div>\n\t\t\t\t\t\t<\/div>\n\t\t\t\t<\/div>\n\t\t\t\t<\/div>\n\t\t\t\t\t<\/div>\n\t\t\t\t<\/div>\n\t\t\t\t<section class=\"elementor-section elementor-top-section elementor-element elementor-element-bd65f49 elementor-section-full_width elementor-section-height-min-height qodef-elementor-content-grid elementor-section-height-default elementor-section-items-middle\" data-id=\"bd65f49\" data-element_type=\"section\" data-settings=\"{&quot;background_background&quot;:&quot;classic&quot;}\">\n\t\t\t\t\t\t\t<div class=\"elementor-background-overlay\"><\/div>\n\t\t\t\t\t\t\t<div class=\"elementor-container elementor-column-gap-no\">\n\t\t\t\t\t\t\t<div class=\"elementor-row\">\n\t\t\t\t\t<div class=\"elementor-column elementor-col-100 elementor-top-column elementor-element elementor-element-d231035\" data-id=\"d231035\" data-element_type=\"column\">\n\t\t\t<div class=\"elementor-column-wrap elementor-element-populated\">\n\t\t\t\t\t\t\t<div class=\"elementor-widget-wrap\">\n\t\t\t\t\t\t<div class=\"elementor-element elementor-element-e1d8651 elementor-widget__width-initial elementor-widget-mobile__width-inherit elementor-widget elementor-widget-globefarer_core_section_title\" data-id=\"e1d8651\" data-element_type=\"widget\" data-widget_type=\"globefarer_core_section_title.default\">\n\t\t\t\t<div class=\"elementor-widget-container\">\n\t\t\t<div class=\"qodef-shortcode qodef-m  qodef-section-title qodef-alignment--left   qodef-appear-animation--no\">\n\t\t\t<h3 class=\"qodef-m-title\" style=\"color: #FFFFFF\">\n\t\t\t\t\tBieten Sie immer den besten Service in allen Phasen: von der Entwicklung ma\u00dfgeschneiderter L\u00f6sungen \u00fcber die Bestellung bis hin zur After-Sales-Unterst\u00fctzung.\t\t\t<\/h3>\n\t\t<p class=\"qodef-m-text\" style=\"margin-top: 30px;color: #FFFFFF\">Unsere Mission<\/p>\n\t<\/div>\n\t\t<\/div>\n\t\t\t\t<\/div>\n\t\t\t\t\t\t<\/div>\n\t\t\t\t\t<\/div>\n\t\t<\/div>\n\t\t\t\t\t\t\t\t<\/div>\n\t\t\t\t\t<\/div>\n\t\t<\/section>\n\t\t<div class=\"elementor-element elementor-element-8cf9fd9 e-flex e-con-boxed e-con e-parent\" data-id=\"8cf9fd9\" data-element_type=\"container\" data-settings=\"{&quot;background_background&quot;:&quot;classic&quot;,&quot;content_width&quot;:&quot;boxed&quot;}\" data-core-v316-plus=\"true\">\n\t\t\t\t\t<div class=\"e-con-inner\">\n\t\t<div class=\"elementor-element elementor-element-306038b e-con-full e-flex e-con e-child\" data-id=\"306038b\" data-element_type=\"container\" data-settings=\"{&quot;content_width&quot;:&quot;full&quot;}\">\n\t\t\t\t<div class=\"elementor-element elementor-element-dce6eec elementor-widget elementor-widget-globefarer_core_accordion_info\" data-id=\"dce6eec\" data-element_type=\"widget\" data-widget_type=\"globefarer_core_accordion_info.default\">\n\t\t\t\t<div class=\"elementor-widget-container\">\n\t\t\t<div class=\"qodef-shortcode qodef-m  qodef-accordion-info qodef-behavior--accordion qodef-layout--extended-compact \">\n\t<div class=\"qodef-m-heading\">\n\t<\/div>\n\t<div class=\"qodef-accordion-info-inner\">\n\t\t\t\t\t\t\t\t\t\t\t\t\t<div class=\"qodef-m-navigation\">\n\t\t<h4 class=\"qodef-m-title\">\n\t\tErgebnisse und Kundenzufriedenheit\t<\/h4>\n\t<p class=\"qodef-m-tagline\">\n\t\tMit fast tausend hergestellten verschiedenen Artikeln und einer starken Pr\u00e4senz sowohl in Italien als auch in Europa\t<\/p>\n<div class=\"qodef-m-mark\">\n\t<svg class=\"qodef-svg--plus\" xmlns=\"http:\/\/www.w3.org\/2000\/svg\" xmlns:xlink=\"http:\/\/www.w3.org\/1999\/xlink\" width=\"14\" height=\"14\" viewBox=\"0 0 14 14\"><path class=\"qodef-m-horizontal\" d=\"M0,0H14V2H0Z\" transform=\"translate(0 6)\" \/><path class=\"qodef-m-vertical\" d=\"M0,0H2V14H0Z\" transform=\"translate(6)\" \/><\/svg><\/div>\n<\/div>\n<div class=\"qodef-m-content\">\n\t\t<p class=\"qodef-m-text\">\n\t\tpositioniert sich Nuova Guarnibeta als Referenzpunkt in der Welt ma\u00dfgefertigter Dichtungen. Die Zufriedenheit unserer Kunden spricht f\u00fcr sich: Wir sind ein zuverl\u00e4ssiger Partner, der Qualit\u00e4t und Kompetenz bietet.\t<\/p>\n<\/div>\n\t\t\t\t\t\t\t\t\t\t\t<div class=\"qodef-m-navigation\">\n\t\t<h4 class=\"qodef-m-title\">\n\t\tUnser Markt\t<\/h4>\n\t<p class=\"qodef-m-tagline\">\n\t\tUnsere Pr\u00e4senz auf dem Markt ist solide und gut verteilt.\t<\/p>\n<div class=\"qodef-m-mark\">\n\t<svg class=\"qodef-svg--plus\" xmlns=\"http:\/\/www.w3.org\/2000\/svg\" xmlns:xlink=\"http:\/\/www.w3.org\/1999\/xlink\" width=\"14\" height=\"14\" viewBox=\"0 0 14 14\"><path class=\"qodef-m-horizontal\" d=\"M0,0H14V2H0Z\" transform=\"translate(0 6)\" \/><path class=\"qodef-m-vertical\" d=\"M0,0H2V14H0Z\" transform=\"translate(6)\" \/><\/svg><\/div>\n<\/div>\n<div class=\"qodef-m-content\">\n\t\t<p class=\"qodef-m-text\">\n\t\tMit 40 % des Umsatzes in Italien und 60 % in Europa haben wir ein Netzwerk von Beziehungen und Kooperationen aufgebaut, das uns stolz auf die geleistete Arbeit macht.\t<\/p>\n<\/div>\n\t\t\t\t\t\t\t\t\t\t\t<div class=\"qodef-m-navigation\">\n\t\t<h4 class=\"qodef-m-title\">\n\t\tBereit zur Zusammenarbeit\t<\/h4>\n\t<p class=\"qodef-m-tagline\">\n\t\tBei Nuova Guarnibeta sind wir immer bereit, mit Ihnen zusammenzuarbeiten.\t<\/p>\n<div class=\"qodef-m-mark\">\n\t<svg class=\"qodef-svg--plus\" xmlns=\"http:\/\/www.w3.org\/2000\/svg\" xmlns:xlink=\"http:\/\/www.w3.org\/1999\/xlink\" width=\"14\" height=\"14\" viewBox=\"0 0 14 14\"><path class=\"qodef-m-horizontal\" d=\"M0,0H14V2H0Z\" transform=\"translate(0 6)\" \/><path class=\"qodef-m-vertical\" d=\"M0,0H2V14H0Z\" transform=\"translate(6)\" \/><\/svg><\/div>\n<\/div>\n<div class=\"qodef-m-content\">\n\t\t<p class=\"qodef-m-text\">\n\t\tUm Ihnen individuelle Dichtungsl\u00f6sungen zu bieten, die Ihren spefizischen Anforderungen optimal entsprechen.\t<\/p>\n<\/div>\n\t\t\t\t\t\t<\/div>\n<\/div>\n\t\t<\/div>\n\t\t\t\t<\/div>\n\t\t\t\t<\/div>\n\t\t\t\t\t<\/div>\n\t\t\t\t<\/div>\n\t\t\t\t\t\t\t\t\t<\/div>\n\t\t\t<\/div>\n\t\t\t\t\t<\/div>\n\t\t","protected":false},"excerpt":{"rendered":"<p>Nuova Guarnibeta Willkommen bei Nuova Guarnibeta, Ihrem zuverl\u00e4ssigen und kompetenten Partner f\u00fcr ma\u00dfgefertigte Dichtungen seit 1985. Unsere Geschichte begann vor mehr als drei\u00dfig Jahren und seitdem haben wir uns als unangefochtene Marktf\u00fchrer in der technischen Gummi-Spritzgussindustrie etabliert. Unsere Leidenschaft, kombiniert mit st\u00e4ndigem Engagement, hat es uns erm\u00f6glicht, Exzellenz in Produktionsprozessen und Fertigungstechniken zu erreichen, mit [&hellip;]<\/p>\n","protected":false},"author":1,"featured_media":0,"parent":0,"menu_order":0,"comment_status":"closed","ping_status":"closed","template":"page-full-width.php","meta":{"footnotes":""},"class_list":["post-10807","page","type-page","status-publish","hentry"],"yoast_head":"<!-- This site is optimized with the Yoast SEO plugin v21.8 - https:\/\/yoast.com\/wordpress\/plugins\/seo\/ -->\n<title>Wer wir sind - Nuova Guarnibeta<\/title>\n<meta name=\"robots\" content=\"index, follow, max-snippet:-1, max-image-preview:large, max-video-preview:-1\" \/>\n<link rel=\"canonical\" href=\"https:\/\/www.guarnibeta.net\/de\/wer-wir-sind\/\" \/>\n<meta property=\"og:locale\" content=\"de_DE\" \/>\n<meta property=\"og:type\" content=\"article\" \/>\n<meta property=\"og:title\" content=\"Wer wir sind - Nuova Guarnibeta\" \/>\n<meta property=\"og:description\" content=\"Nuova Guarnibeta Willkommen bei Nuova Guarnibeta, Ihrem zuverl\u00e4ssigen und kompetenten Partner f\u00fcr ma\u00dfgefertigte Dichtungen seit 1985. Unsere Geschichte begann vor mehr als drei\u00dfig Jahren und seitdem haben wir uns als unangefochtene Marktf\u00fchrer in der technischen Gummi-Spritzgussindustrie etabliert. Unsere Leidenschaft, kombiniert mit st\u00e4ndigem Engagement, hat es uns erm\u00f6glicht, Exzellenz in Produktionsprozessen und Fertigungstechniken zu erreichen, mit [&hellip;]\" \/>\n<meta property=\"og:url\" content=\"https:\/\/www.guarnibeta.net\/de\/wer-wir-sind\/\" \/>\n<meta property=\"og:site_name\" content=\"Nuova Guarnibeta\" \/>\n<meta property=\"article:modified_time\" content=\"2024-02-27T14:47:52+00:00\" \/>\n<meta property=\"og:image\" content=\"https:\/\/www.guarnibeta.net\/wp-content\/uploads\/2023\/12\/Azienda_v3.jpg\" \/>\n<meta name=\"twitter:card\" content=\"summary_large_image\" \/>\n<meta name=\"twitter:label1\" content=\"Gesch\u00e4tzte Lesezeit\" \/>\n\t<meta name=\"twitter:data1\" content=\"3\u00a0Minuten\" \/>\n<script type=\"application\/ld+json\" class=\"yoast-schema-graph\">{\"@context\":\"https:\/\/schema.org\",\"@graph\":[{\"@type\":\"WebPage\",\"@id\":\"https:\/\/www.guarnibeta.net\/de\/wer-wir-sind\/\",\"url\":\"https:\/\/www.guarnibeta.net\/de\/wer-wir-sind\/\",\"name\":\"Wer wir sind - Nuova Guarnibeta\",\"isPartOf\":{\"@id\":\"https:\/\/www.guarnibeta.net\/de\/#website\"},\"datePublished\":\"2021-08-06T12:15:13+00:00\",\"dateModified\":\"2024-02-27T14:47:52+00:00\",\"breadcrumb\":{\"@id\":\"https:\/\/www.guarnibeta.net\/de\/wer-wir-sind\/#breadcrumb\"},\"inLanguage\":\"de\",\"potentialAction\":[{\"@type\":\"ReadAction\",\"target\":[\"https:\/\/www.guarnibeta.net\/de\/wer-wir-sind\/\"]}]},{\"@type\":\"BreadcrumbList\",\"@id\":\"https:\/\/www.guarnibeta.net\/de\/wer-wir-sind\/#breadcrumb\",\"itemListElement\":[{\"@type\":\"ListItem\",\"position\":1,\"name\":\"Home\",\"item\":\"https:\/\/www.guarnibeta.net\/de\/\"},{\"@type\":\"ListItem\",\"position\":2,\"name\":\"Wer wir sind\"}]},{\"@type\":\"WebSite\",\"@id\":\"https:\/\/www.guarnibeta.net\/de\/#website\",\"url\":\"https:\/\/www.guarnibeta.net\/de\/\",\"name\":\"Nuova Guarnibeta Srl\",\"description\":\"\",\"publisher\":{\"@id\":\"https:\/\/www.guarnibeta.net\/de\/#organization\"},\"potentialAction\":[{\"@type\":\"SearchAction\",\"target\":{\"@type\":\"EntryPoint\",\"urlTemplate\":\"https:\/\/www.guarnibeta.net\/de\/?s={search_term_string}\"},\"query-input\":\"required name=search_term_string\"}],\"inLanguage\":\"de\"},{\"@type\":\"Organization\",\"@id\":\"https:\/\/www.guarnibeta.net\/de\/#organization\",\"name\":\"Nuova Guarnibeta Srl\",\"url\":\"https:\/\/www.guarnibeta.net\/de\/\",\"logo\":{\"@type\":\"ImageObject\",\"inLanguage\":\"de\",\"@id\":\"https:\/\/www.guarnibeta.net\/de\/#\/schema\/logo\/image\/\",\"url\":\"https:\/\/www.guarnibeta.net\/wp-content\/uploads\/2023\/12\/logo-GB_2-1.jpg\",\"contentUrl\":\"https:\/\/www.guarnibeta.net\/wp-content\/uploads\/2023\/12\/logo-GB_2-1.jpg\",\"width\":566,\"height\":191,\"caption\":\"Nuova Guarnibeta Srl\"},\"image\":{\"@id\":\"https:\/\/www.guarnibeta.net\/de\/#\/schema\/logo\/image\/\"}}]}<\/script>\n<!-- \/ Yoast SEO plugin. -->","yoast_head_json":{"title":"Wer wir sind - Nuova Guarnibeta","robots":{"index":"index","follow":"follow","max-snippet":"max-snippet:-1","max-image-preview":"max-image-preview:large","max-video-preview":"max-video-preview:-1"},"canonical":"https:\/\/www.guarnibeta.net\/de\/wer-wir-sind\/","og_locale":"de_DE","og_type":"article","og_title":"Wer wir sind - Nuova Guarnibeta","og_description":"Nuova Guarnibeta Willkommen bei Nuova Guarnibeta, Ihrem zuverl\u00e4ssigen und kompetenten Partner f\u00fcr ma\u00dfgefertigte Dichtungen seit 1985. Unsere Geschichte begann vor mehr als drei\u00dfig Jahren und seitdem haben wir uns als unangefochtene Marktf\u00fchrer in der technischen Gummi-Spritzgussindustrie etabliert. Unsere Leidenschaft, kombiniert mit st\u00e4ndigem Engagement, hat es uns erm\u00f6glicht, Exzellenz in Produktionsprozessen und Fertigungstechniken zu erreichen, mit [&hellip;]","og_url":"https:\/\/www.guarnibeta.net\/de\/wer-wir-sind\/","og_site_name":"Nuova Guarnibeta","article_modified_time":"2024-02-27T14:47:52+00:00","og_image":[{"url":"https:\/\/www.guarnibeta.net\/wp-content\/uploads\/2023\/12\/Azienda_v3.jpg"}],"twitter_card":"summary_large_image","twitter_misc":{"Gesch\u00e4tzte Lesezeit":"3\u00a0Minuten"},"schema":{"@context":"https:\/\/schema.org","@graph":[{"@type":"WebPage","@id":"https:\/\/www.guarnibeta.net\/de\/wer-wir-sind\/","url":"https:\/\/www.guarnibeta.net\/de\/wer-wir-sind\/","name":"Wer wir sind - Nuova Guarnibeta","isPartOf":{"@id":"https:\/\/www.guarnibeta.net\/de\/#website"},"datePublished":"2021-08-06T12:15:13+00:00","dateModified":"2024-02-27T14:47:52+00:00","breadcrumb":{"@id":"https:\/\/www.guarnibeta.net\/de\/wer-wir-sind\/#breadcrumb"},"inLanguage":"de","potentialAction":[{"@type":"ReadAction","target":["https:\/\/www.guarnibeta.net\/de\/wer-wir-sind\/"]}]},{"@type":"BreadcrumbList","@id":"https:\/\/www.guarnibeta.net\/de\/wer-wir-sind\/#breadcrumb","itemListElement":[{"@type":"ListItem","position":1,"name":"Home","item":"https:\/\/www.guarnibeta.net\/de\/"},{"@type":"ListItem","position":2,"name":"Wer wir sind"}]},{"@type":"WebSite","@id":"https:\/\/www.guarnibeta.net\/de\/#website","url":"https:\/\/www.guarnibeta.net\/de\/","name":"Nuova Guarnibeta Srl","description":"","publisher":{"@id":"https:\/\/www.guarnibeta.net\/de\/#organization"},"potentialAction":[{"@type":"SearchAction","target":{"@type":"EntryPoint","urlTemplate":"https:\/\/www.guarnibeta.net\/de\/?s={search_term_string}"},"query-input":"required name=search_term_string"}],"inLanguage":"de"},{"@type":"Organization","@id":"https:\/\/www.guarnibeta.net\/de\/#organization","name":"Nuova Guarnibeta Srl","url":"https:\/\/www.guarnibeta.net\/de\/","logo":{"@type":"ImageObject","inLanguage":"de","@id":"https:\/\/www.guarnibeta.net\/de\/#\/schema\/logo\/image\/","url":"https:\/\/www.guarnibeta.net\/wp-content\/uploads\/2023\/12\/logo-GB_2-1.jpg","contentUrl":"https:\/\/www.guarnibeta.net\/wp-content\/uploads\/2023\/12\/logo-GB_2-1.jpg","width":566,"height":191,"caption":"Nuova Guarnibeta Srl"},"image":{"@id":"https:\/\/www.guarnibeta.net\/de\/#\/schema\/logo\/image\/"}}]}},"_links":{"self":[{"href":"https:\/\/www.guarnibeta.net\/de\/wp-json\/wp\/v2\/pages\/10807","targetHints":{"allow":["GET"]}}],"collection":[{"href":"https:\/\/www.guarnibeta.net\/de\/wp-json\/wp\/v2\/pages"}],"about":[{"href":"https:\/\/www.guarnibeta.net\/de\/wp-json\/wp\/v2\/types\/page"}],"author":[{"embeddable":true,"href":"https:\/\/www.guarnibeta.net\/de\/wp-json\/wp\/v2\/users\/1"}],"replies":[{"embeddable":true,"href":"https:\/\/www.guarnibeta.net\/de\/wp-json\/wp\/v2\/comments?post=10807"}],"version-history":[{"count":0,"href":"https:\/\/www.guarnibeta.net\/de\/wp-json\/wp\/v2\/pages\/10807\/revisions"}],"wp:attachment":[{"href":"https:\/\/www.guarnibeta.net\/de\/wp-json\/wp\/v2\/media?parent=10807"}],"curies":[{"name":"wp","href":"https:\/\/api.w.org\/{rel}","templated":true}]}}